{"id":14992,"date":"2020-10-16T18:54:42","date_gmt":"2020-10-16T23:54:42","guid":{"rendered":"https:\/\/defabrica.com.mx\/defabrica\/?post_type=product&#038;p=14992"},"modified":"2023-04-27T18:38:52","modified_gmt":"2023-04-27T23:38:52","slug":"14992","status":"publish","type":"product","link":"https:\/\/defabrica.com.mx\/defabrica\/producto\/14992\/","title":{"rendered":"Kit Joby GorillaPod 3K PRO, con cabezal esf\u00e9rico y placa QR"},"content":{"rendered":"<p>JOBY GORILLAPOD 3K PRO KIT ..\u00a0<b>Tr\u00edpode flexible de aluminio mecanizado de grado profesional para c\u00e1maras sin espejo de alta calidad.<\/b><\/p>\n<p>Nuestro tr\u00edpode GorillaPod de \u00faltimo dise\u00f1o con cabezal de bola capaz de contener 3 kg de c\u00e1mara o accesorios.<\/p>\n<p>El GorillaPod serio para usuarios premium de c\u00e1maras sin espejo.\u00a0Este nuevo dise\u00f1o con enchufes mecanizados por CNC y BallHead compatible con Arca Swiss establece un nuevo est\u00e1ndar para los creadores de contenido que utilizan el hardware y las t\u00e9cnicas m\u00e1s recientes.\u00a0Ag\u00e1rrelo, envu\u00e9lvalo y col\u00f3quelo con soporte para c\u00e1maras sin espejo premium u otros accesorios de hasta 3 kg (6,6 libras).<\/p>\n<h3>Caracteristicas<\/h3>\n<ul>\n<li>La poderosa combinaci\u00f3n del nuevo soporte GorillaPod 3K PRO y BallHead 3K PRO<\/li>\n<li>Dise\u00f1ado para sujetar, envolver y colocar de forma segura el \u00faltimo hardware de c\u00e1mara de hasta 3 k<\/li>\n<li>Estable y duradera La construcci\u00f3n de aluminio anodizado ofrece un posicionamiento seguro en terrenos desafiantes<\/li>\n<li>\u00a0Nuevo cabezal compacto compatible con Arca-Swiss dise\u00f1ado para emparejarse perfectamente con las \u00faltimas c\u00e1maras sin espejo con huellas generales m\u00e1s peque\u00f1as<\/li>\n<li>Panor\u00e1mica precisa de 360 \u200b\u200bgrados e inclinaci\u00f3n de 90 grados para colocar la c\u00e1mara en pr\u00e1cticamente cualquier \u00e1ngulo y cambie entre retrato y paisaje con facilida<\/li>\n<li>Construcci\u00f3n modular y vers\u00e1til que permite el montaje de luces, micr\u00f3fonos, monitores, etc. de hasta 3 k<\/li>\n<li>Acepta el kit de actualizaci\u00f3n GorillaPod Rig (disponible por separado)<\/li>\n<li>Grip It, Wrap It, Stand Eso<\/li>\n<\/ul>\n","protected":false},"excerpt":{"rendered":"<p>JOBY GORILLAPOD 3K PRO KIT ..\u00a0Tr\u00edpode flexible de aluminio mecanizado de grado profesional para c\u00e1maras sin espejo de alta calidad. Nuestro tr\u00edpode GorillaPod de \u00faltimo dise\u00f1o con cabezal de bola<\/p>\n","protected":false},"featured_media":14995,"comment_status":"open","ping_status":"closed","template":"","meta":{"_acf_changed":false,"_joinchat":[]},"product_brand":[],"product_cat":[442,450,456,452],"product_tag":[],"class_list":{"0":"post-14992","1":"product","2":"type-product","3":"status-publish","4":"has-post-thumbnail","6":"product_cat-camaras","7":"product_cat-accesorios-camaras","8":"product_cat-todos-los-accesorios-de-camaras","9":"product_cat-tripies-monopies-estabilizadores","11":"first","12":"instock","13":"sale","14":"shipping-taxable","15":"purchasable","16":"product-type-simple"},"acf":[],"_links":{"self":[{"href":"https:\/\/defabrica.com.mx\/defabrica\/wp-json\/wp\/v2\/product\/14992","targetHints":{"allow":["GET"]}}],"collection":[{"href":"https:\/\/defabrica.com.mx\/defabrica\/wp-json\/wp\/v2\/product"}],"about":[{"href":"https:\/\/defabrica.com.mx\/defabrica\/wp-json\/wp\/v2\/types\/product"}],"replies":[{"embeddable":true,"href":"https:\/\/defabrica.com.mx\/defabrica\/wp-json\/wp\/v2\/comments?post=14992"}],"wp:featuredmedia":[{"embeddable":true,"href":"https:\/\/defabrica.com.mx\/defabrica\/wp-json\/wp\/v2\/media\/14995"}],"wp:attachment":[{"href":"https:\/\/defabrica.com.mx\/defabrica\/wp-json\/wp\/v2\/media?parent=14992"}],"wp:term":[{"taxonomy":"product_brand","embeddable":true,"href":"https:\/\/defabrica.com.mx\/defabrica\/wp-json\/wp\/v2\/product_brand?post=14992"},{"taxonomy":"product_cat","embeddable":true,"href":"https:\/\/defabrica.com.mx\/defabrica\/wp-json\/wp\/v2\/product_cat?post=14992"},{"taxonomy":"product_tag","embeddable":true,"href":"https:\/\/defabrica.com.mx\/defabrica\/wp-json\/wp\/v2\/product_tag?post=14992"}],"curies":[{"name":"wp","href":"https:\/\/api.w.org\/{rel}","templated":true}]}}