{"id":14974,"date":"2020-10-16T18:14:00","date_gmt":"2020-10-16T23:14:00","guid":{"rendered":"https:\/\/defabrica.com.mx\/defabrica\/?post_type=product&#038;p=14974"},"modified":"2023-01-28T10:43:29","modified_gmt":"2023-01-28T16:43:29","slug":"tarjeta-de-memoria-sandisk-imagemate-plus-microsdxc-uhs-1-de-128-gb-con-adaptador-c10-u1-v10-full-hd-a1-tarjeta-micro-sd-sdsqub3-128g-awcka","status":"publish","type":"product","link":"https:\/\/defabrica.com.mx\/defabrica\/producto\/tarjeta-de-memoria-sandisk-imagemate-plus-microsdxc-uhs-1-de-128-gb-con-adaptador-c10-u1-v10-full-hd-a1-tarjeta-micro-sd-sdsqub3-128g-awcka\/","title":{"rendered":"Tarjeta de memoria SanDisk ImageMate Plus microSDXC UHS-1 de 128 GB con adaptador &#8211; C10, U1, V10, Full HD, A1 Tarjeta Micro SD &#8211; SDSQUB3-128G-AWCKA"},"content":{"rendered":"<p>Las tarjetas SanDisk ImageMate PLUS MicroSDXC y MicroSDHC son r\u00e1pidas para obtener mejores im\u00e1genes, rendimiento de aplicaciones y video Full HD.\u00a0Ideales para tel\u00e9fonos inteligentes y tabletas Android, estas tarjetas con clasificaci\u00f3n A1 cargan aplicaciones m\u00e1s r\u00e1pido para una mejor experiencia de tel\u00e9fono inteligente.\u00a0Con 128 GB, tiene la capacidad de tomar m\u00e1s fotograf\u00edas y videos Full HD y capturar la vida al m\u00e1ximo.\u00a0Construidas para funcionar en condiciones adversas, las tarjetas SanDisk ImageMate PLUS MicroSD son resistentes al agua, a la temperatura, a los golpes y a los rayos X.\u00a0La tarjeta MicroSD tambi\u00e9n tiene una clasificaci\u00f3n de Clase 10 para el rendimiento de grabaci\u00f3n de video Full HD y una garant\u00eda limitada de por vida del fabricante.<\/p>\n<p><b>Tarjeta de memoria SanDisk ImageMate Plus MicroSDXC UHS-1 de 128 GB con adaptador &#8211; C10, U1, V10, Full HD, A1 Tarjeta Micro SD &#8211; SDSQUB3-128G-AWCKA<\/b><\/p>\n<ul>\n<li>Ideal para tel\u00e9fonos inteligentes y tabletas basados \u200b\u200ben Android<\/li>\n<li>Calificaci\u00f3n A1 para un rendimiento de la aplicaci\u00f3n m\u00e1s r\u00e1pido y velocidad UHS de clase U1 y velocidad de clase 10 para grabaci\u00f3n y reproducci\u00f3n de video Full HD<\/li>\n<li>A prueba de golpes, a prueba de temperatura, impermeable y a prueba de rayos X<\/li>\n<li>Incluye suscripci\u00f3n de recuperaci\u00f3n de archivos de un a\u00f1o a RescuePRO Deluxe<\/li>\n<li>Garant\u00eda limitada de por vida del fabricante<\/li>\n<\/ul>\n","protected":false},"excerpt":{"rendered":"<p>Las tarjetas SanDisk ImageMate PLUS MicroSDXC y MicroSDHC son r\u00e1pidas para obtener mejores im\u00e1genes, rendimiento de aplicaciones y video Full HD.\u00a0Ideales para tel\u00e9fonos inteligentes y tabletas Android, estas tarjetas con<\/p>\n","protected":false},"featured_media":14986,"comment_status":"open","ping_status":"closed","template":"","meta":{"_acf_changed":false,"_joinchat":[]},"product_brand":[],"product_cat":[442,450,451,456],"product_tag":[],"class_list":{"0":"post-14974","1":"product","2":"type-product","3":"status-publish","4":"has-post-thumbnail","6":"product_cat-camaras","7":"product_cat-accesorios-camaras","8":"product_cat-tarjetas-de-memoria","9":"product_cat-todos-los-accesorios-de-camaras","11":"first","12":"instock","13":"sale","14":"shipping-taxable","15":"purchasable","16":"product-type-simple"},"acf":[],"_links":{"self":[{"href":"https:\/\/defabrica.com.mx\/defabrica\/wp-json\/wp\/v2\/product\/14974","targetHints":{"allow":["GET"]}}],"collection":[{"href":"https:\/\/defabrica.com.mx\/defabrica\/wp-json\/wp\/v2\/product"}],"about":[{"href":"https:\/\/defabrica.com.mx\/defabrica\/wp-json\/wp\/v2\/types\/product"}],"replies":[{"embeddable":true,"href":"https:\/\/defabrica.com.mx\/defabrica\/wp-json\/wp\/v2\/comments?post=14974"}],"wp:featuredmedia":[{"embeddable":true,"href":"https:\/\/defabrica.com.mx\/defabrica\/wp-json\/wp\/v2\/media\/14986"}],"wp:attachment":[{"href":"https:\/\/defabrica.com.mx\/defabrica\/wp-json\/wp\/v2\/media?parent=14974"}],"wp:term":[{"taxonomy":"product_brand","embeddable":true,"href":"https:\/\/defabrica.com.mx\/defabrica\/wp-json\/wp\/v2\/product_brand?post=14974"},{"taxonomy":"product_cat","embeddable":true,"href":"https:\/\/defabrica.com.mx\/defabrica\/wp-json\/wp\/v2\/product_cat?post=14974"},{"taxonomy":"product_tag","embeddable":true,"href":"https:\/\/defabrica.com.mx\/defabrica\/wp-json\/wp\/v2\/product_tag?post=14974"}],"curies":[{"name":"wp","href":"https:\/\/api.w.org\/{rel}","templated":true}]}}