{"id":14944,"date":"2020-10-15T23:43:14","date_gmt":"2020-10-16T04:43:14","guid":{"rendered":"https:\/\/defabrica.com.mx\/defabrica\/?post_type=product&#038;p=14944"},"modified":"2022-11-30T14:48:44","modified_gmt":"2022-11-30T20:48:44","slug":"microsoft-surface-go-2-pantalla-tactil-de-105-intel-pentium-gold-8-gb-128-gb-de-almacenamiento-platinum","status":"publish","type":"product","link":"https:\/\/defabrica.com.mx\/defabrica\/producto\/microsoft-surface-go-2-pantalla-tactil-de-105-intel-pentium-gold-8-gb-128-gb-de-almacenamiento-platinum\/","title":{"rendered":"Microsoft &#8211; Surface Go 2 &#8211; Pantalla t\u00e1ctil de 10,5 \u00ab- Intel Pentium Gold &#8211; 8 GB &#8211; 128 GB de almacenamiento &#8211; Platinum"},"content":{"rendered":"<div>\n<div>Tu compa\u00f1ero perfecto para el d\u00eda a d\u00eda.\u00a0El nuevo Surface Go 2 de 10,5 \u00abes perfecto para mantener el ritmo y relajarse: ofrece portabilidad de tableta con versatilidad de port\u00e1til, bater\u00eda de larga duraci\u00f3n, una pantalla t\u00e1ctil impresionante y seguridad de Windows para toda la familia. Navegue, compre y administre el correo electr\u00f3nico con facilidad, rel\u00e1jese con tus programas de TV favoritos y mucho m\u00e1s.<\/div>\n<\/div>\n<div><\/div>\n<h3><\/h3>\n<h3 class=\"heading-5 v-fw-regular feature-heading\"><strong>Caracter\u00edsticas<\/strong><\/h3>\n<ul>\n<li><strong>Perfectamente port\u00e1til<\/strong><br \/>\nA partir de solo 1,2 libras (sin incluir la funda con teclado *) y con una nueva pantalla t\u00e1ctil de 10,5 \u00ab.<\/li>\n<li><strong>Tu compa\u00f1ero r\u00e1pido y diario<\/strong><br \/>\nPara navegar, comprar, enviar correos electr\u00f3nicos, hacer tareas y m\u00e1s, con una duraci\u00f3n de la bater\u00eda de hasta 10 horas.\u00b9 Y carga tu Surface Go del 2 al 80% en menos de 1,5 horas.\u2074<\/li>\n<li><strong>Mantente conectado<\/strong><br \/>\nIncluye puerto USB-C \u2122 y conector para auriculares. Las c\u00e1maras frontal y trasera Full HD le permiten hacer llamadas claras y n\u00edtidas a amigos y familiares, o tomar y compartir excelentes fotos.<\/li>\n<li><strong>Vuelva al correo electr\u00f3nico o la tarea m\u00e1s r\u00e1pido<\/strong><br \/>\nIncluye encendido instant\u00e1neo cuando abre la cubierta con teclado * y encuentra la energ\u00eda que necesita gracias al modo de espera mejorado que extiende la vida \u00fatil de la bater\u00eda cuando no est\u00e1.<\/li>\n<li><strong>Navega, juega y mira en exceso<\/strong><br \/>\nUna pantalla PixelSense \u2122 de 10,5 \u00abm\u00e1s grande con resoluci\u00f3n mejorada de 220ppi est\u00e1 dise\u00f1ada para ser vista, tocada y escrita.<\/li>\n<li><strong>Sonido premium con volumen claro y potente<\/strong><br \/>\nIncluye Dolby\u00ae Audio \u2122 integrado, perfecto para escuchar m\u00fasica y audiolibros y transmitir sus programas favoritos.<\/li>\n<li><strong>Las videollamadas y las reuniones virtuales cobran vida<\/strong><br \/>\nCon audio y video espectaculares con micr\u00f3fonos de estudio de campo lejano, sonido Dolby\u00ae Audio \u2122 y c\u00e1maras HD.<\/li>\n<li><strong>Oficina en casa, mesa de cocina o sof\u00e1 de la sala de estar, elija la forma en que trabaja mejor.<\/strong><br \/>\nModo port\u00e1til<br \/>\nTrabaje de manera inteligente: conecte la funda con teclado Signature Surface Go * para una excelente experiencia de escritura cuando y donde la necesite.<\/li>\n<li><strong>Modo tableta<\/strong><br \/>\nSimplemente escriba: tome notas y complete la tarea directamente en la pantalla.<\/li>\n<li><strong>Modo estudio<\/strong><br \/>\nExpr\u00e9sate: ajusta el soporte integrado para establecer el \u00e1ngulo perfecto para dibujar, dibujar y colorear con Surface Pen. *<\/li>\n<li><strong>Sin problemas, seguro y protegido<\/strong><br \/>\nCompartir Surface Go 2 con su familia es sencillo y seguro, con l\u00edmites de tiempo de pantalla administrados por los padres, control de gastos y filtrado de contenido, adem\u00e1s de mucho espacio para fotos, videos y m\u00fasica.<\/li>\n<li><strong>Tranquilidad con las Windows que conoce<\/strong><br \/>\nViene con Windows 10 Home en modo S, \u00b3 que incluye seguridad verificada por Microsoft, Windows Defender, controles parentales y soporte de clase mundial.<\/li>\n<li><strong>Actividades perfectas para toda la familia, respaldadas de forma segura con OneDrive.<\/strong><br \/>\nAnote ideas, escriba art\u00edculos, ayude con la tarea, cree y practique presentaciones, y mant\u00e9ngalo organizado en todos sus dispositivos.<\/li>\n<li><strong>* Algunos accesorios y software se venden por separado.<\/strong><\/li>\n<li><strong>\u00b9 Surface Go 2: hasta 10 horas de duraci\u00f3n de la bater\u00eda seg\u00fan el uso t\u00edpico del dispositivo Surface. Pruebas realizadas por Microsoft en febrero de 2020 utilizando software de preproducci\u00f3n y configuraciones de preproducci\u00f3n de Surface Go 2.<\/strong><\/li>\n<li>Las pruebas consistieron en la descarga total de la bater\u00eda con una combinaci\u00f3n de uso activo y modo de espera moderno.<\/li>\n<li><\/li>\n<\/ul>\n<div class=\"feature-body-container\">\n<div class=\"features-list-container\">\n<div class=\"features-list all-features\">\n<div class=\"list-row\">\n<div class=\"header-container header-lv\">\n<h3 class=\"heading-5 v-fw-regular\">Qu\u00e9 est\u00e1 incluido<\/h3>\n<\/div>\n<div class=\"list-container list-lv\">\n<ul class=\" bold\">\n<li class=\"bold v-fw-medium body-copy\">Microsoft Surface Go 2 &#8211; Pantalla t\u00e1ctil de 10,5 \u00ab- Almacenamiento de 128 GB<\/li>\n<li class=\"bold v-fw-medium body-copy\">Fuente de alimentaci\u00f3n<\/li>\n<li class=\"bold v-fw-medium body-copy\">Documentos de seguridad y garant\u00eda<\/li>\n<\/ul>\n<\/div>\n<\/div>\n<\/div>\n<\/div>\n<\/div>\n","protected":false},"excerpt":{"rendered":"<p>Tu compa\u00f1ero perfecto para el d\u00eda a d\u00eda.\u00a0El nuevo Surface Go 2 de 10,5 \u00abes perfecto para mantener el ritmo y relajarse: ofrece portabilidad de tableta con versatilidad de port\u00e1til,<\/p>\n","protected":false},"featured_media":62817,"comment_status":"open","ping_status":"closed","template":"","meta":{"_acf_changed":false,"_joinchat":[]},"product_brand":[],"product_cat":[408,409,258,410],"product_tag":[],"class_list":{"0":"post-14944","1":"product","2":"type-product","3":"status-publish","4":"has-post-thumbnail","6":"product_cat-celulares-y-tablets","7":"product_cat-tablets-y-ipad","8":"product_cat-microsoft-surface","9":"product_cat-todas-las-tablets","11":"first","12":"instock","13":"sale","14":"shipping-taxable","15":"purchasable","16":"product-type-simple"},"acf":[],"_links":{"self":[{"href":"https:\/\/defabrica.com.mx\/defabrica\/wp-json\/wp\/v2\/product\/14944","targetHints":{"allow":["GET"]}}],"collection":[{"href":"https:\/\/defabrica.com.mx\/defabrica\/wp-json\/wp\/v2\/product"}],"about":[{"href":"https:\/\/defabrica.com.mx\/defabrica\/wp-json\/wp\/v2\/types\/product"}],"replies":[{"embeddable":true,"href":"https:\/\/defabrica.com.mx\/defabrica\/wp-json\/wp\/v2\/comments?post=14944"}],"wp:featuredmedia":[{"embeddable":true,"href":"https:\/\/defabrica.com.mx\/defabrica\/wp-json\/wp\/v2\/media\/62817"}],"wp:attachment":[{"href":"https:\/\/defabrica.com.mx\/defabrica\/wp-json\/wp\/v2\/media?parent=14944"}],"wp:term":[{"taxonomy":"product_brand","embeddable":true,"href":"https:\/\/defabrica.com.mx\/defabrica\/wp-json\/wp\/v2\/product_brand?post=14944"},{"taxonomy":"product_cat","embeddable":true,"href":"https:\/\/defabrica.com.mx\/defabrica\/wp-json\/wp\/v2\/product_cat?post=14944"},{"taxonomy":"product_tag","embeddable":true,"href":"https:\/\/defabrica.com.mx\/defabrica\/wp-json\/wp\/v2\/product_tag?post=14944"}],"curies":[{"name":"wp","href":"https:\/\/api.w.org\/{rel}","templated":true}]}}