{"id":14876,"date":"2020-10-15T21:45:19","date_gmt":"2020-10-16T02:45:19","guid":{"rendered":"https:\/\/defabrica.com.mx\/defabrica\/?post_type=product&#038;p=14876"},"modified":"2023-01-21T10:41:00","modified_gmt":"2023-01-21T16:41:00","slug":"ipad-pro-2020-de-11-pulgadas-con-wi-fi-de-256-gb-de-apple-gris-espacial","status":"publish","type":"product","link":"https:\/\/defabrica.com.mx\/defabrica\/producto\/ipad-pro-2020-de-11-pulgadas-con-wi-fi-de-256-gb-de-apple-gris-espacial\/","title":{"rendered":"IPad Pro (2020) de 11 pulgadas con Wi-Fi de 256 GB de Apple &#8211; Gris espacial"},"content":{"rendered":"<p>Este es el nuevo iPad Pro.\u00a0Tiene la pantalla m\u00f3vil m\u00e1s avanzada del mundo.\u00a0Tiene c\u00e1maras profesionales que pueden transformar la realidad.\u00a0Es tan r\u00e1pido que la mayor\u00eda de las computadoras port\u00e1tiles no pueden ponerse al d\u00eda.\u00a0Y puede usarlo con el toque, el l\u00e1piz, el teclado y ahora el mouse o el trackpad.<\/p>\n<h3 class=\"heading-5 v-fw-regular feature-heading\"><strong>Caracter\u00edsticas<\/strong><\/h3>\n<div class=\"feature-body-container\">\n<div class=\"features-list-container\">\n<div class=\"features-list all-features\">\n<div class=\"list-row\"><\/div>\n<\/div>\n<\/div>\n<\/div>\n<ul style=\"font-weight: 400;\">\n<li>Pantalla Liquid Retina de borde a borde de 11 \u00abcon ProMotion, True Tone y color ancho P3\u00b9<\/li>\n<li>Chip bi\u00f3nico A12Z con motor neuronal<\/li>\n<li>C\u00e1mara ancha de 12.0MP, c\u00e1mara ultra ancha de 10.0MP y esc\u00e1ner LiDAR<\/li>\n<li>C\u00e1mara frontal TrueDepth de 7.0MP<\/li>\n<li>Face ID para autenticaci\u00f3n segura y Apple Pay<\/li>\n<li>Audio de cuatro bocinas y cinco micr\u00f3fonos con calidad de estudio<\/li>\n<li>802.11ax Wi-Fi 6<\/li>\n<li>Hasta 10 horas de duraci\u00f3n de la bater\u00eda\u00b3<\/li>\n<li>Conector USB-C para carga y accesorios<\/li>\n<li>Compatibilidad con Magic Keyboard, Smart Keyboard Folio y Apple Pencil\u00b2<\/li>\n<li>iPadOS con multitarea intuitiva y todas las excelentes funciones de iOS 13<\/li>\n<li>Especificaciones clave<\/li>\n<li>Pantalla Liquid Retina de borde a borde de 11 \u00abcon ProMotion, True Tone y color ancho P3\u00b9<\/li>\n<li>Chip bi\u00f3nico A12Z con motor neuronal<\/li>\n<li>C\u00e1mara ancha de 12.0MP, c\u00e1mara ultra ancha de 10.0MP y esc\u00e1ner LiDAR<\/li>\n<li>C\u00e1mara frontal TrueDepth de 7.0MP<\/li>\n<li>Face ID para autenticaci\u00f3n segura y Apple Pay<\/li>\n<li>Audio de cuatro bocinas y cinco micr\u00f3fonos con calidad de estudio<\/li>\n<li>802.11ax Wi-Fi 6<\/li>\n<li>Hasta 10 horas de duraci\u00f3n de la bater\u00eda\u00b3<\/li>\n<li>Conector USB-C para carga y accesorios<\/li>\n<li>Compatibilidad con Magic Keyboard, Smart Keyboard Folio y Apple Pencil\u00b2<\/li>\n<li>iPadOS con multitarea intuitiva y todas las excelentes funciones de iOS 13<\/li>\n<li>Dimensi\u00f3n<\/li>\n<li>Altura del producto: 9,74 pulgadas<\/li>\n<li>Ancho del producto: 7.02 pulgadas<\/li>\n<li>Profundidad del producto: 0,23 pulgadas<\/li>\n<li>Peso del producto: 16.6 onzas<\/li>\n<li>Resoluci\u00f3n de pantalla: 2388 x 1668<\/li>\n<\/ul>\n","protected":false},"excerpt":{"rendered":"<p>Este es el nuevo iPad Pro.\u00a0Tiene la pantalla m\u00f3vil m\u00e1s avanzada del mundo.\u00a0Tiene c\u00e1maras profesionales que pueden transformar la realidad.\u00a0Es tan r\u00e1pido que la mayor\u00eda de las computadoras port\u00e1tiles no<\/p>\n","protected":false},"featured_media":14879,"comment_status":"open","ping_status":"closed","template":"","meta":{"_acf_changed":false,"_joinchat":[]},"product_brand":[],"product_cat":[408,409,256,410],"product_tag":[],"class_list":{"0":"post-14876","1":"product","2":"type-product","3":"status-publish","4":"has-post-thumbnail","6":"product_cat-celulares-y-tablets","7":"product_cat-tablets-y-ipad","8":"product_cat-ipad","9":"product_cat-todas-las-tablets","11":"first","12":"instock","13":"sale","14":"shipping-taxable","15":"purchasable","16":"product-type-simple"},"acf":[],"_links":{"self":[{"href":"https:\/\/defabrica.com.mx\/defabrica\/wp-json\/wp\/v2\/product\/14876","targetHints":{"allow":["GET"]}}],"collection":[{"href":"https:\/\/defabrica.com.mx\/defabrica\/wp-json\/wp\/v2\/product"}],"about":[{"href":"https:\/\/defabrica.com.mx\/defabrica\/wp-json\/wp\/v2\/types\/product"}],"replies":[{"embeddable":true,"href":"https:\/\/defabrica.com.mx\/defabrica\/wp-json\/wp\/v2\/comments?post=14876"}],"wp:featuredmedia":[{"embeddable":true,"href":"https:\/\/defabrica.com.mx\/defabrica\/wp-json\/wp\/v2\/media\/14879"}],"wp:attachment":[{"href":"https:\/\/defabrica.com.mx\/defabrica\/wp-json\/wp\/v2\/media?parent=14876"}],"wp:term":[{"taxonomy":"product_brand","embeddable":true,"href":"https:\/\/defabrica.com.mx\/defabrica\/wp-json\/wp\/v2\/product_brand?post=14876"},{"taxonomy":"product_cat","embeddable":true,"href":"https:\/\/defabrica.com.mx\/defabrica\/wp-json\/wp\/v2\/product_cat?post=14876"},{"taxonomy":"product_tag","embeddable":true,"href":"https:\/\/defabrica.com.mx\/defabrica\/wp-json\/wp\/v2\/product_tag?post=14876"}],"curies":[{"name":"wp","href":"https:\/\/api.w.org\/{rel}","templated":true}]}}