{"id":14724,"date":"2020-10-15T02:00:16","date_gmt":"2020-10-15T07:00:16","guid":{"rendered":"https:\/\/defabrica.com.mx\/defabrica\/?post_type=product&#038;p=14724"},"modified":"2023-01-13T13:13:59","modified_gmt":"2023-01-13T19:13:59","slug":"thermaltake-ventilador-de-refrigeracion-del-radiador-riing-12-led-120-mm-blanco","status":"publish","type":"product","link":"https:\/\/defabrica.com.mx\/defabrica\/producto\/thermaltake-ventilador-de-refrigeracion-del-radiador-riing-12-led-120-mm-blanco\/","title":{"rendered":"Thermaltake &#8211; Ventilador de refrigeraci\u00f3n del radiador Riing 12 LED 120 mm &#8211; Blanco"},"content":{"rendered":"<div>\n<div>Mantenga su computadora fresca con este ventilador de radiador Thermaltake Riing 12 LED de 120 mm, que est\u00e1 dise\u00f1ado para desplazar silenciosa y poderosamente el aire caliente a una velocidad de hasta 40,6 cfm.\u00a0La iluminaci\u00f3n LED mejora el aspecto de su sistema.<\/div>\n<\/div>\n<div><\/div>\n<div><\/div>\n<div>\n<h3><\/h3>\n<h3><\/h3>\n<h3 class=\"heading-5 v-fw-regular feature-heading\"><strong>Caracter\u00edsticas<\/strong><\/h3>\n<ul>\n<li><strong>Ventilador de radiador de 120 mm x 120 mm x 25 mm<\/strong><br \/>\nLa cuchilla de compresi\u00f3n concentrada mejora la presi\u00f3n est\u00e1tica para promover un enfriamiento efectivo. Conector de 3 pines.<\/li>\n<li><strong>Marco cortavientos<\/strong><br \/>\nMantiene niveles de presi\u00f3n constantes para un rendimiento potente.<\/li>\n<li><strong>Flujo de aire m\u00e1ximo de 40.6 cfm<\/strong><br \/>\nAyuda a mantener su computadora fresca.<\/li>\n<li><strong>Nivel de ruido de 24.6dBA<\/strong><br \/>\nLos cojinetes hidr\u00e1ulicos autolubricantes garantizan un funcionamiento ultra silencioso. El cable silencioso ofrece un funcionamiento a menor velocidad.<\/li>\n<li><strong>Sistema de montaje antivibraci\u00f3n<\/strong><br \/>\nAporta fuerza y \u200b\u200bestabilidad.<\/li>\n<li><strong>Velocidad de funcionamiento de hasta 1500 rpm<\/strong><br \/>\nPor eficiencia.<\/li>\n<li><strong>Iluminaci\u00f3n LED<\/strong><br \/>\nAgrega una apariencia elegante.<\/li>\n<\/ul>\n<div class=\"header-container header-lv\">\n<h3><\/h3>\n<h3><\/h3>\n<h3 class=\"heading-5 v-fw-regular\">Qu\u00e9 est\u00e1 incluido<\/h3>\n<\/div>\n<div class=\"list-container list-lv\">\n<ul class=\" bold\">\n<li class=\"bold v-fw-medium body-copy\">Ventilador de refrigeraci\u00f3n del radiador Riing 12 LED 120mm<\/li>\n<li class=\"bold v-fw-medium body-copy\">El manual del propietario<\/li>\n<\/ul>\n<\/div>\n<\/div>\n","protected":false},"excerpt":{"rendered":"<p>Mantenga su computadora fresca con este ventilador de radiador Thermaltake Riing 12 LED de 120 mm, que est\u00e1 dise\u00f1ado para desplazar silenciosa y poderosamente el aire caliente a una velocidad<\/p>\n","protected":false},"featured_media":14729,"comment_status":"open","ping_status":"closed","template":"","meta":{"_acf_changed":false,"_joinchat":[]},"product_brand":[],"product_cat":[395,402,403],"product_tag":[],"class_list":{"0":"post-14724","1":"product","2":"type-product","3":"status-publish","4":"has-post-thumbnail","6":"product_cat-componentes","7":"product_cat-ventiladores-disipadores-y-refrigeracion","8":"product_cat-todos-los-componentes","10":"first","11":"instock","12":"sale","13":"shipping-taxable","14":"purchasable","15":"product-type-variable","16":"has-default-attributes"},"acf":[],"_links":{"self":[{"href":"https:\/\/defabrica.com.mx\/defabrica\/wp-json\/wp\/v2\/product\/14724","targetHints":{"allow":["GET"]}}],"collection":[{"href":"https:\/\/defabrica.com.mx\/defabrica\/wp-json\/wp\/v2\/product"}],"about":[{"href":"https:\/\/defabrica.com.mx\/defabrica\/wp-json\/wp\/v2\/types\/product"}],"replies":[{"embeddable":true,"href":"https:\/\/defabrica.com.mx\/defabrica\/wp-json\/wp\/v2\/comments?post=14724"}],"wp:featuredmedia":[{"embeddable":true,"href":"https:\/\/defabrica.com.mx\/defabrica\/wp-json\/wp\/v2\/media\/14729"}],"wp:attachment":[{"href":"https:\/\/defabrica.com.mx\/defabrica\/wp-json\/wp\/v2\/media?parent=14724"}],"wp:term":[{"taxonomy":"product_brand","embeddable":true,"href":"https:\/\/defabrica.com.mx\/defabrica\/wp-json\/wp\/v2\/product_brand?post=14724"},{"taxonomy":"product_cat","embeddable":true,"href":"https:\/\/defabrica.com.mx\/defabrica\/wp-json\/wp\/v2\/product_cat?post=14724"},{"taxonomy":"product_tag","embeddable":true,"href":"https:\/\/defabrica.com.mx\/defabrica\/wp-json\/wp\/v2\/product_tag?post=14724"}],"curies":[{"name":"wp","href":"https:\/\/api.w.org\/{rel}","templated":true}]}}