{"id":14721,"date":"2020-10-15T01:13:00","date_gmt":"2020-10-15T06:13:00","guid":{"rendered":"https:\/\/defabrica.com.mx\/defabrica\/?post_type=product&#038;p=14721"},"modified":"2023-01-13T13:12:48","modified_gmt":"2023-01-13T19:12:48","slug":"gamdias-fuente-de-alimentacion-750w-atx12v-2-2-80-plus-bronze-negro","status":"publish","type":"product","link":"https:\/\/defabrica.com.mx\/defabrica\/producto\/gamdias-fuente-de-alimentacion-750w-atx12v-2-2-80-plus-bronze-negro\/","title":{"rendered":"GAMDIAS &#8211; Fuente de alimentaci\u00f3n 750W ATX12V 2.2 80 Plus Bronze &#8211; Negro"},"content":{"rendered":"<div>\n<div>Pon tu computadora en funcionamiento con esta fuente de alimentaci\u00f3n Gamdias Kratos M1.\u00a0Los cables planos mejoran el flujo de aire para ayudar a evitar el sobrecalentamiento, y el modo silencioso ajusta autom\u00e1ticamente la velocidad del ventilador para un funcionamiento silencioso.\u00a0Esta fuente de alimentaci\u00f3n Gamdias Kratos M1 cumple con los requisitos de eficiencia 80 PLUS Bronze para reducir la disipaci\u00f3n de calor y el desperdicio de energ\u00eda.<\/div>\n<\/div>\n<div><\/div>\n<div>\n<h3><\/h3>\n<h3><\/h3>\n<h3 class=\"heading-5 v-fw-regular feature-heading\"><strong>Caracter\u00edsticas<\/strong><\/h3>\n<ul>\n<li><strong>Fuente de alimentaci\u00f3n de 750W<\/strong><br \/>\nProporciona la potencia necesaria para ejecutar su PC.<\/li>\n<li><strong>Entrada AC 100-240V<\/strong><br \/>\nCon entrada de frecuencia de 47-63Hz para un amplio uso.<\/li>\n<li><strong>Cumplimiento de ATX12V 2.2<\/strong><br \/>\nCumple con los est\u00e1ndares de la industria.<\/li>\n<li><strong>0,99 Correcci\u00f3n del factor de potencia activa (PFC)<\/strong><br \/>\nPromueve energ\u00eda limpia y confiable.<\/li>\n<li><strong>M\u00e1xima seguridad para los componentes cr\u00edticos de su sistema<\/strong><br \/>\nProporciona protecci\u00f3n contra sobretensi\u00f3n, sobrepotencia, subtensi\u00f3n y cortocircuito.<\/li>\n<li><strong>Certificaci\u00f3n 80 PLUS Bronze<\/strong><br \/>\nPara un calor m\u00ednimo, niveles de ruido y consumo de energ\u00eda.<\/li>\n<\/ul>\n<div class=\"features-list-container\">\n<div class=\"features-list all-features\">\n<div class=\"list-row\">\n<div class=\"header-container header-lv\">\n<h3><\/h3>\n<h3 class=\"heading-5 v-fw-regular\">Qu\u00e9 est\u00e1 incluido<\/h3>\n<\/div>\n<div class=\"list-container list-lv\">\n<div class=\"embedded-component-container lv\">\n<div>\n<div id=\"shop-whats-included-8a98e82e-3ba9-4ce7-86d1-59cb1a6586f7\" class=\"None\" data-version=\"2.1.2\">\n<div class=\"shop-whats-included\">\n<div class=\"whats-included accordion-container \" data-reactroot=\"\">\n<div class=\"list-container list-lv\">\n<ul class=\" bold\">\n<li class=\"bold v-fw-medium body-copy\">Fuente de alimentaci\u00f3n GAMDIAS 750W ATX12V 2.2 80 Plus Bronze<\/li>\n<\/ul>\n<\/div>\n<\/div>\n<\/div>\n<\/div>\n<\/div>\n<\/div>\n<div class=\"embedded-component-container lv\">\n<div>\n<div id=\"shop-product-energy-ratings-2491461f-1fcb-4e1b-a0ed-7fab47805cfb\" class=\"None\" data-version=\"1.3.3\">\n<div class=\"shop-product-energy-ratings\">\n<div data-reactroot=\"\"><\/div>\n<\/div>\n<\/div>\n<\/div>\n<\/div>\n<div class=\"embedded-component-container lv\"><\/div>\n<\/div>\n<\/div>\n<\/div>\n<\/div>\n<\/div>\n","protected":false},"excerpt":{"rendered":"<p>Pon tu computadora en funcionamiento con esta fuente de alimentaci\u00f3n Gamdias Kratos M1.\u00a0Los cables planos mejoran el flujo de aire para ayudar a evitar el sobrecalentamiento, y el modo silencioso<\/p>\n","protected":false},"featured_media":14722,"comment_status":"open","ping_status":"closed","template":"","meta":{"_acf_changed":false,"_joinchat":[]},"product_brand":[],"product_cat":[395,401,403],"product_tag":[],"class_list":{"0":"post-14721","1":"product","2":"type-product","3":"status-publish","4":"has-post-thumbnail","6":"product_cat-componentes","7":"product_cat-fuentes-de-poder","8":"product_cat-todos-los-componentes","10":"first","11":"instock","12":"sale","13":"shipping-taxable","14":"purchasable","15":"product-type-simple"},"acf":[],"_links":{"self":[{"href":"https:\/\/defabrica.com.mx\/defabrica\/wp-json\/wp\/v2\/product\/14721","targetHints":{"allow":["GET"]}}],"collection":[{"href":"https:\/\/defabrica.com.mx\/defabrica\/wp-json\/wp\/v2\/product"}],"about":[{"href":"https:\/\/defabrica.com.mx\/defabrica\/wp-json\/wp\/v2\/types\/product"}],"replies":[{"embeddable":true,"href":"https:\/\/defabrica.com.mx\/defabrica\/wp-json\/wp\/v2\/comments?post=14721"}],"wp:featuredmedia":[{"embeddable":true,"href":"https:\/\/defabrica.com.mx\/defabrica\/wp-json\/wp\/v2\/media\/14722"}],"wp:attachment":[{"href":"https:\/\/defabrica.com.mx\/defabrica\/wp-json\/wp\/v2\/media?parent=14721"}],"wp:term":[{"taxonomy":"product_brand","embeddable":true,"href":"https:\/\/defabrica.com.mx\/defabrica\/wp-json\/wp\/v2\/product_brand?post=14721"},{"taxonomy":"product_cat","embeddable":true,"href":"https:\/\/defabrica.com.mx\/defabrica\/wp-json\/wp\/v2\/product_cat?post=14721"},{"taxonomy":"product_tag","embeddable":true,"href":"https:\/\/defabrica.com.mx\/defabrica\/wp-json\/wp\/v2\/product_tag?post=14721"}],"curies":[{"name":"wp","href":"https:\/\/api.w.org\/{rel}","templated":true}]}}