{"id":14700,"date":"2020-10-15T01:07:08","date_gmt":"2020-10-15T06:07:08","guid":{"rendered":"https:\/\/defabrica.com.mx\/defabrica\/?post_type=product&#038;p=14700"},"modified":"2022-11-30T14:43:47","modified_gmt":"2022-11-30T20:43:47","slug":"evga-600w-atx-12v-eps-12v-80-plus-fuente-de-alimentacion-negro","status":"publish","type":"product","link":"https:\/\/defabrica.com.mx\/defabrica\/producto\/evga-600w-atx-12v-eps-12v-80-plus-fuente-de-alimentacion-negro\/","title":{"rendered":"EVGA &#8211; 600W ATX 12V \/ EPS 12V 80 Plus Fuente de alimentaci\u00f3n &#8211; Negro"},"content":{"rendered":"<div>\n<div>Cree una computadora funcional y eficiente agregando esta fuente de alimentaci\u00f3n ATX 12V \/ EPS 12V 600W EVGA 80 PLUS 100-W1-0600-K1 a su construcci\u00f3n personalizada.\u00a0Un ventilador autom\u00e1tico inteligente y ultra silencioso enfr\u00eda los componentes sin generar mucho ruido durante el funcionamiento.<\/div>\n<\/div>\n<div><\/div>\n<div>\n<h3><\/h3>\n<h3><\/h3>\n<h3 class=\"heading-5 v-fw-regular feature-heading\"><strong>Caracter\u00edsticas<\/strong><\/h3>\n<ul>\n<li><strong>Fuente de alimentaci\u00f3n 600W<\/strong><br \/>\nAdmite 49 amperios en un riel de 12 V para brindar opciones de configuraci\u00f3n flexibles.<\/li>\n<li><strong>Compatible con ATX 12V y EPS 12V<\/strong><br \/>\nPara respaldar su construcci\u00f3n.<\/li>\n<li><strong>Ventilador autom\u00e1tico inteligente y ultra silencioso<\/strong><br \/>\nAyuda a mantener fr\u00edos los componentes para que su computadora funcione de manera eficiente.<\/li>\n<li><strong>Varias protecciones<\/strong><br \/>\nIncluye OVP (protecci\u00f3n contra sobretensi\u00f3n), UVP (protecci\u00f3n contra subtensi\u00f3n), OCP (protecci\u00f3n contra sobrecorriente), OPP (protecci\u00f3n contra sobretensi\u00f3n), SCP (protecci\u00f3n contra cortocircuitos) y protecci\u00f3n contra sobrecalentamiento para un funcionamiento seguro.<\/li>\n<li><strong>Dise\u00f1o compacto<\/strong><br \/>\nJunto con un interruptor de encendido bien ubicado y cables con mangas completas, lo ayuda a ahorrar espacio.<\/li>\n<li><strong>Conectores<\/strong><br \/>\nIncluye un 24 pines, 1 EPS (CPU), 2 PCI-Express (6 + 2), 6 SATA, tres perif\u00e9ricos de 4 pines (Molex) y 1 disquete.<\/li>\n<\/ul>\n<div class=\"header-container header-lv\">\n<h3><\/h3>\n<h3><\/h3>\n<h3 class=\"heading-5 v-fw-regular\">Qu\u00e9 est\u00e1 incluido<\/h3>\n<\/div>\n<div class=\"list-container list-lv\">\n<ul class=\" bold\">\n<li class=\"bold v-fw-medium body-copy\">Fuente de alimentaci\u00f3n 80 PLUS 600W ATX 12V \/ EPS 12V<\/li>\n<li class=\"bold v-fw-medium body-copy\">Cable de energ\u00eda<\/li>\n<li class=\"bold v-fw-medium body-copy\">Tornillos de montaje<\/li>\n<li class=\"bold v-fw-medium body-copy\">El manual del propietario<\/li>\n<\/ul>\n<\/div>\n<\/div>\n","protected":false},"excerpt":{"rendered":"<p>Cree una computadora funcional y eficiente agregando esta fuente de alimentaci\u00f3n ATX 12V \/ EPS 12V 600W EVGA 80 PLUS 100-W1-0600-K1 a su construcci\u00f3n personalizada.\u00a0Un ventilador autom\u00e1tico inteligente y ultra<\/p>\n","protected":false},"featured_media":14717,"comment_status":"open","ping_status":"closed","template":"","meta":{"_acf_changed":false,"_joinchat":[]},"product_brand":[],"product_cat":[395,401,403],"product_tag":[],"class_list":{"0":"post-14700","1":"product","2":"type-product","3":"status-publish","4":"has-post-thumbnail","6":"product_cat-componentes","7":"product_cat-fuentes-de-poder","8":"product_cat-todos-los-componentes","10":"first","11":"instock","12":"sale","13":"shipping-taxable","14":"purchasable","15":"product-type-simple"},"acf":[],"_links":{"self":[{"href":"https:\/\/defabrica.com.mx\/defabrica\/wp-json\/wp\/v2\/product\/14700","targetHints":{"allow":["GET"]}}],"collection":[{"href":"https:\/\/defabrica.com.mx\/defabrica\/wp-json\/wp\/v2\/product"}],"about":[{"href":"https:\/\/defabrica.com.mx\/defabrica\/wp-json\/wp\/v2\/types\/product"}],"replies":[{"embeddable":true,"href":"https:\/\/defabrica.com.mx\/defabrica\/wp-json\/wp\/v2\/comments?post=14700"}],"wp:featuredmedia":[{"embeddable":true,"href":"https:\/\/defabrica.com.mx\/defabrica\/wp-json\/wp\/v2\/media\/14717"}],"wp:attachment":[{"href":"https:\/\/defabrica.com.mx\/defabrica\/wp-json\/wp\/v2\/media?parent=14700"}],"wp:term":[{"taxonomy":"product_brand","embeddable":true,"href":"https:\/\/defabrica.com.mx\/defabrica\/wp-json\/wp\/v2\/product_brand?post=14700"},{"taxonomy":"product_cat","embeddable":true,"href":"https:\/\/defabrica.com.mx\/defabrica\/wp-json\/wp\/v2\/product_cat?post=14700"},{"taxonomy":"product_tag","embeddable":true,"href":"https:\/\/defabrica.com.mx\/defabrica\/wp-json\/wp\/v2\/product_tag?post=14700"}],"curies":[{"name":"wp","href":"https:\/\/api.w.org\/{rel}","templated":true}]}}