{"id":14685,"date":"2020-10-14T23:33:23","date_gmt":"2020-10-15T04:33:23","guid":{"rendered":"https:\/\/defabrica.com.mx\/defabrica\/?post_type=product&#038;p=14685"},"modified":"2023-01-26T13:17:11","modified_gmt":"2023-01-26T19:17:11","slug":"fuente-de-alimentacion-evga-400w","status":"publish","type":"product","link":"https:\/\/defabrica.com.mx\/defabrica\/producto\/fuente-de-alimentacion-evga-400w\/","title":{"rendered":"Fuente de alimentaci\u00f3n EVGA 400W"},"content":{"rendered":"<p>Cuando se basa en un presupuesto, la fuente de alimentaci\u00f3n EVGA 400W es una excelente opci\u00f3n a bajo costo.\u00a0El soporte de 30 A en un solo riel de + 12V proporciona m\u00e1s opciones sin tener que reducir los requisitos de sus componentes.\u00a0El EVGA 400W ofrece las conexiones y protecciones necesarias para la construcci\u00f3n b\u00e1sica del sistema.\u00a0Con una garant\u00eda est\u00e1ndar de 2 a\u00f1os y un dise\u00f1o de ventilador ultra silencioso, la fuente de alimentaci\u00f3n EVGA de 400 W ser\u00e1 un gran activo para su pr\u00f3xima construcci\u00f3n con un presupuesto limitado.<\/p>\n<div class=\"about-desc about-product-description xs-margin-top\">\n<ul class=\"a-unordered-list a-vertical a-spacing-mini\">\n<li><span class=\"a-list-item\">Serie EVGA 400W N1<\/span><\/li>\n<li><span class=\"a-list-item\">Tama\u00f1o del ventilador \/ rodamiento: rodamiento de casquillo de 120 mil\u00edmetros<\/span><\/li>\n<li><span class=\"a-list-item\">Ventilador autom\u00e1tico silencioso e inteligente para un funcionamiento casi silencioso<\/span><\/li>\n<li><span class=\"a-list-item\">Protecciones de alta resistencia que incluyen OVP, OPP y SCP<\/span><\/li>\n<li><span class=\"a-list-item\">Disfrute de una garant\u00eda de 2 a\u00f1os y del soporte t\u00e9cnico 24\/7 de EVGA<\/span><\/li>\n<\/ul>\n<\/div>\n<section class=\"AboutProduct AboutHealth Warnings\">\n<h3 class=\"font-bold moduleHeading\"><\/h3>\n<\/section>\n<p>&nbsp;<\/p>\n","protected":false},"excerpt":{"rendered":"<p>Cuando se basa en un presupuesto, la fuente de alimentaci\u00f3n EVGA 400W es una excelente opci\u00f3n a bajo costo.\u00a0El soporte de 30 A en un solo riel de + 12V<\/p>\n","protected":false},"featured_media":14686,"comment_status":"open","ping_status":"closed","template":"","meta":{"_acf_changed":false,"_joinchat":[]},"product_brand":[],"product_cat":[395,401,403],"product_tag":[],"class_list":{"0":"post-14685","1":"product","2":"type-product","3":"status-publish","4":"has-post-thumbnail","6":"product_cat-componentes","7":"product_cat-fuentes-de-poder","8":"product_cat-todos-los-componentes","10":"first","11":"instock","12":"sale","13":"shipping-taxable","14":"purchasable","15":"product-type-simple"},"acf":[],"_links":{"self":[{"href":"https:\/\/defabrica.com.mx\/defabrica\/wp-json\/wp\/v2\/product\/14685","targetHints":{"allow":["GET"]}}],"collection":[{"href":"https:\/\/defabrica.com.mx\/defabrica\/wp-json\/wp\/v2\/product"}],"about":[{"href":"https:\/\/defabrica.com.mx\/defabrica\/wp-json\/wp\/v2\/types\/product"}],"replies":[{"embeddable":true,"href":"https:\/\/defabrica.com.mx\/defabrica\/wp-json\/wp\/v2\/comments?post=14685"}],"wp:featuredmedia":[{"embeddable":true,"href":"https:\/\/defabrica.com.mx\/defabrica\/wp-json\/wp\/v2\/media\/14686"}],"wp:attachment":[{"href":"https:\/\/defabrica.com.mx\/defabrica\/wp-json\/wp\/v2\/media?parent=14685"}],"wp:term":[{"taxonomy":"product_brand","embeddable":true,"href":"https:\/\/defabrica.com.mx\/defabrica\/wp-json\/wp\/v2\/product_brand?post=14685"},{"taxonomy":"product_cat","embeddable":true,"href":"https:\/\/defabrica.com.mx\/defabrica\/wp-json\/wp\/v2\/product_cat?post=14685"},{"taxonomy":"product_tag","embeddable":true,"href":"https:\/\/defabrica.com.mx\/defabrica\/wp-json\/wp\/v2\/product_tag?post=14685"}],"curies":[{"name":"wp","href":"https:\/\/api.w.org\/{rel}","templated":true}]}}