{"id":14674,"date":"2020-10-14T23:12:04","date_gmt":"2020-10-15T04:12:04","guid":{"rendered":"https:\/\/defabrica.com.mx\/defabrica\/?post_type=product&#038;p=14674"},"modified":"2022-11-30T14:40:29","modified_gmt":"2022-11-30T20:40:29","slug":"gigabyte-placa-base-b450-aorus-pro-wifi-socket-am4-usb-3-1-gen-1-amd-con-iluminacion-led","status":"publish","type":"product","link":"https:\/\/defabrica.com.mx\/defabrica\/producto\/gigabyte-placa-base-b450-aorus-pro-wifi-socket-am4-usb-3-1-gen-1-amd-con-iluminacion-led\/","title":{"rendered":"GIGABYTE &#8211; Placa base B450 AORUS PRO WIFI (Socket AM4) USB 3.1 Gen 1 AMD con iluminaci\u00f3n LED"},"content":{"rendered":"<div>\n<div>Monta una plataforma de juego r\u00e1pida con esta placa base GIGABYTE AMD B450 AORUS Pro Wi-Fi.\u00a0La funcionalidad Wi-Fi y Bluetooth ofrece una conectividad inal\u00e1mbrica r\u00e1pida y segura, mientras que la capacidad dual NVMe PCIe con soporte RAID garantiza un almacenamiento de alto rendimiento.\u00a0Esta placa base GIGABYTE AMD B450 AORUS Pro Wi-Fi cuenta con un protector t\u00e9rmico para mantener temperaturas de funcionamiento \u00f3ptimas e interfaces USB-C, HDMI y DVI-D para una conectividad flexible.<\/div>\n<\/div>\n<div><\/div>\n<div>\n<h3><\/h3>\n<h3><\/h3>\n<h3 class=\"heading-5 v-fw-regular feature-heading\"><strong>Caracter\u00edsticas<\/strong><\/h3>\n<div class=\"feature-body-container\">\n<div class=\"features-list-container\">\n<div class=\"features-list all-features\">\n<div class=\"list-row\">\n<ul>\n<li><strong>Admite procesadores AMD Ryzen<\/strong><br \/>\nEn un enchufe AM4.<\/li>\n<li><strong>Velocidad del sistema de hasta 3200 MHz (OC)<\/strong><br \/>\nCon un chipset AMD B450 para un funcionamiento eficiente.<\/li>\n<li><strong>Compatibilidad con gr\u00e1ficos AMD CrossFireX y AMD Quad CrossFireX<\/strong><br \/>\nProporciona detalles de imagen ultrarrealistas al jugar.<\/li>\n<li><strong>Cuatro z\u00f3calos DIMM DDR4 SDRAM de 288 pines<\/strong><br \/>\nAdmite hasta 64 GB de memoria del sistema.<\/li>\n<li><strong>Admite audio de 8 canales Realtek<\/strong><br \/>\nPara una excelente interpretaci\u00f3n sonora.<\/li>\n<li><strong>Interfaces perif\u00e9ricas<\/strong><br \/>\nIncluye 1 LAN (Gigabit Ethernet), 1 TOSLINK, 1 entrada de l\u00ednea de audio, 1 salida de l\u00ednea de audio, 1 micr\u00f3fono, 1 DVI-D, 1 HDMI, 4 USB 3.1 Gen 1, 1 USB 3.1 Gen 2 y m\u00e1s.<\/li>\n<li><strong>Capacidades de expansi\u00f3n<\/strong><br \/>\nIncluye 1 PCI Express 3.0 x16, 2 PCI Express 2.0 x16, 1 PCI Express 2.0 x1.<\/li>\n<li>AMD, el logotipo de la flecha de AMD y sus combinaciones son marcas comerciales de Advanced Micro Devices, Inc.<\/li>\n<\/ul>\n<div class=\"header-container header-lv\">\n<h3 class=\"heading-5 v-fw-regular\">Qu\u00e9 est\u00e1 incluido<\/h3>\n<p>&nbsp;<\/p>\n<\/div>\n<div class=\"list-container list-lv\">\n<div class=\"embedded-component-container lv\">\n<div>\n<div id=\"shop-whats-included-3016f913-679c-4c18-9cd3-aa7650782fe1\" class=\"None\" data-version=\"2.1.2\">\n<div class=\"shop-whats-included\">\n<div class=\"whats-included accordion-container \" data-reactroot=\"\">\n<div class=\"list-container list-lv\">\n<ul class=\" bold\">\n<li class=\"bold v-fw-medium body-copy\">Gigabyte B450 AORUS PRO WIFI<\/li>\n<li class=\"bold v-fw-medium body-copy\">Software<\/li>\n<\/ul>\n<\/div>\n<\/div>\n<\/div>\n<\/div>\n<\/div>\n<\/div>\n<div class=\"embedded-component-container lv\">\n<div>\n<div id=\"shop-product-energy-ratings-7d1b007b-2216-4b4e-9131-39eac71520b6\" class=\"None\" data-version=\"1.3.3\">\n<div class=\"shop-product-energy-ratings\">\n<div data-reactroot=\"\"><\/div>\n<\/div>\n<\/div>\n<\/div>\n<\/div>\n<div class=\"embedded-component-container lv\"><\/div>\n<\/div>\n<\/div>\n<\/div>\n<\/div>\n<\/div>\n<\/div>\n","protected":false},"excerpt":{"rendered":"<p>Monta una plataforma de juego r\u00e1pida con esta placa base GIGABYTE AMD B450 AORUS Pro Wi-Fi.\u00a0La funcionalidad Wi-Fi y Bluetooth ofrece una conectividad inal\u00e1mbrica r\u00e1pida y segura, mientras que la<\/p>\n","protected":false},"featured_media":14675,"comment_status":"open","ping_status":"closed","template":"","meta":{"_acf_changed":false,"_joinchat":[]},"product_brand":[],"product_cat":[395,400,403],"product_tag":[],"class_list":{"0":"post-14674","1":"product","2":"type-product","3":"status-publish","4":"has-post-thumbnail","6":"product_cat-componentes","7":"product_cat-tarjetas-madre","8":"product_cat-todos-los-componentes","10":"first","11":"instock","12":"sale","13":"shipping-taxable","14":"purchasable","15":"product-type-simple"},"acf":[],"_links":{"self":[{"href":"https:\/\/defabrica.com.mx\/defabrica\/wp-json\/wp\/v2\/product\/14674","targetHints":{"allow":["GET"]}}],"collection":[{"href":"https:\/\/defabrica.com.mx\/defabrica\/wp-json\/wp\/v2\/product"}],"about":[{"href":"https:\/\/defabrica.com.mx\/defabrica\/wp-json\/wp\/v2\/types\/product"}],"replies":[{"embeddable":true,"href":"https:\/\/defabrica.com.mx\/defabrica\/wp-json\/wp\/v2\/comments?post=14674"}],"wp:featuredmedia":[{"embeddable":true,"href":"https:\/\/defabrica.com.mx\/defabrica\/wp-json\/wp\/v2\/media\/14675"}],"wp:attachment":[{"href":"https:\/\/defabrica.com.mx\/defabrica\/wp-json\/wp\/v2\/media?parent=14674"}],"wp:term":[{"taxonomy":"product_brand","embeddable":true,"href":"https:\/\/defabrica.com.mx\/defabrica\/wp-json\/wp\/v2\/product_brand?post=14674"},{"taxonomy":"product_cat","embeddable":true,"href":"https:\/\/defabrica.com.mx\/defabrica\/wp-json\/wp\/v2\/product_cat?post=14674"},{"taxonomy":"product_tag","embeddable":true,"href":"https:\/\/defabrica.com.mx\/defabrica\/wp-json\/wp\/v2\/product_tag?post=14674"}],"curies":[{"name":"wp","href":"https:\/\/api.w.org\/{rel}","templated":true}]}}