{"id":14660,"date":"2020-10-14T22:55:27","date_gmt":"2020-10-15T03:55:27","guid":{"rendered":"https:\/\/defabrica.com.mx\/defabrica\/?post_type=product&#038;p=14660"},"modified":"2022-11-30T14:39:57","modified_gmt":"2022-11-30T20:39:57","slug":"msi-b450-tomahawk-max-socket-am4-placa-base-amd-usb-c-gen2","status":"publish","type":"product","link":"https:\/\/defabrica.com.mx\/defabrica\/producto\/msi-b450-tomahawk-max-socket-am4-placa-base-amd-usb-c-gen2\/","title":{"rendered":"MSI &#8211; B450 TOMAHAWK MAX (Socket AM4) Placa base AMD USB-C Gen2"},"content":{"rendered":"<div>\n<div>Crea una plataforma de juego invencible con esta placa base MSI B450 TOMAHAWK MAX.\u00a0El dise\u00f1o amigable con el bricolaje le permite conectar varios componentes f\u00e1cilmente para una computadora de juegos personalizada, mientras que el disipador de calor pesado asegura una r\u00e1pida disipaci\u00f3n de calor para un funcionamiento fr\u00edo.\u00a0Esta placa base MSI B450 TOMAHAWK MAX tiene concentradores USB y SATA convenientemente colocados para compatibilidad con una amplia gama de perif\u00e9ricos.<\/div>\n<\/div>\n<div><\/div>\n<div><\/div>\n<div>\n<h3><\/h3>\n<h3><\/h3>\n<h3 class=\"heading-5 v-fw-regular feature-heading\"><strong>Caracter\u00edsticas<\/strong><\/h3>\n<div class=\"feature-body-container\">\n<div class=\"features-list-container\">\n<div class=\"features-list all-features\">\n<div class=\"list-row\">\n<div class=\"list-row\">\n<ul>\n<li><strong>Admite procesadores AMD Ryzen 7 y Ryzen<\/strong><br \/>\nEn un enchufe AM4.<\/li>\n<li><strong>Velocidad del sistema de hasta 4133 MHz (OC)<\/strong><br \/>\nCon un chipset AMD B450 para un funcionamiento eficiente.<\/li>\n<li><strong>Compatibilidad con gr\u00e1ficos AMD CrossFireX<\/strong><br \/>\nProporciona detalles de imagen ultrarrealistas al jugar.<\/li>\n<li><strong>Cuatro z\u00f3calos DIMM DDR4 SDRAM de 288 pines<\/strong><br \/>\nAdmite hasta 64 GB de memoria del sistema.<\/li>\n<li><strong>Admite audio de 8 canales Realtek<\/strong><br \/>\nPara una excelente interpretaci\u00f3n sonora.<\/li>\n<li><strong>Interfaces perif\u00e9ricas<\/strong><br \/>\nIncluye 1 LAN (Gigabit Ethernet), 2 USB 3.2 Gen 1, 1 USB 3.1 Gen 2, 1 USB-C Gen2, 2 USB 2.0, 1 micr\u00f3fono, 1 salida de l\u00ednea de audio, 1 DVI-D, 1 HDMI y m\u00e1s.<\/li>\n<li><strong>Capacidades de expansi\u00f3n<\/strong><br \/>\nIncluye 1 PCI Express 3.0 x16, 1 PCI Express 2.0 x16, 3 PCI Express 2.0 x1.<\/li>\n<li>AMD, logotipo de la flecha de AMD, AMD Athlon, QuantiSpeed, AMD PowerNow! y combinaciones de los mismos son marcas comerciales de Advanced Micro Devices, Inc.<\/li>\n<\/ul>\n<\/div>\n<div class=\"header-container header-lv\">\n<h3><\/h3>\n<h3><\/h3>\n<h3><\/h3>\n<h3 class=\"heading-5 v-fw-regular\">Qu\u00e9 est\u00e1 incluido<\/h3>\n<\/div>\n<div class=\"list-container list-lv\">\n<div class=\"embedded-component-container lv\">\n<div>\n<div id=\"shop-whats-included-5cfbc21f-8e48-4008-8c9f-b226898926ef\" class=\"None\" data-version=\"2.1.2\">\n<div class=\"shop-whats-included\">\n<div class=\"whats-included accordion-container \" data-reactroot=\"\">\n<div class=\"list-container list-lv\">\n<ul class=\" bold\">\n<li class=\"bold v-fw-medium body-copy\">Placa base MSI B450 TOMAHAWK MAX (Socket AM4) USB-C Gen2 AMD<\/li>\n<\/ul>\n<\/div>\n<\/div>\n<\/div>\n<\/div>\n<\/div>\n<\/div>\n<div class=\"embedded-component-container lv\">\n<div>\n<div id=\"shop-product-energy-ratings-03bfaf7a-1c5f-4fe3-92da-4312ae389632\" class=\"None\" data-version=\"1.3.3\">\n<div class=\"shop-product-energy-ratings\">\n<div data-reactroot=\"\"><\/div>\n<\/div>\n<\/div>\n<\/div>\n<\/div>\n<div class=\"embedded-component-container lv\"><\/div>\n<\/div>\n<\/div>\n<\/div>\n<\/div>\n<\/div>\n<\/div>\n","protected":false},"excerpt":{"rendered":"<p>Crea una plataforma de juego invencible con esta placa base MSI B450 TOMAHAWK MAX.\u00a0El dise\u00f1o amigable con el bricolaje le permite conectar varios componentes f\u00e1cilmente para una computadora de juegos<\/p>\n","protected":false},"featured_media":14661,"comment_status":"open","ping_status":"closed","template":"","meta":{"_acf_changed":false,"_joinchat":[]},"product_brand":[],"product_cat":[395,400,403],"product_tag":[],"class_list":{"0":"post-14660","1":"product","2":"type-product","3":"status-publish","4":"has-post-thumbnail","6":"product_cat-componentes","7":"product_cat-tarjetas-madre","8":"product_cat-todos-los-componentes","10":"first","11":"instock","12":"sale","13":"shipping-taxable","14":"purchasable","15":"product-type-simple"},"acf":[],"_links":{"self":[{"href":"https:\/\/defabrica.com.mx\/defabrica\/wp-json\/wp\/v2\/product\/14660","targetHints":{"allow":["GET"]}}],"collection":[{"href":"https:\/\/defabrica.com.mx\/defabrica\/wp-json\/wp\/v2\/product"}],"about":[{"href":"https:\/\/defabrica.com.mx\/defabrica\/wp-json\/wp\/v2\/types\/product"}],"replies":[{"embeddable":true,"href":"https:\/\/defabrica.com.mx\/defabrica\/wp-json\/wp\/v2\/comments?post=14660"}],"wp:featuredmedia":[{"embeddable":true,"href":"https:\/\/defabrica.com.mx\/defabrica\/wp-json\/wp\/v2\/media\/14661"}],"wp:attachment":[{"href":"https:\/\/defabrica.com.mx\/defabrica\/wp-json\/wp\/v2\/media?parent=14660"}],"wp:term":[{"taxonomy":"product_brand","embeddable":true,"href":"https:\/\/defabrica.com.mx\/defabrica\/wp-json\/wp\/v2\/product_brand?post=14660"},{"taxonomy":"product_cat","embeddable":true,"href":"https:\/\/defabrica.com.mx\/defabrica\/wp-json\/wp\/v2\/product_cat?post=14660"},{"taxonomy":"product_tag","embeddable":true,"href":"https:\/\/defabrica.com.mx\/defabrica\/wp-json\/wp\/v2\/product_tag?post=14660"}],"curies":[{"name":"wp","href":"https:\/\/api.w.org\/{rel}","templated":true}]}}