{"id":14630,"date":"2020-10-14T19:32:53","date_gmt":"2020-10-15T00:32:53","guid":{"rendered":"https:\/\/defabrica.com.mx\/defabrica\/?post_type=product&#038;p=14630"},"modified":"2022-11-30T14:37:59","modified_gmt":"2022-11-30T20:37:59","slug":"pny-memoria-para-portatil-sodimm-ddr3-ddr3-de-8-gb-a-16-ghz-verde","status":"publish","type":"product","link":"https:\/\/defabrica.com.mx\/defabrica\/producto\/pny-memoria-para-portatil-sodimm-ddr3-ddr3-de-8-gb-a-16-ghz-verde\/","title":{"rendered":"PNY &#8211; Memoria para port\u00e1til SoDIMM DDR3 DDR3 de 8 GB a 1,6 GHz &#8211; Verde"},"content":{"rendered":"<div>\n<div>Dale a tu computadora una actualizaci\u00f3n muy necesaria con esta memoria RAM DDR3 PNY de 8GB.\u00a0Est\u00e1 dise\u00f1ado para caber en una computadora port\u00e1til o port\u00e1til compatible, y la velocidad de frecuencia de 1600MHz garantiza que los datos se puedan transferir r\u00e1pidamente al dispositivo para reducir o incluso eliminar las demoras.\u00a0Esta memoria RAM DDR3 de PNY de 8 GB es compatible con las ranuras RAM de la placa base de 1,35 voltios.<\/div>\n<\/div>\n<div><\/div>\n<div>\n<h3><\/h3>\n<h3><\/h3>\n<h3 class=\"heading-5 v-fw-regular feature-heading\"><strong>Caracter\u00edsticas<\/strong><\/h3>\n<div class=\"feature-body-container\">\n<div class=\"features-list-container\">\n<div class=\"features-list all-features\">\n<div class=\"list-row\">\n<ul>\n<li><strong>8GB de memoria<\/strong><br \/>\nPara mejorar el rendimiento.<\/li>\n<li><strong>Velocidad de funcionamiento de hasta 1600 MHz<\/strong><br \/>\nGarantiza una excelente capacidad multitarea.<\/li>\n<li><strong>Latencia CAS 11ns<\/strong><br \/>\nProporciona un funcionamiento eficiente del sistema.<\/li>\n<li><strong>SO-DIMM de 204 patillas<\/strong><br \/>\nPromueve la operaci\u00f3n del sistema capaz.<\/li>\n<\/ul>\n<div class=\"header-container header-lv\">\n<h3><\/h3>\n<h3><\/h3>\n<h3><\/h3>\n<h3 class=\"heading-5 v-fw-regular\">Qu\u00e9 est\u00e1 incluido<\/h3>\n<\/div>\n<div class=\"list-container list-lv\">\n<div class=\"embedded-component-container lv\">\n<div>\n<div id=\"shop-whats-included-d60e2b7f-8e2b-4a97-bd11-677b68deff3f\" class=\"None\" data-version=\"2.1.2\">\n<div class=\"shop-whats-included\">\n<div class=\"whats-included accordion-container \" data-reactroot=\"\">\n<div class=\"list-container list-lv\">\n<ul class=\" bold\">\n<li class=\"bold v-fw-medium body-copy\">PNY 8GB 1.6 GHz PC3-12800 DDR3 SoDIMM Memoria para computadora port\u00e1til<\/li>\n<\/ul>\n<\/div>\n<\/div>\n<\/div>\n<\/div>\n<\/div>\n<\/div>\n<div class=\"embedded-component-container lv\">\n<div>\n<div id=\"shop-product-energy-ratings-86d74be2-0b29-4dca-9038-64558dfb26c1\" class=\"None\" data-version=\"1.3.3\">\n<div class=\"shop-product-energy-ratings\">\n<div data-reactroot=\"\"><\/div>\n<\/div>\n<\/div>\n<\/div>\n<\/div>\n<div class=\"embedded-component-container lv\"><\/div>\n<\/div>\n<\/div>\n<\/div>\n<\/div>\n<\/div>\n<\/div>\n","protected":false},"excerpt":{"rendered":"<p>Dale a tu computadora una actualizaci\u00f3n muy necesaria con esta memoria RAM DDR3 PNY de 8GB.\u00a0Est\u00e1 dise\u00f1ado para caber en una computadora port\u00e1til o port\u00e1til compatible, y la velocidad de<\/p>\n","protected":false},"featured_media":14631,"comment_status":"open","ping_status":"closed","template":"","meta":{"_acf_changed":false,"_joinchat":[]},"product_brand":[],"product_cat":[395,399,403],"product_tag":[],"class_list":{"0":"post-14630","1":"product","2":"type-product","3":"status-publish","4":"has-post-thumbnail","6":"product_cat-componentes","7":"product_cat-memoria-ram","8":"product_cat-todos-los-componentes","10":"first","11":"instock","12":"sale","13":"shipping-taxable","14":"purchasable","15":"product-type-simple"},"acf":[],"_links":{"self":[{"href":"https:\/\/defabrica.com.mx\/defabrica\/wp-json\/wp\/v2\/product\/14630","targetHints":{"allow":["GET"]}}],"collection":[{"href":"https:\/\/defabrica.com.mx\/defabrica\/wp-json\/wp\/v2\/product"}],"about":[{"href":"https:\/\/defabrica.com.mx\/defabrica\/wp-json\/wp\/v2\/types\/product"}],"replies":[{"embeddable":true,"href":"https:\/\/defabrica.com.mx\/defabrica\/wp-json\/wp\/v2\/comments?post=14630"}],"wp:featuredmedia":[{"embeddable":true,"href":"https:\/\/defabrica.com.mx\/defabrica\/wp-json\/wp\/v2\/media\/14631"}],"wp:attachment":[{"href":"https:\/\/defabrica.com.mx\/defabrica\/wp-json\/wp\/v2\/media?parent=14630"}],"wp:term":[{"taxonomy":"product_brand","embeddable":true,"href":"https:\/\/defabrica.com.mx\/defabrica\/wp-json\/wp\/v2\/product_brand?post=14630"},{"taxonomy":"product_cat","embeddable":true,"href":"https:\/\/defabrica.com.mx\/defabrica\/wp-json\/wp\/v2\/product_cat?post=14630"},{"taxonomy":"product_tag","embeddable":true,"href":"https:\/\/defabrica.com.mx\/defabrica\/wp-json\/wp\/v2\/product_tag?post=14630"}],"curies":[{"name":"wp","href":"https:\/\/api.w.org\/{rel}","templated":true}]}}