{"id":14592,"date":"2020-10-14T18:12:34","date_gmt":"2020-10-14T23:12:34","guid":{"rendered":"https:\/\/defabrica.com.mx\/defabrica\/?post_type=product&#038;p=14592"},"modified":"2023-01-27T16:00:37","modified_gmt":"2023-01-27T22:00:37","slug":"procesador-de-escritorio-intel-core-i3-10100-4-nucleos-hasta-43-ghz-lga1200-chipset-intel-serie-400-65-w","status":"publish","type":"product","link":"https:\/\/defabrica.com.mx\/defabrica\/producto\/procesador-de-escritorio-intel-core-i3-10100-4-nucleos-hasta-43-ghz-lga1200-chipset-intel-serie-400-65-w\/","title":{"rendered":"Procesador de escritorio Intel\u00ae Core \u2122 i3-10100 4 n\u00facleos hasta 4,3 GHz LGA1200 (chipset Intel\u00ae serie 400) 65 W"},"content":{"rendered":"<p>Procesador de escritorio Intel Core i3-10100 de d\u00e9cima generaci\u00f3n optimizado para la inform\u00e1tica diaria.\u00a0Soluci\u00f3n t\u00e9rmica incluida en la caja.\u00a0SOLO compatible con la placa base basada en chipset de la serie 400.\u00a065W.<\/p>\n<ul>\n<li>i3-10100<\/li>\n<li>N\u00facleos \/ Hilos: 4\/8<\/li>\n<li>Frecuencia base: 3.6<\/li>\n<li>Compatible con placas base basadas en chipset Intel\u00ae serie 400<\/li>\n<li>Soporte de memoria Intel\u00ae Optane \u2122<\/li>\n<li>Soluci\u00f3n t\u00e9rmica incluida<\/li>\n<\/ul>\n","protected":false},"excerpt":{"rendered":"<p>Procesador de escritorio Intel Core i3-10100 de d\u00e9cima generaci\u00f3n optimizado para la inform\u00e1tica diaria.\u00a0Soluci\u00f3n t\u00e9rmica incluida en la caja.\u00a0SOLO compatible con la placa base basada en chipset de la serie<\/p>\n","protected":false},"featured_media":14593,"comment_status":"open","ping_status":"closed","template":"","meta":{"_acf_changed":false,"_joinchat":[]},"product_brand":[],"product_cat":[395,398,403],"product_tag":[],"class_list":{"0":"post-14592","1":"product","2":"type-product","3":"status-publish","4":"has-post-thumbnail","6":"product_cat-componentes","7":"product_cat-procesadores","8":"product_cat-todos-los-componentes","10":"first","11":"instock","12":"sale","13":"shipping-taxable","14":"purchasable","15":"product-type-simple"},"acf":[],"_links":{"self":[{"href":"https:\/\/defabrica.com.mx\/defabrica\/wp-json\/wp\/v2\/product\/14592","targetHints":{"allow":["GET"]}}],"collection":[{"href":"https:\/\/defabrica.com.mx\/defabrica\/wp-json\/wp\/v2\/product"}],"about":[{"href":"https:\/\/defabrica.com.mx\/defabrica\/wp-json\/wp\/v2\/types\/product"}],"replies":[{"embeddable":true,"href":"https:\/\/defabrica.com.mx\/defabrica\/wp-json\/wp\/v2\/comments?post=14592"}],"wp:featuredmedia":[{"embeddable":true,"href":"https:\/\/defabrica.com.mx\/defabrica\/wp-json\/wp\/v2\/media\/14593"}],"wp:attachment":[{"href":"https:\/\/defabrica.com.mx\/defabrica\/wp-json\/wp\/v2\/media?parent=14592"}],"wp:term":[{"taxonomy":"product_brand","embeddable":true,"href":"https:\/\/defabrica.com.mx\/defabrica\/wp-json\/wp\/v2\/product_brand?post=14592"},{"taxonomy":"product_cat","embeddable":true,"href":"https:\/\/defabrica.com.mx\/defabrica\/wp-json\/wp\/v2\/product_cat?post=14592"},{"taxonomy":"product_tag","embeddable":true,"href":"https:\/\/defabrica.com.mx\/defabrica\/wp-json\/wp\/v2\/product_tag?post=14592"}],"curies":[{"name":"wp","href":"https:\/\/api.w.org\/{rel}","templated":true}]}}