{"id":14563,"date":"2020-10-14T17:32:02","date_gmt":"2020-10-14T22:32:02","guid":{"rendered":"https:\/\/defabrica.com.mx\/defabrica\/?post_type=product&#038;p=14563"},"modified":"2023-01-13T13:30:37","modified_gmt":"2023-01-13T19:30:37","slug":"microsoft-consola-xbox-series-x-1tb-negro","status":"publish","type":"product","link":"https:\/\/defabrica.com.mx\/defabrica\/producto\/microsoft-consola-xbox-series-x-1tb-negro\/","title":{"rendered":"Microsoft &#8211; Consola Xbox Series X 1TB &#8211; Negro"},"content":{"rendered":"<div class=\"embedded-component-container lv\">\n<div>\n<div id=\"shop-product-description-3d4e237c-bf0c-4842-a477-97e37bd14b5f\" class=\"None\" data-version=\"1.3.2\">\n<div class=\"shop-product-description\">\n<section class=\"align-heading-left\" data-reactroot=\"\">\n<div class=\"long-description-container body-copy \">\n<div class=\"html-fragment\">\n<div>\n<div>Presentamos Xbox Series X. Juega miles de t\u00edtulos de cuatro generaciones de consolas; todos los juegos se ven y se juegan mejor en Xbox Series X. En el coraz\u00f3n de la Serie X se encuentra la Arquitectura Xbox Velocity, que combina un SSD personalizado con software integrado para una juego con tiempos de carga significativamente reducidos.\u00a0Mu\u00e9vete sin problemas entre varios juegos en un instante con Quick Resume.\u00a0Explore nuevos mundos y disfrute de la acci\u00f3n como nunca antes con los incomparables 12 teraflops de potencia de procesamiento de gr\u00e1ficos en bruto.\u00a0Disfrute de juegos 4K a hasta 120 fotogramas por segundo, sonido espacial 3D avanzado y m\u00e1s. *<\/div>\n<\/div>\n<\/div>\n<\/div>\n<\/section>\n<\/div>\n<\/div>\n<\/div>\n<\/div>\n<div class=\"embedded-component-container lv\"><\/div>\n<div>\n<h3><\/h3>\n<h3 class=\"heading-5 v-fw-regular feature-heading\"><strong>Caracter\u00edsticas<\/strong><\/h3>\n<ul>\n<li><strong>Potencia tus sue\u00f1os<\/strong> Presentamos Xbox Series X: dise\u00f1ado para una generaci\u00f3n de consolas que lo tiene a usted, el jugador, en el centro.<\/li>\n<li><strong>Poder de procesamiento gr\u00e1fico<\/strong> Explore nuevos mundos y disfrute de la acci\u00f3n como nunca antes con los incomparables 12 teraflops de potencia de procesamiento de gr\u00e1ficos en bruto.<\/li>\n<li><strong>M\u00e1s jugando, menos esperando<\/strong> Experimente la velocidad y el rendimiento de pr\u00f3xima generaci\u00f3n con la arquitectura Xbox Velocity, impulsada por un SSD personalizado y software integrado. Mu\u00e9vete sin problemas entre varios juegos en un instante con Quick Resume.<\/li>\n<li><strong>Miles de juegos en cuatro generaciones<\/strong> Juega miles de juegos de cuatro generaciones de Xbox, incluidos Xbox One, Xbox 360 y t\u00edtulos originales de Xbox con compatibilidad con versiones anteriores. Gracias a la potencia y la velocidad de Xbox Series X, muchos de estos juegos se ver\u00e1n y jugar\u00e1n mejor que nunca.<\/li>\n<li><strong>Tu pase con todo incluido a Xbox<\/strong> Obt\u00e9n Xbox Series X y 24 meses de Xbox Game Pass Ultimate, con m\u00e1s de 100 juegos de alta calidad y una membres\u00eda de EA Play, por $ 34.99 al mes durante 24 meses sin costo inicial cuando eliges Xbox All Access. ^ \u2020<\/li>\n<li><strong>Xbox Game Pass Ultimate<\/strong> Xbox Game Pass Ultimate incluye Xbox Live Gold, m\u00e1s de 100 juegos de alta calidad en consolas, PC y dispositivos m\u00f3viles Android, y pronto una membres\u00eda de EA Play por un precio mensual bajo (la membres\u00eda se vende por separado o se incluye cuando elige Xbox All Access). *<\/li>\n<li><strong>Conoce el nuevo controlador inal\u00e1mbrico Xbox<\/strong> Experimente el controlador inal\u00e1mbrico Xbox modernizado, dise\u00f1ado para una mayor comodidad durante el juego. Mant\u00e9ngase en el objetivo con un agarre texturizado, capture y comparta contenido sin problemas.<\/li>\n<li><strong>Accesorios<\/strong> Use sus accesorios para juegos de Xbox One, incluidos controladores, auriculares y m\u00e1s, en Xbox Series X.<\/li>\n<li><strong>*Informaci\u00f3n importante:<\/strong><\/li>\n<\/ul>\n<p>Se aplican requisitos adicionales de velocidad de Internet, suscripciones y \/ o requisitos para algunas funciones. Debe aceptar los T\u00e9rminos de uso de Xbox y la garant\u00eda limitada. Algunos juegos no son transferibles y no tienen valor de reventa; se aplican restricciones sobre el uso del juego. 4K a 120 FPS: requiere contenido y pantalla compatibles; usar en Xbox Series X a medida que el contenido est\u00e9 disponible. 8K: Requiere contenido y pantalla compatibles. \u00daselo en Xbox Series X a medida que el contenido est\u00e9 disponible. 120 FPS: requiere contenido y pantalla compatibles; \u00daselo en Xbox Series X &amp; S a medida que el contenido est\u00e9 disponible. Transmisi\u00f3n 4K con aplicaciones seleccionadas. Algunas aplicaciones requieren suscripciones espec\u00edficas del proveedor de aplicaciones y \/ u otros requisitos. Dolby: Dolby Vision HDR en Xbox requiere una pantalla compatible. Dolby Atmos para auriculares requiere una compra adicional en Microsoft Store. Entrega inteligente: solo juegos compatibles. \u2020 En los minoristas participantes; los precios var\u00edan seg\u00fan la consola. Pueden aplicarse impuestos. Xbox Game Pass Ultimate: la membres\u00eda se vende por separado; Suscripci\u00f3n de 24 meses; El cat\u00e1logo de juegos var\u00eda con el tiempo, por regi\u00f3n, por dispositivo. Se requiere acceso a Internet (se aplican tarifas de ISP). Conversi\u00f3n de membres\u00eda: sus membres\u00edas existentes de Xbox Live Gold, Xbox Game Pass y EA Play (consola) se convertir\u00e1n autom\u00e1ticamente a Ultimate con una tasa de conversi\u00f3n. Transmisi\u00f3n de juegos: requiere un controlador compatible (se vende por separado). EA Play: vacaciones previstas para 2020. Digital Direct: su contenido digital se enviar\u00e1 directamente a su consola durante la configuraci\u00f3n; no se requieren c\u00f3digos Garant\u00eda: la consola tiene una garant\u00eda limitada de hardware de 1 a\u00f1o (90 d\u00edas para el controlador \/ accesorios) independientemente de la duraci\u00f3n del financiamiento.<\/p>\n<div class=\"feature-body-container\">\n<div class=\"list-row\">\n<div class=\"header-container header-lv\">\n<h3 class=\"heading-5 v-fw-regular\"><strong>Qu\u00e9 est\u00e1 incluido<\/strong><\/h3>\n<ul class=\" bold\">\n<li class=\"bold v-fw-medium body-copy\">Adaptador de corriente CA<\/li>\n<li class=\"bold v-fw-medium body-copy\">Consola Xbox Series X<\/li>\n<li class=\"bold v-fw-medium body-copy\">Mando inal\u00e1mbrico Xbox &#8211; Negro carb\u00f3n<\/li>\n<\/ul>\n<\/div>\n<div class=\"list-container list-lv\"><\/div>\n<\/div>\n<\/div>\n<\/div>\n","protected":false},"excerpt":{"rendered":"<p>Presentamos Xbox Series X. Juega miles de t\u00edtulos de cuatro generaciones de consolas; todos los juegos se ven y se juegan mejor en Xbox Series X. En el coraz\u00f3n de<\/p>\n","protected":false},"featured_media":14564,"comment_status":"open","ping_status":"closed","template":"","meta":{"_acf_changed":false,"_joinchat":[]},"product_brand":[],"product_cat":[277,278,425,422],"product_tag":[],"class_list":{"0":"post-14563","1":"product","2":"type-product","3":"status-publish","4":"has-post-thumbnail","6":"product_cat-zona-gamer","7":"product_cat-consolas","8":"product_cat-todas-las-consolas","9":"product_cat-consolas-xbox","11":"first","12":"instock","13":"sale","14":"shipping-taxable","15":"purchasable","16":"product-type-simple"},"acf":[],"_links":{"self":[{"href":"https:\/\/defabrica.com.mx\/defabrica\/wp-json\/wp\/v2\/product\/14563","targetHints":{"allow":["GET"]}}],"collection":[{"href":"https:\/\/defabrica.com.mx\/defabrica\/wp-json\/wp\/v2\/product"}],"about":[{"href":"https:\/\/defabrica.com.mx\/defabrica\/wp-json\/wp\/v2\/types\/product"}],"replies":[{"embeddable":true,"href":"https:\/\/defabrica.com.mx\/defabrica\/wp-json\/wp\/v2\/comments?post=14563"}],"wp:featuredmedia":[{"embeddable":true,"href":"https:\/\/defabrica.com.mx\/defabrica\/wp-json\/wp\/v2\/media\/14564"}],"wp:attachment":[{"href":"https:\/\/defabrica.com.mx\/defabrica\/wp-json\/wp\/v2\/media?parent=14563"}],"wp:term":[{"taxonomy":"product_brand","embeddable":true,"href":"https:\/\/defabrica.com.mx\/defabrica\/wp-json\/wp\/v2\/product_brand?post=14563"},{"taxonomy":"product_cat","embeddable":true,"href":"https:\/\/defabrica.com.mx\/defabrica\/wp-json\/wp\/v2\/product_cat?post=14563"},{"taxonomy":"product_tag","embeddable":true,"href":"https:\/\/defabrica.com.mx\/defabrica\/wp-json\/wp\/v2\/product_tag?post=14563"}],"curies":[{"name":"wp","href":"https:\/\/api.w.org\/{rel}","templated":true}]}}