{"id":14473,"date":"2020-10-14T17:01:08","date_gmt":"2020-10-14T22:01:08","guid":{"rendered":"https:\/\/defabrica.com.mx\/defabrica\/?post_type=product&#038;p=14473"},"modified":"2023-01-13T13:29:43","modified_gmt":"2023-01-13T19:29:43","slug":"sony-consola-playstation-5","status":"publish","type":"product","link":"https:\/\/defabrica.com.mx\/defabrica\/producto\/sony-consola-playstation-5\/","title":{"rendered":"Sony &#8211; Consola PlayStation 5 Edici\u00f3n F\u00edsica"},"content":{"rendered":"<div>\n<div>\n<div>Explora territorios virtuales inexplorados y mata dragones con esta elegante consola de juegos Sony PlayStation 5.\u00a0El SSD de 825 GB permite tiempos de carga ultrarr\u00e1pidos, mientras que la salida de audio 3-D produce una ac\u00fastica n\u00edtida.\u00a0Esta consola de juegos Sony PlayStation 5 admite retroalimentaci\u00f3n h\u00e1ptica para una comunicaci\u00f3n sin esfuerzo en configuraciones multijugador, y los activadores adaptativos permiten un juego inmersivo.<\/div>\n<\/div>\n<div><\/div>\n<\/div>\n<div><\/div>\n<div><\/div>\n<div>\n<h3><\/h3>\n<h3 class=\"heading-5 v-fw-regular feature-heading\"><strong>Caracter\u00edsticas<\/strong><\/h3>\n<ul>\n<li><strong>E \/ S integradas<\/strong><br \/>\nLa integraci\u00f3n personalizada de los sistemas de la consola PS5 permite a los creadores extraer datos del SSD tan r\u00e1pido que pueden dise\u00f1ar juegos de formas nunca antes posibles.<\/li>\n<li><strong>Juegos impresionantes<\/strong><br \/>\nMarav\u00edllate con los gr\u00e1ficos incre\u00edbles y experimenta las nuevas funciones de PS5.<\/li>\n<li><strong>SSD de ultra alta velocidad<\/strong><br \/>\nMaximice sus sesiones de juego con tiempos de carga casi instant\u00e1neos para los juegos de PS5 instalados.<\/li>\n<li><strong>Tecnolog\u00eda HDR<\/strong><br \/>\nCon un televisor HDR, los juegos de PS5 compatibles muestran una gama de colores incre\u00edblemente vibrante y realista.<\/li>\n<li><strong>Salida 8K<\/strong><br \/>\nLas consolas PS5 admiten una salida de 8K, por lo que puede jugar en su pantalla de resoluci\u00f3n de 4320p.<\/li>\n<li><strong>Juegos de TV 4K<\/strong><br \/>\nJuega tus juegos favoritos de PS5 en tu impresionante televisor 4K.<\/li>\n<li><strong>Hasta 120 fps con salida de 120Hz<\/strong><br \/>\nDisfruta de un juego fluido y fluido de alta velocidad de cuadros de hasta 120 fps para juegos compatibles, con soporte para salida de 120Hz en pantallas 4K.<\/li>\n<li><strong>Tempest 3D AudioTech<\/strong><br \/>\nSum\u00e9rjase en paisajes sonoros donde se siente como si el sonido viniera de todas las direcciones. A trav\u00e9s de sus auriculares o altavoces de TV, su entorno realmente cobra vida con Tempest 3D AudioTech en juegos compatibles.<\/li>\n<li><strong>Retroalimentaci\u00f3n h\u00e1ptica<\/strong><br \/>\nExperimente una retroalimentaci\u00f3n h\u00e1ptica a trav\u00e9s del controlador inal\u00e1mbrico DualSense en t\u00edtulos selectos de PS5 y sienta los efectos y el impacto de sus acciones en el juego a trav\u00e9s de la retroalimentaci\u00f3n sensorial din\u00e1mica.<\/li>\n<li><strong>Activadores adaptativos<\/strong><br \/>\nFamiliar\u00edcese con los disparadores adaptativos inmersivos, con niveles de resistencia din\u00e1mica que simulan el impacto f\u00edsico de las actividades del juego en juegos selectos de PS5.<\/li>\n<\/ul>\n<p>&nbsp;<\/p>\n<h3><strong>Qu\u00e9 est\u00e1 incluido<\/strong><\/h3>\n<div class=\"feature-body-container\">\n<div class=\"features-list-container\">\n<div class=\"features-list all-features\">\n<div class=\"list-row\">\n<div class=\"header-container header-lv\">\n<ul class=\" bold\">\n<li class=\"bold v-fw-medium body-copy\">Consola Sony PlayStation 5<\/li>\n<li class=\"bold v-fw-medium body-copy\">Control inal\u00e1mbrico<\/li>\n<li class=\"bold v-fw-medium body-copy\">cable HDMI<\/li>\n<li class=\"bold v-fw-medium body-copy\">Cable de alimentaci\u00f3n de CA<\/li>\n<li class=\"bold v-fw-medium body-copy\">cable USB<\/li>\n<li class=\"bold v-fw-medium body-copy\">Materiales impresos<\/li>\n<\/ul>\n<\/div>\n<div class=\"list-container list-lv\"><\/div>\n<\/div>\n<\/div>\n<\/div>\n<\/div>\n<\/div>\n","protected":false},"excerpt":{"rendered":"<p>Explora territorios virtuales inexplorados y mata dragones con esta elegante consola de juegos Sony PlayStation 5.\u00a0El SSD de 825 GB permite tiempos de carga ultrarr\u00e1pidos, mientras que la salida de<\/p>\n","protected":false},"featured_media":14558,"comment_status":"open","ping_status":"closed","template":"","meta":{"_acf_changed":false,"_joinchat":[]},"product_brand":[],"product_cat":[277,278,423,425],"product_tag":[],"class_list":{"0":"post-14473","1":"product","2":"type-product","3":"status-publish","4":"has-post-thumbnail","6":"product_cat-zona-gamer","7":"product_cat-consolas","8":"product_cat-consolas-playstation","9":"product_cat-todas-las-consolas","11":"first","12":"instock","13":"sale","14":"shipping-taxable","15":"purchasable","16":"product-type-simple"},"acf":[],"_links":{"self":[{"href":"https:\/\/defabrica.com.mx\/defabrica\/wp-json\/wp\/v2\/product\/14473","targetHints":{"allow":["GET"]}}],"collection":[{"href":"https:\/\/defabrica.com.mx\/defabrica\/wp-json\/wp\/v2\/product"}],"about":[{"href":"https:\/\/defabrica.com.mx\/defabrica\/wp-json\/wp\/v2\/types\/product"}],"replies":[{"embeddable":true,"href":"https:\/\/defabrica.com.mx\/defabrica\/wp-json\/wp\/v2\/comments?post=14473"}],"wp:featuredmedia":[{"embeddable":true,"href":"https:\/\/defabrica.com.mx\/defabrica\/wp-json\/wp\/v2\/media\/14558"}],"wp:attachment":[{"href":"https:\/\/defabrica.com.mx\/defabrica\/wp-json\/wp\/v2\/media?parent=14473"}],"wp:term":[{"taxonomy":"product_brand","embeddable":true,"href":"https:\/\/defabrica.com.mx\/defabrica\/wp-json\/wp\/v2\/product_brand?post=14473"},{"taxonomy":"product_cat","embeddable":true,"href":"https:\/\/defabrica.com.mx\/defabrica\/wp-json\/wp\/v2\/product_cat?post=14473"},{"taxonomy":"product_tag","embeddable":true,"href":"https:\/\/defabrica.com.mx\/defabrica\/wp-json\/wp\/v2\/product_tag?post=14473"}],"curies":[{"name":"wp","href":"https:\/\/api.w.org\/{rel}","templated":true}]}}