{"id":14320,"date":"2020-10-10T16:25:53","date_gmt":"2020-10-10T21:25:53","guid":{"rendered":"https:\/\/defabrica.com.mx\/defabrica\/?post_type=product&#038;p=14320"},"modified":"2023-01-28T11:18:35","modified_gmt":"2023-01-28T17:18:35","slug":"laptop-convertible-2-en-1-con-pantalla-tactil-evoo-elite-series-11-6-fhd-32-gb-de-almacenamiento-4-gb-de-memoria-intel-celeron-lapiz-optico-incluido-escaner-de-huellas-dactilares-micro-hdmi","status":"publish","type":"product","link":"https:\/\/defabrica.com.mx\/defabrica\/producto\/laptop-convertible-2-en-1-con-pantalla-tactil-evoo-elite-series-11-6-fhd-32-gb-de-almacenamiento-4-gb-de-memoria-intel-celeron-lapiz-optico-incluido-escaner-de-huellas-dactilares-micro-hdmi\/","title":{"rendered":"Laptop convertible 2 en 1 con pantalla t\u00e1ctil EVOO Elite Series 11.6 \u00ab- FHD, 32 GB de almacenamiento, 4 GB de memoria"},"content":{"rendered":"<p>Ponga la versatilidad de pr\u00f3xima generaci\u00f3n a su alcance con la computadora port\u00e1til con pantalla t\u00e1ctil convertible de 11.6 \u00abde EVOO. Con una resoluci\u00f3n Full HD de 1920 x 1080p en un panel IPS de pantalla t\u00e1ctil de alta fidelidad, esta computadora port\u00e1til convertible con pantalla t\u00e1ctil est\u00e1 dise\u00f1ada para un rendimiento confiable. Ya sea que sea un estudiante , padre o profesional que trabaja, esta laptop convertible con pantalla t\u00e1ctil EVOO de 11.6 \u00abtiene las herramientas que necesitar\u00e1 para triunfar.\u00a0Es una gran computadora port\u00e1til de uso diario para adolescentes y adultos que se puede convertir en diferentes posiciones para cumplir varios prop\u00f3sitos: modo port\u00e1til, soporte, modo tienda y modo tableta.\u00a0Est\u00e1 disponible en una variedad de colores, por lo que seguramente encontrar\u00e1 uno que se adapte a su estilo.\u00a0La computadora port\u00e1til con pantalla t\u00e1ctil convertible de la serie Elite de EVOO cuenta con esc\u00e1ner de huellas dactilares (Windows Hello), Windows Ink con Smart Stylus incluido y Cortana.<\/p>\n<p>&nbsp;<\/p>\n<p><b>EVOO 11.6 \u00abLaptop convertible con pantalla t\u00e1ctil &#8211; Serie Elite, FHD, 32GB de almacenamiento, 4GB de memoria, L\u00e1piz \u00f3ptico incluido, Esc\u00e1ner de huellas dactilares, Micro HDMI, C\u00e1mara frontal, Windows 10 Home, Plata:<\/b><\/p>\n<ul>\n<li>11,6 \u00abFHD<\/li>\n<li>Sintonizado por pantalla THX<\/li>\n<li>Stylus incluido<\/li>\n<li>Esc\u00e1ner de huellas dactilares<\/li>\n<li>Procesador de doble n\u00facleo<\/li>\n<li>4 GB de memoria y 32 GB de almacenamiento<\/li>\n<li>Micro HDMI<\/li>\n<li>C\u00e1mara frontal<\/li>\n<li>Windows 10 Home Edition<\/li>\n<li>Plata<\/li>\n<li>Caballo de batalla todo el d\u00eda<\/li>\n<li>A\u00f1o de fabricaci\u00f3n: 2019<\/li>\n<\/ul>\n<ul>\n<li><b>Compatible con Google Classroom<\/b><\/li>\n<\/ul>\n","protected":false},"excerpt":{"rendered":"<p>Ponga la versatilidad de pr\u00f3xima generaci\u00f3n a su alcance con la computadora port\u00e1til con pantalla t\u00e1ctil convertible de 11.6 \u00abde EVOO. Con una resoluci\u00f3n Full HD de 1920 x 1080p<\/p>\n","protected":false},"featured_media":14336,"comment_status":"open","ping_status":"closed","template":"","meta":{"_acf_changed":false,"_joinchat":[]},"product_brand":[],"product_cat":[240,242],"product_tag":[],"class_list":{"0":"post-14320","1":"product","2":"type-product","3":"status-publish","4":"has-post-thumbnail","6":"product_cat-computadoras","7":"product_cat-2-en-1","9":"first","10":"instock","11":"sale","12":"shipping-taxable","13":"purchasable","14":"product-type-variable","15":"has-default-attributes"},"acf":[],"_links":{"self":[{"href":"https:\/\/defabrica.com.mx\/defabrica\/wp-json\/wp\/v2\/product\/14320","targetHints":{"allow":["GET"]}}],"collection":[{"href":"https:\/\/defabrica.com.mx\/defabrica\/wp-json\/wp\/v2\/product"}],"about":[{"href":"https:\/\/defabrica.com.mx\/defabrica\/wp-json\/wp\/v2\/types\/product"}],"replies":[{"embeddable":true,"href":"https:\/\/defabrica.com.mx\/defabrica\/wp-json\/wp\/v2\/comments?post=14320"}],"wp:featuredmedia":[{"embeddable":true,"href":"https:\/\/defabrica.com.mx\/defabrica\/wp-json\/wp\/v2\/media\/14336"}],"wp:attachment":[{"href":"https:\/\/defabrica.com.mx\/defabrica\/wp-json\/wp\/v2\/media?parent=14320"}],"wp:term":[{"taxonomy":"product_brand","embeddable":true,"href":"https:\/\/defabrica.com.mx\/defabrica\/wp-json\/wp\/v2\/product_brand?post=14320"},{"taxonomy":"product_cat","embeddable":true,"href":"https:\/\/defabrica.com.mx\/defabrica\/wp-json\/wp\/v2\/product_cat?post=14320"},{"taxonomy":"product_tag","embeddable":true,"href":"https:\/\/defabrica.com.mx\/defabrica\/wp-json\/wp\/v2\/product_tag?post=14320"}],"curies":[{"name":"wp","href":"https:\/\/api.w.org\/{rel}","templated":true}]}}