{"id":14213,"date":"2020-10-09T13:32:14","date_gmt":"2020-10-09T18:32:14","guid":{"rendered":"https:\/\/defabrica.com.mx\/defabrica\/?post_type=product&#038;p=14213"},"modified":"2022-11-30T14:05:44","modified_gmt":"2022-11-30T20:05:44","slug":"computadora-de-escritorio-hp-all-in-one-20-c410-195-celeron-uhd-600-4-gb-de-ram-hdd-de-1-tb","status":"publish","type":"product","link":"https:\/\/defabrica.com.mx\/defabrica\/producto\/computadora-de-escritorio-hp-all-in-one-20-c410-195-celeron-uhd-600-4-gb-de-ram-hdd-de-1-tb\/","title":{"rendered":"Computadora de escritorio HP All-in-One 20-c410 | 19,5 \u00ab| Celeron | UHD 600 | 4 GB de RAM | HDD de 1 TB"},"content":{"rendered":"<h3><strong>Caracteristicas<\/strong><\/h3>\n<ul>\n<li><strong>Desarrollado para todos los d\u00edas<\/strong><\/li>\n<li>Los \u00faltimos procesadores, gran capacidad de almacenamiento y una variedad de tama\u00f1os de pantalla IPS potencian su contenido y brindan a toda la familia una vista incre\u00edble.\u00a0Ahora todo el mundo puede conectarse sin reducir la velocidad.<\/li>\n<li><strong>Calidad en la que todos pueden contar<\/strong><\/li>\n<li>Con m\u00e1s de 100 pruebas, puede confiar en su HP All-in-One para ayudar a su familia con cada tarea, proyecto escolar y atracones de pel\u00edculas durante todo el d\u00eda.<\/li>\n<li><strong>Un toque de personalidad<\/strong><\/li>\n<li>Un poco de color realmente puede dar vida a toda una habitaci\u00f3n, por lo que redise\u00f1amos nuestro Todo-en-Uno con un dise\u00f1o de soporte nuevo y elegante y un patr\u00f3n ondulado colorido.<\/li>\n<li><strong>Software incluido<\/strong><\/li>\n<li>McAfee LiveSafe \u2122<br \/>\nCyberLink Power Media Player;\u00a0Netflix<br \/>\nCompre Office<br \/>\nHP Connection Optimizer;\u00a0HP Games de WildTangent;\u00a0HP JumpStart;\u00a0Administrador de recuperaci\u00f3n de HP;\u00a0Asistente de soporte HP<\/li>\n<\/ul>\n","protected":false},"excerpt":{"rendered":"<p>Caracteristicas Desarrollado para todos los d\u00edas Los \u00faltimos procesadores, gran capacidad de almacenamiento y una variedad de tama\u00f1os de pantalla IPS potencian su contenido y brindan a toda la familia<\/p>\n","protected":false},"featured_media":65657,"comment_status":"open","ping_status":"closed","template":"","meta":{"_acf_changed":false,"_joinchat":[]},"product_brand":[],"product_cat":[240,241],"product_tag":[],"class_list":{"0":"post-14213","1":"product","2":"type-product","3":"status-publish","4":"has-post-thumbnail","6":"product_cat-computadoras","7":"product_cat-laptops","9":"first","10":"instock","11":"sale","12":"shipping-taxable","13":"purchasable","14":"product-type-simple"},"acf":[],"_links":{"self":[{"href":"https:\/\/defabrica.com.mx\/defabrica\/wp-json\/wp\/v2\/product\/14213","targetHints":{"allow":["GET"]}}],"collection":[{"href":"https:\/\/defabrica.com.mx\/defabrica\/wp-json\/wp\/v2\/product"}],"about":[{"href":"https:\/\/defabrica.com.mx\/defabrica\/wp-json\/wp\/v2\/types\/product"}],"replies":[{"embeddable":true,"href":"https:\/\/defabrica.com.mx\/defabrica\/wp-json\/wp\/v2\/comments?post=14213"}],"wp:featuredmedia":[{"embeddable":true,"href":"https:\/\/defabrica.com.mx\/defabrica\/wp-json\/wp\/v2\/media\/65657"}],"wp:attachment":[{"href":"https:\/\/defabrica.com.mx\/defabrica\/wp-json\/wp\/v2\/media?parent=14213"}],"wp:term":[{"taxonomy":"product_brand","embeddable":true,"href":"https:\/\/defabrica.com.mx\/defabrica\/wp-json\/wp\/v2\/product_brand?post=14213"},{"taxonomy":"product_cat","embeddable":true,"href":"https:\/\/defabrica.com.mx\/defabrica\/wp-json\/wp\/v2\/product_cat?post=14213"},{"taxonomy":"product_tag","embeddable":true,"href":"https:\/\/defabrica.com.mx\/defabrica\/wp-json\/wp\/v2\/product_tag?post=14213"}],"curies":[{"name":"wp","href":"https:\/\/api.w.org\/{rel}","templated":true}]}}