{"id":14154,"date":"2020-10-09T02:17:16","date_gmt":"2020-10-09T07:17:16","guid":{"rendered":"https:\/\/defabrica.com.mx\/defabrica\/?post_type=product&#038;p=14154"},"modified":"2023-01-24T15:55:23","modified_gmt":"2023-01-24T21:55:23","slug":"bareminerals-lash-domination-mascara-voluminizadora-intense-black-0-37-oz-mascara","status":"publish","type":"product","link":"https:\/\/defabrica.com.mx\/defabrica\/producto\/bareminerals-lash-domination-mascara-voluminizadora-intense-black-0-37-oz-mascara\/","title":{"rendered":"bareMinerals Lash Domination Mascara voluminizadora &#8211; Intense Black 0.37 oz Mascara"},"content":{"rendered":"<div class=\"AccordionCard\" data-tl-id=\"accordion-card-features\">\n<section>\n<div id=\"accordion-card-content-accordion-card-features\" class=\"collapsable AccordionCard-content collapsable--open\" tabindex=\"0\" role=\"region\" aria-hidden=\"false\" aria-describedby=\"accordion-card-header-accordion-card-features\">\n<div class=\"collapsable-content-container\">\n<div class=\"about-item-collapsable-features xxs-margin-left m-margin-top\">\n<div>\n<div>M\u00e1scara: &#8211; Esta base de sombra iluminadora de ojos barre suavemente alrededor del \u00e1rea de los ojos para un acabado suave que disminuye la apariencia de somnolencia matutina o falta de sue\u00f1o.\u00a0Barre para contrarrestar las sombras oscuras alrededor de los ojos o incluso la nariz y los labios.bareMinerals Lash Domination Volumizing Mascara &#8211; Intense Black 0.37 oz Mascara<\/div>\n<\/div>\n<\/div>\n<div>\n<div>\n<div><\/div>\n<\/div>\n<div>\n<div><\/div>\n<\/div>\n<\/div>\n<\/div>\n<\/div>\n<\/section>\n<\/div>\n<div class=\"AccordionCard\" data-tl-id=\"accordion-card-ingredients\"><\/div>\n","protected":false},"excerpt":{"rendered":"<p>M\u00e1scara: &#8211; Esta base de sombra iluminadora de ojos barre suavemente alrededor del \u00e1rea de los ojos para un acabado suave que disminuye la apariencia de somnolencia matutina o falta<\/p>\n","protected":false},"featured_media":14155,"comment_status":"open","ping_status":"closed","template":"","meta":{"_acf_changed":false,"_joinchat":[]},"product_brand":[],"product_cat":[1520,331,352,466,472],"product_tag":[],"class_list":{"0":"post-14154","1":"product","2":"type-product","3":"status-publish","4":"has-post-thumbnail","6":"product_cat-ofertas-saludbelleza","7":"product_cat-salud-y-belleza","8":"product_cat-ella","9":"product_cat-maquillaje","10":"product_cat-pestanas","12":"first","13":"instock","14":"sale","15":"shipping-taxable","16":"purchasable","17":"product-type-simple"},"acf":[],"_links":{"self":[{"href":"https:\/\/defabrica.com.mx\/defabrica\/wp-json\/wp\/v2\/product\/14154","targetHints":{"allow":["GET"]}}],"collection":[{"href":"https:\/\/defabrica.com.mx\/defabrica\/wp-json\/wp\/v2\/product"}],"about":[{"href":"https:\/\/defabrica.com.mx\/defabrica\/wp-json\/wp\/v2\/types\/product"}],"replies":[{"embeddable":true,"href":"https:\/\/defabrica.com.mx\/defabrica\/wp-json\/wp\/v2\/comments?post=14154"}],"wp:featuredmedia":[{"embeddable":true,"href":"https:\/\/defabrica.com.mx\/defabrica\/wp-json\/wp\/v2\/media\/14155"}],"wp:attachment":[{"href":"https:\/\/defabrica.com.mx\/defabrica\/wp-json\/wp\/v2\/media?parent=14154"}],"wp:term":[{"taxonomy":"product_brand","embeddable":true,"href":"https:\/\/defabrica.com.mx\/defabrica\/wp-json\/wp\/v2\/product_brand?post=14154"},{"taxonomy":"product_cat","embeddable":true,"href":"https:\/\/defabrica.com.mx\/defabrica\/wp-json\/wp\/v2\/product_cat?post=14154"},{"taxonomy":"product_tag","embeddable":true,"href":"https:\/\/defabrica.com.mx\/defabrica\/wp-json\/wp\/v2\/product_tag?post=14154"}],"curies":[{"name":"wp","href":"https:\/\/api.w.org\/{rel}","templated":true}]}}