{"id":14142,"date":"2020-10-09T02:04:32","date_gmt":"2020-10-09T07:04:32","guid":{"rendered":"https:\/\/defabrica.com.mx\/defabrica\/?post_type=product&#038;p=14142"},"modified":"2023-01-24T15:53:15","modified_gmt":"2023-01-24T21:53:15","slug":"thebalm-mad-lash-conjunto-duo-de-tamano-completo","status":"publish","type":"product","link":"https:\/\/defabrica.com.mx\/defabrica\/producto\/thebalm-mad-lash-conjunto-duo-de-tamano-completo\/","title":{"rendered":"Thebalm Mad Lash Conjunto d\u00fao de tama\u00f1o completo"},"content":{"rendered":"<p>\u00a1Presentamos Mad Lash\u00ae, un r\u00edmel fuera de este mundo de theBalm\u00ae Cosmetics!\u00a0Equipado con una varita moldeada por inyecci\u00f3n, Mad Lash\u00ae transforma tus pesta\u00f1as a nuevos niveles de altura y plenitud.\u00a0La f\u00f3rmula fenomenal brinda volumen y definici\u00f3n intensos en un rico tono negro que dar\u00e1 vida a tus pesta\u00f1as.<\/p>\n<ul>\n<li><strong>Instrucciones:\u00a0<\/strong>\u00a0Pasa la varita de r\u00edmel a trav\u00e9s de tus pesta\u00f1as comenzando por la base.\u00a0Mueva la varita de lado a lado a medida que avanza para aumentar el volumen.<\/li>\n<li><strong>Peso Neto:\u00a0<\/strong>\u00a08 ml \/ 0.27 oz.\u00a0(x 2)<\/li>\n<\/ul>\n","protected":false},"excerpt":{"rendered":"<p>\u00a1Presentamos Mad Lash\u00ae, un r\u00edmel fuera de este mundo de theBalm\u00ae Cosmetics!\u00a0Equipado con una varita moldeada por inyecci\u00f3n, Mad Lash\u00ae transforma tus pesta\u00f1as a nuevos niveles de altura y plenitud.\u00a0La<\/p>\n","protected":false},"featured_media":14143,"comment_status":"open","ping_status":"closed","template":"","meta":{"_acf_changed":false,"_joinchat":[]},"product_brand":[],"product_cat":[1520,331,352,466,472],"product_tag":[],"class_list":{"0":"post-14142","1":"product","2":"type-product","3":"status-publish","4":"has-post-thumbnail","6":"product_cat-ofertas-saludbelleza","7":"product_cat-salud-y-belleza","8":"product_cat-ella","9":"product_cat-maquillaje","10":"product_cat-pestanas","12":"first","13":"instock","14":"sale","15":"shipping-taxable","16":"purchasable","17":"product-type-simple"},"acf":[],"_links":{"self":[{"href":"https:\/\/defabrica.com.mx\/defabrica\/wp-json\/wp\/v2\/product\/14142","targetHints":{"allow":["GET"]}}],"collection":[{"href":"https:\/\/defabrica.com.mx\/defabrica\/wp-json\/wp\/v2\/product"}],"about":[{"href":"https:\/\/defabrica.com.mx\/defabrica\/wp-json\/wp\/v2\/types\/product"}],"replies":[{"embeddable":true,"href":"https:\/\/defabrica.com.mx\/defabrica\/wp-json\/wp\/v2\/comments?post=14142"}],"wp:featuredmedia":[{"embeddable":true,"href":"https:\/\/defabrica.com.mx\/defabrica\/wp-json\/wp\/v2\/media\/14143"}],"wp:attachment":[{"href":"https:\/\/defabrica.com.mx\/defabrica\/wp-json\/wp\/v2\/media?parent=14142"}],"wp:term":[{"taxonomy":"product_brand","embeddable":true,"href":"https:\/\/defabrica.com.mx\/defabrica\/wp-json\/wp\/v2\/product_brand?post=14142"},{"taxonomy":"product_cat","embeddable":true,"href":"https:\/\/defabrica.com.mx\/defabrica\/wp-json\/wp\/v2\/product_cat?post=14142"},{"taxonomy":"product_tag","embeddable":true,"href":"https:\/\/defabrica.com.mx\/defabrica\/wp-json\/wp\/v2\/product_tag?post=14142"}],"curies":[{"name":"wp","href":"https:\/\/api.w.org\/{rel}","templated":true}]}}