{"id":14132,"date":"2020-10-09T01:51:36","date_gmt":"2020-10-09T06:51:36","guid":{"rendered":"https:\/\/defabrica.com.mx\/defabrica\/?post_type=product&#038;p=14132"},"modified":"2023-01-24T15:51:55","modified_gmt":"2023-01-24T21:51:55","slug":"estee-lauder-sumptuous-extreme-lash-multiplying-volume-mascara-01-extreme-black-0-27-oz-mascara-de-pestanas","status":"publish","type":"product","link":"https:\/\/defabrica.com.mx\/defabrica\/producto\/estee-lauder-sumptuous-extreme-lash-multiplying-volume-mascara-01-extreme-black-0-27-oz-mascara-de-pestanas\/","title":{"rendered":"Estee Lauder Sumptuous Extreme Lash Multiplying Volume Mascara &#8211; 01 Extreme Black 0.27 oz Mascara de pesta\u00f1as"},"content":{"rendered":"<p>R\u00edmel: &#8211; Las pesta\u00f1as parecen multiplicarse, magnificarse, crecer hasta los extremos. Tres fibras diferentes de alto volumen crean efectos audaces de pesta\u00f1as postizas. El color brillante deja los ojos luciendo m\u00e1s brillantes, m\u00e1s anchos y m\u00e1s seductores que nunca. Estee Lauder Sumptuous Extreme Lash Multiplying Volume Mascara &#8211; 01 Extreme Black 0.27 oz Mascara<\/p>\n","protected":false},"excerpt":{"rendered":"<p>R\u00edmel: &#8211; Las pesta\u00f1as parecen multiplicarse, magnificarse, crecer hasta los extremos. Tres fibras diferentes de alto volumen crean efectos audaces de pesta\u00f1as postizas. El color brillante deja los ojos luciendo<\/p>\n","protected":false},"featured_media":14133,"comment_status":"open","ping_status":"closed","template":"","meta":{"_acf_changed":false,"_joinchat":[]},"product_brand":[],"product_cat":[1520,331,352,466,472],"product_tag":[],"class_list":{"0":"post-14132","1":"product","2":"type-product","3":"status-publish","4":"has-post-thumbnail","6":"product_cat-ofertas-saludbelleza","7":"product_cat-salud-y-belleza","8":"product_cat-ella","9":"product_cat-maquillaje","10":"product_cat-pestanas","12":"first","13":"instock","14":"sale","15":"shipping-taxable","16":"purchasable","17":"product-type-simple"},"acf":[],"_links":{"self":[{"href":"https:\/\/defabrica.com.mx\/defabrica\/wp-json\/wp\/v2\/product\/14132","targetHints":{"allow":["GET"]}}],"collection":[{"href":"https:\/\/defabrica.com.mx\/defabrica\/wp-json\/wp\/v2\/product"}],"about":[{"href":"https:\/\/defabrica.com.mx\/defabrica\/wp-json\/wp\/v2\/types\/product"}],"replies":[{"embeddable":true,"href":"https:\/\/defabrica.com.mx\/defabrica\/wp-json\/wp\/v2\/comments?post=14132"}],"wp:featuredmedia":[{"embeddable":true,"href":"https:\/\/defabrica.com.mx\/defabrica\/wp-json\/wp\/v2\/media\/14133"}],"wp:attachment":[{"href":"https:\/\/defabrica.com.mx\/defabrica\/wp-json\/wp\/v2\/media?parent=14132"}],"wp:term":[{"taxonomy":"product_brand","embeddable":true,"href":"https:\/\/defabrica.com.mx\/defabrica\/wp-json\/wp\/v2\/product_brand?post=14132"},{"taxonomy":"product_cat","embeddable":true,"href":"https:\/\/defabrica.com.mx\/defabrica\/wp-json\/wp\/v2\/product_cat?post=14132"},{"taxonomy":"product_tag","embeddable":true,"href":"https:\/\/defabrica.com.mx\/defabrica\/wp-json\/wp\/v2\/product_tag?post=14132"}],"curies":[{"name":"wp","href":"https:\/\/api.w.org\/{rel}","templated":true}]}}