{"id":14122,"date":"2020-10-09T01:39:57","date_gmt":"2020-10-09T06:39:57","guid":{"rendered":"https:\/\/defabrica.com.mx\/defabrica\/?post_type=product&#038;p=14122"},"modified":"2023-01-24T15:51:11","modified_gmt":"2023-01-24T21:51:11","slug":"it-cosmetics-superhero-elastic-stretch-volumizing-mascara-super-black-30-fl-oz","status":"publish","type":"product","link":"https:\/\/defabrica.com.mx\/defabrica\/producto\/it-cosmetics-superhero-elastic-stretch-volumizing-mascara-super-black-30-fl-oz\/","title":{"rendered":"It Cosmetics Superhero Elastic Stretch Volumizing Mascara, Super Black, .30 Fl Oz"},"content":{"rendered":"<p>Transforma el aspecto de tus pesta\u00f1as en una sola capa con IT Cosmetics Superhero Elastic Stretch Volumizing Mascara.\u00a0Con una tecnolog\u00eda \u00fanica de estiramiento el\u00e1stico que envuelve cada pesta\u00f1a individual, esta m\u00e1scara voluminizadora \u00fanica tambi\u00e9n est\u00e1 formulada con p\u00e9ptidos, prote\u00ednas, biotina, pol\u00edmeros que mejoran las pesta\u00f1as y col\u00e1geno.\u00a0Eres un superh\u00e9roe.\u00a0Lo haces todo y ahora tu r\u00edmel tambi\u00e9n lo hace.\u00a0IT Cosmetics Superhero Elastic Stretch Volumizing Mascara no es resistente al agua.<\/p>\n","protected":false},"excerpt":{"rendered":"<p>Transforma el aspecto de tus pesta\u00f1as en una sola capa con IT Cosmetics Superhero Elastic Stretch Volumizing Mascara.\u00a0Con una tecnolog\u00eda \u00fanica de estiramiento el\u00e1stico que envuelve cada pesta\u00f1a individual, esta<\/p>\n","protected":false},"featured_media":14124,"comment_status":"open","ping_status":"closed","template":"","meta":{"_acf_changed":false,"_joinchat":[]},"product_brand":[],"product_cat":[1520,331,352,466,472],"product_tag":[],"class_list":{"0":"post-14122","1":"product","2":"type-product","3":"status-publish","4":"has-post-thumbnail","6":"product_cat-ofertas-saludbelleza","7":"product_cat-salud-y-belleza","8":"product_cat-ella","9":"product_cat-maquillaje","10":"product_cat-pestanas","12":"first","13":"instock","14":"sale","15":"shipping-taxable","16":"purchasable","17":"product-type-simple"},"acf":[],"_links":{"self":[{"href":"https:\/\/defabrica.com.mx\/defabrica\/wp-json\/wp\/v2\/product\/14122","targetHints":{"allow":["GET"]}}],"collection":[{"href":"https:\/\/defabrica.com.mx\/defabrica\/wp-json\/wp\/v2\/product"}],"about":[{"href":"https:\/\/defabrica.com.mx\/defabrica\/wp-json\/wp\/v2\/types\/product"}],"replies":[{"embeddable":true,"href":"https:\/\/defabrica.com.mx\/defabrica\/wp-json\/wp\/v2\/comments?post=14122"}],"wp:featuredmedia":[{"embeddable":true,"href":"https:\/\/defabrica.com.mx\/defabrica\/wp-json\/wp\/v2\/media\/14124"}],"wp:attachment":[{"href":"https:\/\/defabrica.com.mx\/defabrica\/wp-json\/wp\/v2\/media?parent=14122"}],"wp:term":[{"taxonomy":"product_brand","embeddable":true,"href":"https:\/\/defabrica.com.mx\/defabrica\/wp-json\/wp\/v2\/product_brand?post=14122"},{"taxonomy":"product_cat","embeddable":true,"href":"https:\/\/defabrica.com.mx\/defabrica\/wp-json\/wp\/v2\/product_cat?post=14122"},{"taxonomy":"product_tag","embeddable":true,"href":"https:\/\/defabrica.com.mx\/defabrica\/wp-json\/wp\/v2\/product_tag?post=14122"}],"curies":[{"name":"wp","href":"https:\/\/api.w.org\/{rel}","templated":true}]}}