{"id":14114,"date":"2020-10-09T01:35:23","date_gmt":"2020-10-09T06:35:23","guid":{"rendered":"https:\/\/defabrica.com.mx\/defabrica\/?post_type=product&#038;p=14114"},"modified":"2023-01-24T15:50:16","modified_gmt":"2023-01-24T21:50:16","slug":"mascara-de-pestanas-stila-huge-extreme-lash-negro-0-44-oz","status":"publish","type":"product","link":"https:\/\/defabrica.com.mx\/defabrica\/producto\/mascara-de-pestanas-stila-huge-extreme-lash-negro-0-44-oz\/","title":{"rendered":"M\u00e1scara de pesta\u00f1as Stila Huge Extreme Lash, negro, 0.44 oz"},"content":{"rendered":"<p>M\u00e1scara de pesta\u00f1as: Obtenga sus pesta\u00f1as m\u00e1s grandes, atrevidas y negras con la m\u00e1scara de pesta\u00f1as extrema STila HUGE extreme.\u00a0Con solo una capa, obtienes instant\u00e1neamente mayor volumen, longitud, rizo, levantamiento y un color negro intenso.Stila HUGE Extreme Lash Mascara &#8211; Black 0.44 oz Mascara<\/p>\n","protected":false},"excerpt":{"rendered":"<p>M\u00e1scara de pesta\u00f1as: Obtenga sus pesta\u00f1as m\u00e1s grandes, atrevidas y negras con la m\u00e1scara de pesta\u00f1as extrema STila HUGE extreme.\u00a0Con solo una capa, obtienes instant\u00e1neamente mayor volumen, longitud, rizo, levantamiento<\/p>\n","protected":false},"featured_media":14115,"comment_status":"open","ping_status":"closed","template":"","meta":{"_acf_changed":false,"_joinchat":[]},"product_brand":[],"product_cat":[1520,331,352,466,472],"product_tag":[],"class_list":{"0":"post-14114","1":"product","2":"type-product","3":"status-publish","4":"has-post-thumbnail","6":"product_cat-ofertas-saludbelleza","7":"product_cat-salud-y-belleza","8":"product_cat-ella","9":"product_cat-maquillaje","10":"product_cat-pestanas","12":"first","13":"instock","14":"sale","15":"shipping-taxable","16":"purchasable","17":"product-type-simple"},"acf":[],"_links":{"self":[{"href":"https:\/\/defabrica.com.mx\/defabrica\/wp-json\/wp\/v2\/product\/14114","targetHints":{"allow":["GET"]}}],"collection":[{"href":"https:\/\/defabrica.com.mx\/defabrica\/wp-json\/wp\/v2\/product"}],"about":[{"href":"https:\/\/defabrica.com.mx\/defabrica\/wp-json\/wp\/v2\/types\/product"}],"replies":[{"embeddable":true,"href":"https:\/\/defabrica.com.mx\/defabrica\/wp-json\/wp\/v2\/comments?post=14114"}],"wp:featuredmedia":[{"embeddable":true,"href":"https:\/\/defabrica.com.mx\/defabrica\/wp-json\/wp\/v2\/media\/14115"}],"wp:attachment":[{"href":"https:\/\/defabrica.com.mx\/defabrica\/wp-json\/wp\/v2\/media?parent=14114"}],"wp:term":[{"taxonomy":"product_brand","embeddable":true,"href":"https:\/\/defabrica.com.mx\/defabrica\/wp-json\/wp\/v2\/product_brand?post=14114"},{"taxonomy":"product_cat","embeddable":true,"href":"https:\/\/defabrica.com.mx\/defabrica\/wp-json\/wp\/v2\/product_cat?post=14114"},{"taxonomy":"product_tag","embeddable":true,"href":"https:\/\/defabrica.com.mx\/defabrica\/wp-json\/wp\/v2\/product_tag?post=14114"}],"curies":[{"name":"wp","href":"https:\/\/api.w.org\/{rel}","templated":true}]}}