{"id":14105,"date":"2020-10-09T00:54:36","date_gmt":"2020-10-09T05:54:36","guid":{"rendered":"https:\/\/defabrica.com.mx\/defabrica\/?post_type=product&#038;p=14105"},"modified":"2023-01-24T15:48:06","modified_gmt":"2023-01-24T21:48:06","slug":"esmalte-de-unas-holografico-color-club","status":"publish","type":"product","link":"https:\/\/defabrica.com.mx\/defabrica\/producto\/esmalte-de-unas-holografico-color-club\/","title":{"rendered":"Esmalte de u\u00f1as hologr\u00e1fico Color Club."},"content":{"rendered":"<p>\u00a1Es f\u00e1cil ver por qu\u00e9 los esmaltes de u\u00f1as hologr\u00e1ficos Color Club son los favoritos de los fan\u00e1ticos!\u00a0Cada esmalte de u\u00f1as hologr\u00e1fico refleja un efecto de arco iris reluciente.\u00a0Las lacas de u\u00f1as Color Club se crearon inicialmente para profesionales de la industria y los salones de belleza, y r\u00e1pidamente se convirtieron en las favoritas de los t\u00e9cnicos y artistas de u\u00f1as de todo el mundo.\u00a0Hoy en d\u00eda, las lacas de moda ahora est\u00e1n disponibles para el p\u00fablico, lo que significa que puede obtener los tonos m\u00e1s innovadores y de moda en su propio tiempo.\u00a0Desde los neones m\u00e1s atrevidos hasta los hologr\u00e1ficos m\u00e1s radiantes, las lacas de u\u00f1as Color Club vienen en todos los tonos bajo el sol.<\/p>\n<ul>\n<li>Calidad profesional<\/li>\n<li>F\u00f3rmula de larga duraci\u00f3n<\/li>\n<li>Con un efecto de arco iris hologr\u00e1fico intenso<\/li>\n<\/ul>\n","protected":false},"excerpt":{"rendered":"<p>\u00a1Es f\u00e1cil ver por qu\u00e9 los esmaltes de u\u00f1as hologr\u00e1ficos Color Club son los favoritos de los fan\u00e1ticos!\u00a0Cada esmalte de u\u00f1as hologr\u00e1fico refleja un efecto de arco iris reluciente.\u00a0Las lacas<\/p>\n","protected":false},"featured_media":14106,"comment_status":"open","ping_status":"closed","template":"","meta":{"_acf_changed":false,"_joinchat":[]},"product_brand":[],"product_cat":[1520,331,352,466,470],"product_tag":[],"class_list":{"0":"post-14105","1":"product","2":"type-product","3":"status-publish","4":"has-post-thumbnail","6":"product_cat-ofertas-saludbelleza","7":"product_cat-salud-y-belleza","8":"product_cat-ella","9":"product_cat-maquillaje","10":"product_cat-unas","12":"first","13":"instock","14":"sale","15":"shipping-taxable","16":"purchasable","17":"product-type-simple"},"acf":[],"_links":{"self":[{"href":"https:\/\/defabrica.com.mx\/defabrica\/wp-json\/wp\/v2\/product\/14105","targetHints":{"allow":["GET"]}}],"collection":[{"href":"https:\/\/defabrica.com.mx\/defabrica\/wp-json\/wp\/v2\/product"}],"about":[{"href":"https:\/\/defabrica.com.mx\/defabrica\/wp-json\/wp\/v2\/types\/product"}],"replies":[{"embeddable":true,"href":"https:\/\/defabrica.com.mx\/defabrica\/wp-json\/wp\/v2\/comments?post=14105"}],"wp:featuredmedia":[{"embeddable":true,"href":"https:\/\/defabrica.com.mx\/defabrica\/wp-json\/wp\/v2\/media\/14106"}],"wp:attachment":[{"href":"https:\/\/defabrica.com.mx\/defabrica\/wp-json\/wp\/v2\/media?parent=14105"}],"wp:term":[{"taxonomy":"product_brand","embeddable":true,"href":"https:\/\/defabrica.com.mx\/defabrica\/wp-json\/wp\/v2\/product_brand?post=14105"},{"taxonomy":"product_cat","embeddable":true,"href":"https:\/\/defabrica.com.mx\/defabrica\/wp-json\/wp\/v2\/product_cat?post=14105"},{"taxonomy":"product_tag","embeddable":true,"href":"https:\/\/defabrica.com.mx\/defabrica\/wp-json\/wp\/v2\/product_tag?post=14105"}],"curies":[{"name":"wp","href":"https:\/\/api.w.org\/{rel}","templated":true}]}}