{"id":14038,"date":"2020-10-08T23:40:46","date_gmt":"2020-10-09T04:40:46","guid":{"rendered":"https:\/\/defabrica.com.mx\/defabrica\/?post_type=product&#038;p=14038"},"modified":"2023-01-24T15:36:44","modified_gmt":"2023-01-24T21:36:44","slug":"reparacion-de-unas-multiusos-kerasal-44-oz","status":"publish","type":"product","link":"https:\/\/defabrica.com.mx\/defabrica\/producto\/reparacion-de-unas-multiusos-kerasal-44-oz\/","title":{"rendered":"Reparaci\u00f3n de u\u00f1as multiusos Kerasal, .44 oz"},"content":{"rendered":"<p>Kerasal Multi-Purpose Nail Repair Mejora la apariencia de las u\u00f1as da\u00f1adas por hongos en las u\u00f1as, psoriasis, manicura en gel o envejecimiento.<\/p>\n<ul>\n<li>Soluci\u00f3n t\u00f3pica de reparaci\u00f3n de u\u00f1as 4 en 1 multiprop\u00f3sito: mejora la apariencia de las u\u00f1as de las manos o de los pies da\u00f1adas por cualquiera de los siguientes cuatro problemas: psoriasis, manicura en gel, envejecimiento u hongos (onicomicosis).<\/li>\n<li>Reduce la decoloraci\u00f3n, normaliza el grosor, suaviza e hidrata: si tienes u\u00f1as descoloridas, engrosadas, quebradizas o que se desmoronan, la causa podr\u00eda ser hongos en las u\u00f1as, psoriasis en las u\u00f1as, da\u00f1o superficial de las manicuras en gel o u\u00f1as envejecidas.<\/li>\n<li>RENOVAR Y REPARAR: Revitaliza las u\u00f1as de las manos y los pies penetrando y suavizando la capa da\u00f1ada de la u\u00f1a.\u00a0Es una soluci\u00f3n transparente e inodoro que es f\u00e1cil de aplicar con el aplicador de precisi\u00f3n con punta de pincel.<\/li>\n<li># 1 RECOMENDADO POR EL DOCTOR: Kerasal es la marca # 1 recomendada por los pod\u00f3logos * para mejorar la apariencia de las u\u00f1as da\u00f1adas por una infecci\u00f3n por hongos.\u00a0Dale a tus u\u00f1as da\u00f1adas el cuidado que necesitan.\u00a0* Estudio Pod\u00f3logo 2018.<\/li>\n<li>KERASAL CUIDA SUS PIES: Exfolie, humecte y repare los pies secos y agrietados con nuestro Intensive Foot Repair o mejore la apariencia de las u\u00f1as da\u00f1adas por hongos con Kerasal Fungal Nail Renewal.<\/li>\n<\/ul>\n","protected":false},"excerpt":{"rendered":"<p>Kerasal Multi-Purpose Nail Repair Mejora la apariencia de las u\u00f1as da\u00f1adas por hongos en las u\u00f1as, psoriasis, manicura en gel o envejecimiento. Soluci\u00f3n t\u00f3pica de reparaci\u00f3n de u\u00f1as 4 en<\/p>\n","protected":false},"featured_media":14039,"comment_status":"open","ping_status":"closed","template":"","meta":{"_acf_changed":false,"_joinchat":[]},"product_brand":[],"product_cat":[1520,331,352,466,470],"product_tag":[],"class_list":{"0":"post-14038","1":"product","2":"type-product","3":"status-publish","4":"has-post-thumbnail","6":"product_cat-ofertas-saludbelleza","7":"product_cat-salud-y-belleza","8":"product_cat-ella","9":"product_cat-maquillaje","10":"product_cat-unas","12":"first","13":"instock","14":"sale","15":"shipping-taxable","16":"purchasable","17":"product-type-simple"},"acf":[],"_links":{"self":[{"href":"https:\/\/defabrica.com.mx\/defabrica\/wp-json\/wp\/v2\/product\/14038","targetHints":{"allow":["GET"]}}],"collection":[{"href":"https:\/\/defabrica.com.mx\/defabrica\/wp-json\/wp\/v2\/product"}],"about":[{"href":"https:\/\/defabrica.com.mx\/defabrica\/wp-json\/wp\/v2\/types\/product"}],"replies":[{"embeddable":true,"href":"https:\/\/defabrica.com.mx\/defabrica\/wp-json\/wp\/v2\/comments?post=14038"}],"wp:featuredmedia":[{"embeddable":true,"href":"https:\/\/defabrica.com.mx\/defabrica\/wp-json\/wp\/v2\/media\/14039"}],"wp:attachment":[{"href":"https:\/\/defabrica.com.mx\/defabrica\/wp-json\/wp\/v2\/media?parent=14038"}],"wp:term":[{"taxonomy":"product_brand","embeddable":true,"href":"https:\/\/defabrica.com.mx\/defabrica\/wp-json\/wp\/v2\/product_brand?post=14038"},{"taxonomy":"product_cat","embeddable":true,"href":"https:\/\/defabrica.com.mx\/defabrica\/wp-json\/wp\/v2\/product_cat?post=14038"},{"taxonomy":"product_tag","embeddable":true,"href":"https:\/\/defabrica.com.mx\/defabrica\/wp-json\/wp\/v2\/product_tag?post=14038"}],"curies":[{"name":"wp","href":"https:\/\/api.w.org\/{rel}","templated":true}]}}