{"id":13703,"date":"2020-10-05T00:30:27","date_gmt":"2020-10-05T05:30:27","guid":{"rendered":"https:\/\/defabrica.com.mx\/defabrica\/?post_type=product&#038;p=13703"},"modified":"2023-01-24T14:18:37","modified_gmt":"2023-01-24T20:18:37","slug":"plancha-alisadora-remington-de-1-con-tecnologia-pearl-ceramic-negra-s9500pp","status":"publish","type":"product","link":"https:\/\/defabrica.com.mx\/defabrica\/producto\/plancha-alisadora-remington-de-1-con-tecnologia-pearl-ceramic-negra-s9500pp\/","title":{"rendered":"Plancha alisadora Remington de 1 \u00abcon tecnolog\u00eda Pearl Ceramic, negra, S9500PP"},"content":{"rendered":"<p>\u00a1Obtenga resultados profesionales en casa con la plancha alisadora REMINGTON de 1 \u00abcon tecnolog\u00eda de cer\u00e1mica perlada! Sus placas de cer\u00e1mica de 1\u00bb est\u00e1n impregnadas de perlas reales para que se deslice suavemente por el cabello.\u00a0El calor i\u00f3nico distribuido uniformemente reduce el encrespamiento y el da\u00f1o, dejando tu cabello suave como la seda.\u00a0Esta plancha alisadora de calidad profesional se calienta hasta 450 \u00b0 F en 30 segundos y cuenta con una pantalla digital y controles f\u00e1ciles de leer.<\/p>\n<h3><strong>Caracter\u00edsticas.<\/strong><\/h3>\n<ul>\n<li><strong>Placas flotantes de 1 \u00ab:<\/strong><br \/>\nlas placas flotantes de cer\u00e1mica de 1&#8243; le brindan un control total del peinado mientras se mantiene en contacto constante con su cabello para un deslizamiento suave y sin esfuerzo.<\/li>\n<li><strong>Tecnolog\u00eda Pearl Pro Ceramic: <\/strong><br \/>\ncer\u00e1mica con perlas trituradas reales para un deslizamiento suave y f\u00e1cil.<\/li>\n<li><strong>Temperatura alta en sal\u00f3n a 450 \u00b0 F: <\/strong><br \/>\nLogre resultados profesionales en casa con la temperatura alta en sal\u00f3n a 450 \u00b0 F.<\/li>\n<li><strong>Calentamiento en 30 segundos: <\/strong><br \/>\nEstilo casi instant\u00e1neamente con la funci\u00f3n de calentamiento r\u00e1pido en 30 segundos.<\/li>\n<li><strong>Hardware: <\/strong><br \/>\ncompruebe las caracter\u00edsticas y accesorios dise\u00f1ados para ofrecer un estilo exitoso.<\/li>\n<li><strong>Controles digitales: <\/strong><br \/>\ncontrole los niveles de calor con botones sencillos y la pantalla LCD de temperatura.<\/li>\n<li><strong>Bloqueo de temperatura: <\/strong><br \/>\nel bloqueo de temperatura mantiene la plancha a la temperatura que seleccione.<\/li>\n<li><strong>Apagado autom\u00e1tico: <\/strong><br \/>\nel apagado autom\u00e1tico de 60 minutos le brinda mayor tranquilidad con cada uso.<\/li>\n<li><strong>Cable giratorio: <\/strong><br \/>\nel cable giratorio le brinda la libertad de peinar c\u00f3modamente en cualquier \u00e1ngulo.<\/li>\n<li><strong>Garant\u00eda limitada de 3 a\u00f1os: <\/strong><br \/>\nla plancha est\u00e1 respaldada por una garant\u00eda limitada de 3 a\u00f1os.<\/li>\n<\/ul>\n<p>&nbsp;<\/p>\n","protected":false},"excerpt":{"rendered":"<p>\u00a1Obtenga resultados profesionales en casa con la plancha alisadora REMINGTON de 1 \u00abcon tecnolog\u00eda de cer\u00e1mica perlada! Sus placas de cer\u00e1mica de 1\u00bb est\u00e1n impregnadas de perlas reales para que<\/p>\n","protected":false},"featured_media":13704,"comment_status":"open","ping_status":"closed","template":"","meta":{"_acf_changed":false,"_joinchat":[]},"product_brand":[],"product_cat":[331,352,490,491],"product_tag":[],"class_list":{"0":"post-13703","1":"product","2":"type-product","3":"status-publish","4":"has-post-thumbnail","6":"product_cat-salud-y-belleza","7":"product_cat-ella","8":"product_cat-cuidado-del-cabello-ella","9":"product_cat-planchas-para-cabello","11":"first","12":"instock","13":"sale","14":"shipping-taxable","15":"purchasable","16":"product-type-simple"},"acf":[],"_links":{"self":[{"href":"https:\/\/defabrica.com.mx\/defabrica\/wp-json\/wp\/v2\/product\/13703","targetHints":{"allow":["GET"]}}],"collection":[{"href":"https:\/\/defabrica.com.mx\/defabrica\/wp-json\/wp\/v2\/product"}],"about":[{"href":"https:\/\/defabrica.com.mx\/defabrica\/wp-json\/wp\/v2\/types\/product"}],"replies":[{"embeddable":true,"href":"https:\/\/defabrica.com.mx\/defabrica\/wp-json\/wp\/v2\/comments?post=13703"}],"wp:featuredmedia":[{"embeddable":true,"href":"https:\/\/defabrica.com.mx\/defabrica\/wp-json\/wp\/v2\/media\/13704"}],"wp:attachment":[{"href":"https:\/\/defabrica.com.mx\/defabrica\/wp-json\/wp\/v2\/media?parent=13703"}],"wp:term":[{"taxonomy":"product_brand","embeddable":true,"href":"https:\/\/defabrica.com.mx\/defabrica\/wp-json\/wp\/v2\/product_brand?post=13703"},{"taxonomy":"product_cat","embeddable":true,"href":"https:\/\/defabrica.com.mx\/defabrica\/wp-json\/wp\/v2\/product_cat?post=13703"},{"taxonomy":"product_tag","embeddable":true,"href":"https:\/\/defabrica.com.mx\/defabrica\/wp-json\/wp\/v2\/product_tag?post=13703"}],"curies":[{"name":"wp","href":"https:\/\/api.w.org\/{rel}","templated":true}]}}