{"id":13688,"date":"2020-10-05T00:14:04","date_gmt":"2020-10-05T05:14:04","guid":{"rendered":"https:\/\/defabrica.com.mx\/defabrica\/?post_type=product&#038;p=13688"},"modified":"2023-01-24T14:17:41","modified_gmt":"2023-01-24T20:17:41","slug":"babyliss-pro-ceramix-xtreme-plancha-alisadora-de-cabello-rojo-1","status":"publish","type":"product","link":"https:\/\/defabrica.com.mx\/defabrica\/producto\/babyliss-pro-ceramix-xtreme-plancha-alisadora-de-cabello-rojo-1\/","title":{"rendered":"Babyliss Pro Ceramix Xtreme Plancha alisadora de cabello, rojo, 1 \u00ab"},"content":{"rendered":"<p>\u00a1Ceramix Xtreme agrega energ\u00eda a cualquier sal\u00f3n!\u00a0La plancha alisadora de 1 \u00abdeja el cabello suave, brillante y elegante. BaBylissPRO \u2122 Ceramix Xtreme es la opci\u00f3n ideal para salones de ritmo r\u00e1pido. BaBylissPRO fabrica algunas de las herramientas m\u00e1s buscadas por estilistas y barberos profesionales. BaBylissPRO ha ayudado a profesionales y clientes \u00a1Mant\u00e9ngase al tanto de todas las tendencias durante m\u00e1s de 60 a\u00f1os!<\/p>\n<p>&nbsp;<\/p>\n<p>&nbsp;<\/p>\n","protected":false},"excerpt":{"rendered":"<p>\u00a1Ceramix Xtreme agrega energ\u00eda a cualquier sal\u00f3n!\u00a0La plancha alisadora de 1 \u00abdeja el cabello suave, brillante y elegante. BaBylissPRO \u2122 Ceramix Xtreme es la opci\u00f3n ideal para salones de ritmo<\/p>\n","protected":false},"featured_media":13689,"comment_status":"open","ping_status":"closed","template":"","meta":{"_acf_changed":false,"_joinchat":[]},"product_brand":[],"product_cat":[331,352,490,491],"product_tag":[],"class_list":{"0":"post-13688","1":"product","2":"type-product","3":"status-publish","4":"has-post-thumbnail","6":"product_cat-salud-y-belleza","7":"product_cat-ella","8":"product_cat-cuidado-del-cabello-ella","9":"product_cat-planchas-para-cabello","11":"first","12":"instock","13":"sale","14":"shipping-taxable","15":"purchasable","16":"product-type-simple"},"acf":[],"_links":{"self":[{"href":"https:\/\/defabrica.com.mx\/defabrica\/wp-json\/wp\/v2\/product\/13688","targetHints":{"allow":["GET"]}}],"collection":[{"href":"https:\/\/defabrica.com.mx\/defabrica\/wp-json\/wp\/v2\/product"}],"about":[{"href":"https:\/\/defabrica.com.mx\/defabrica\/wp-json\/wp\/v2\/types\/product"}],"replies":[{"embeddable":true,"href":"https:\/\/defabrica.com.mx\/defabrica\/wp-json\/wp\/v2\/comments?post=13688"}],"wp:featuredmedia":[{"embeddable":true,"href":"https:\/\/defabrica.com.mx\/defabrica\/wp-json\/wp\/v2\/media\/13689"}],"wp:attachment":[{"href":"https:\/\/defabrica.com.mx\/defabrica\/wp-json\/wp\/v2\/media?parent=13688"}],"wp:term":[{"taxonomy":"product_brand","embeddable":true,"href":"https:\/\/defabrica.com.mx\/defabrica\/wp-json\/wp\/v2\/product_brand?post=13688"},{"taxonomy":"product_cat","embeddable":true,"href":"https:\/\/defabrica.com.mx\/defabrica\/wp-json\/wp\/v2\/product_cat?post=13688"},{"taxonomy":"product_tag","embeddable":true,"href":"https:\/\/defabrica.com.mx\/defabrica\/wp-json\/wp\/v2\/product_tag?post=13688"}],"curies":[{"name":"wp","href":"https:\/\/api.w.org\/{rel}","templated":true}]}}