{"id":13655,"date":"2020-10-04T23:42:04","date_gmt":"2020-10-05T04:42:04","guid":{"rendered":"https:\/\/defabrica.com.mx\/defabrica\/?post_type=product&#038;p=13655"},"modified":"2023-01-24T14:16:44","modified_gmt":"2023-01-24T20:16:44","slug":"philips-norelco-multigroom-5000-recortadora-todo-en-uno-mg5700-cuidado-sin-aceite","status":"publish","type":"product","link":"https:\/\/defabrica.com.mx\/defabrica\/producto\/philips-norelco-multigroom-5000-recortadora-todo-en-uno-mg5700-cuidado-sin-aceite\/","title":{"rendered":"Philips Norelco Multigroom 5000, recortadora todo en uno, MG5700 &#8211; Cuidado sin aceite"},"content":{"rendered":"<p>La afeitadora multifunci\u00f3n Multigroom 5000 incluye 16 piezas para rostro y cabeza.\u00a0Ofrece opciones vers\u00e1tiles para el novio con 5 protectores de barba, 3 protectores de barba y 1 protector de cejas.\u00a0Las hojas de acero DualCut recortan con la m\u00e1xima precisi\u00f3n.\u00a0Tecnolog\u00eda de doble corte con cuchillas de acero Protectores reforzados que no se doblan ni abrochan mientras se recortan Accesorios f\u00e1ciles de limpiar y enjuagar Recortes durante 70 minutos entre cargas \u00daselo mientras est\u00e1 desenchufado o mientras se carga Recortadora todo en uno.<\/p>\n<h3><strong>Caracter\u00edsticas.<\/strong><\/h3>\n<ul>\n<li>Tecnolog\u00eda de doble corte con hojas de acero<\/li>\n<li>Protectores reforzados que no se doblan ni abrochan al recortar<\/li>\n<li>Accesorios f\u00e1ciles de limpiar y enjuagar<\/li>\n<li>Recorta durante 70 minutos entre cargas<\/li>\n<li>\u00daselo mientras est\u00e1 desenchufado o mientras se carga<\/li>\n<\/ul>\n<p>&nbsp;<\/p>\n","protected":false},"excerpt":{"rendered":"<p>La afeitadora multifunci\u00f3n Multigroom 5000 incluye 16 piezas para rostro y cabeza.\u00a0Ofrece opciones vers\u00e1tiles para el novio con 5 protectores de barba, 3 protectores de barba y 1 protector de<\/p>\n","protected":false},"featured_media":13656,"comment_status":"open","ping_status":"closed","template":"","meta":{"_acf_changed":false,"_joinchat":[]},"product_brand":[],"product_cat":[331,351,462],"product_tag":[],"class_list":{"0":"post-13655","1":"product","2":"type-product","3":"status-publish","4":"has-post-thumbnail","6":"product_cat-salud-y-belleza","7":"product_cat-el","8":"product_cat-afeitado-y-aseo","10":"first","11":"instock","12":"sale","13":"shipping-taxable","14":"purchasable","15":"product-type-simple"},"acf":[],"_links":{"self":[{"href":"https:\/\/defabrica.com.mx\/defabrica\/wp-json\/wp\/v2\/product\/13655","targetHints":{"allow":["GET"]}}],"collection":[{"href":"https:\/\/defabrica.com.mx\/defabrica\/wp-json\/wp\/v2\/product"}],"about":[{"href":"https:\/\/defabrica.com.mx\/defabrica\/wp-json\/wp\/v2\/types\/product"}],"replies":[{"embeddable":true,"href":"https:\/\/defabrica.com.mx\/defabrica\/wp-json\/wp\/v2\/comments?post=13655"}],"wp:featuredmedia":[{"embeddable":true,"href":"https:\/\/defabrica.com.mx\/defabrica\/wp-json\/wp\/v2\/media\/13656"}],"wp:attachment":[{"href":"https:\/\/defabrica.com.mx\/defabrica\/wp-json\/wp\/v2\/media?parent=13655"}],"wp:term":[{"taxonomy":"product_brand","embeddable":true,"href":"https:\/\/defabrica.com.mx\/defabrica\/wp-json\/wp\/v2\/product_brand?post=13655"},{"taxonomy":"product_cat","embeddable":true,"href":"https:\/\/defabrica.com.mx\/defabrica\/wp-json\/wp\/v2\/product_cat?post=13655"},{"taxonomy":"product_tag","embeddable":true,"href":"https:\/\/defabrica.com.mx\/defabrica\/wp-json\/wp\/v2\/product_tag?post=13655"}],"curies":[{"name":"wp","href":"https:\/\/api.w.org\/{rel}","templated":true}]}}