{"id":13618,"date":"2020-10-04T22:39:51","date_gmt":"2020-10-05T03:39:51","guid":{"rendered":"https:\/\/defabrica.com.mx\/defabrica\/?post_type=product&#038;p=13618"},"modified":"2023-01-24T14:10:02","modified_gmt":"2023-01-24T20:10:02","slug":"aquasonic-black-series-cepillo-de-dientes-ultra-blanqueador-8-cabezales-de-cepillo-dupont-y-estuche-de-viaje-incluidos-motor-ultrasonico-de-40-000-vpm-y-carga-inalambrica-4-modos-con-temporizado","status":"publish","type":"product","link":"https:\/\/defabrica.com.mx\/defabrica\/producto\/aquasonic-black-series-cepillo-de-dientes-ultra-blanqueador-8-cabezales-de-cepillo-dupont-y-estuche-de-viaje-incluidos-motor-ultrasonico-de-40-000-vpm-y-carga-inalambrica-4-modos-con-temporizado\/","title":{"rendered":"AquaSonic Black Series Cepillo de dientes ultra blanqueador &#8211; 8 cabezales de cepillo DuPont y estuche de viaje incluidos &#8211; Motor ultras\u00f3nico de 40.000 VPM y carga inal\u00e1mbrica &#8211; 4 modos con temporizador inteligente &#8211; Cepillo de dientes el\u00e9ctrico moderno"},"content":{"rendered":"<p>Cepillo de dientes blanqueador ultras\u00f3nico con un motor VPN de 40.000 ultrapotente l\u00edder en la industria para blanquear y pulir los dientes a la vez que proporciona una limpieza profunda: 4 modos de limpieza distintos que incluyen \u00abLimpiar\u00bb para un cepillado est\u00e1ndar, \u00abSuave\u00bb para dientes sensibles, \u00abBlanquear\u00bb que utiliza los 40.000 VPM para disolver las manchas superficiales y blanquear los dientes con el tiempo, mientras que \u00abMasaje\u00bb utiliza vibraciones pulsantes para estimular la circulaci\u00f3n sangu\u00ednea alrededor de los dientes y las enc\u00edas para mejorar el perfil completo de salud bucal.\u00a0Se incluyen un total de 8 cabezales de cepillo DuPont Engineered de primera calidad.\u00a0Tambi\u00e9n se incluye un kit dental profesional de acero inoxidable que se usa cada dos meses para eliminar las manchas m\u00e1s rebeldes y evitar costosos viajes al dentista.<\/p>\n<h3><strong>Carater\u00edsticas.<\/strong><\/h3>\n<ul>\n<li><strong>CEPILLO DE DIENTES INTELIGENTE DE 40.000 VPM &#8211; <\/strong><br \/>\nBelleza, inteligencia y poder. El cepillo de dientes Black Series es un cepillo de dientes el\u00e9ctrico moderno de clase mundial equipado con la tecnolog\u00eda m\u00e1s actualizada. Cuenta con un motor ultrapotente y l\u00edder en la industria que produce 40.000 vibraciones por minuto, carga inal\u00e1mbrica ultrarr\u00e1pida, funcionamiento en 4 modos, temporizadores de vibraci\u00f3n inteligentes, 8 cabezales y cerdas de cepillo dise\u00f1ados por DuPont y un estuche de viaje personalizado; todo con un elegante dise\u00f1o resistente al agua, ultradelgado, ligero y con clasificaci\u00f3n IPX7.<\/li>\n<li><strong>UNA LIMPIEZA COMPLETA: <\/strong><br \/>\nAquaSonic elimina 10 veces m\u00e1s placa a lo largo de la l\u00ednea de las enc\u00edas que un cepillo de dientes manual y 3 veces m\u00e1s placa que los antiguos cepillos de dientes el\u00e9ctricos obsoletos. El modo de blanqueamiento ayuda a blanquear los dientes mediante el uso de frecuencias invertidas para disolver las manchas superficiales. El modo de masaje va m\u00e1s all\u00e1 de los dientes para mejorar la salud de las enc\u00edas al proporcionar micro r\u00e1fagas calmantes en los tejidos para mejorar la circulaci\u00f3n y la salud en general.<\/li>\n<li><strong>8 CABEZALES DE CEPILLO DUPONT Y ESTUCHE DE VIAJE INCLUIDOS <\/strong><br \/>\nCada cepillo de dientes de la serie Black viene con 8 cabezales de cepillo dise\u00f1ados por la mundialmente famosa DuPont; l\u00edder mundial en ciencia de materiales y calidad. Cada cabezal de cepillo dura 4 meses, por lo que 8 durar\u00e1n m\u00e1s de 2,5 a\u00f1os. Tambi\u00e9n se incluye un pr\u00e1ctico estuche de viaje r\u00edgido personalizado hecho de pl\u00e1stico sin BPA con espacio para dos cabezales de cepillo. AquaSonic puede durar 4 semanas completas (2 min \/ 2 veces al d\u00eda) con una carga completa, por lo que es perfecto para viajar con el estuche de viaje incluido.<\/li>\n<li><strong>TECNOLOG\u00cdA MODERNA: <\/strong><br \/>\nla serie Black trae los cepillos de dientes a los tiempos modernos con sus caracter\u00edsticas mejoradas integradas. Carga inal\u00e1mbrica ultrarr\u00e1pida (olv\u00eddese de la carga USB barata), 4 modos de cepillado distintos y un temporizador de notificaci\u00f3n por vibraci\u00f3n inteligente son algunas de las caracter\u00edsticas mejoradas integradas en el mango de sat\u00e9n negro impermeable elegante y ergon\u00f3mico.<\/li>\n<\/ul>\n<p>&nbsp;<\/p>\n","protected":false},"excerpt":{"rendered":"<p>Cepillo de dientes blanqueador ultras\u00f3nico con un motor VPN de 40.000 ultrapotente l\u00edder en la industria para blanquear y pulir los dientes a la vez que proporciona una limpieza profunda:<\/p>\n","protected":false},"featured_media":13619,"comment_status":"open","ping_status":"closed","template":"","meta":{"_acf_changed":false,"_joinchat":[]},"product_brand":[],"product_cat":[331,356,504],"product_tag":[],"class_list":{"0":"post-13618","1":"product","2":"type-product","3":"status-publish","4":"has-post-thumbnail","6":"product_cat-salud-y-belleza","7":"product_cat-familia","8":"product_cat-higiene-bucal","10":"first","11":"instock","12":"sale","13":"shipping-taxable","14":"purchasable","15":"product-type-simple"},"acf":[],"_links":{"self":[{"href":"https:\/\/defabrica.com.mx\/defabrica\/wp-json\/wp\/v2\/product\/13618","targetHints":{"allow":["GET"]}}],"collection":[{"href":"https:\/\/defabrica.com.mx\/defabrica\/wp-json\/wp\/v2\/product"}],"about":[{"href":"https:\/\/defabrica.com.mx\/defabrica\/wp-json\/wp\/v2\/types\/product"}],"replies":[{"embeddable":true,"href":"https:\/\/defabrica.com.mx\/defabrica\/wp-json\/wp\/v2\/comments?post=13618"}],"wp:featuredmedia":[{"embeddable":true,"href":"https:\/\/defabrica.com.mx\/defabrica\/wp-json\/wp\/v2\/media\/13619"}],"wp:attachment":[{"href":"https:\/\/defabrica.com.mx\/defabrica\/wp-json\/wp\/v2\/media?parent=13618"}],"wp:term":[{"taxonomy":"product_brand","embeddable":true,"href":"https:\/\/defabrica.com.mx\/defabrica\/wp-json\/wp\/v2\/product_brand?post=13618"},{"taxonomy":"product_cat","embeddable":true,"href":"https:\/\/defabrica.com.mx\/defabrica\/wp-json\/wp\/v2\/product_cat?post=13618"},{"taxonomy":"product_tag","embeddable":true,"href":"https:\/\/defabrica.com.mx\/defabrica\/wp-json\/wp\/v2\/product_tag?post=13618"}],"curies":[{"name":"wp","href":"https:\/\/api.w.org\/{rel}","templated":true}]}}