{"id":13597,"date":"2020-10-04T17:48:03","date_gmt":"2020-10-04T22:48:03","guid":{"rendered":"https:\/\/defabrica.com.mx\/defabrica\/?post_type=product&#038;p=13597"},"modified":"2022-11-30T13:23:54","modified_gmt":"2022-11-30T19:23:54","slug":"philips-sonicare-cepillo-de-dientes-electrico-recargable-dailyclean-2100-azul-medio","status":"publish","type":"product","link":"https:\/\/defabrica.com.mx\/defabrica\/producto\/philips-sonicare-cepillo-de-dientes-electrico-recargable-dailyclean-2100-azul-medio\/","title":{"rendered":"Philips Sonicare &#8211; Cepillo de dientes el\u00e9ctrico recargable DailyClean 2100 &#8211; Azul medio"},"content":{"rendered":"<p>Mejore su salud dental con este cepillo de dientes el\u00e9ctrico Philips Sonicare DailyClean 2100 con tecnolog\u00eda ecol\u00f3gica.\u00a0El nivel de potencia ajustable para adaptarse a sus preferencias facilita el cambio de un cepillo manual.\u00a0Cumpla con el tiempo de cepillado recomendado por el dentista con el temporizador de dos minutos incorporado.\u00a0Experimente la frescura de los dientes cuidados con este cepillo de dientes el\u00e9ctrico Philips Sonicare DailyClean 2100.<\/p>\n<h3 class=\"heading-5 v-fw-regular feature-heading\">Caracteristicas<\/h3>\n<div class=\"feature-body-container\">\n<div class=\"features-list-container\">\n<div class=\"features-list all-features\">\n<div class=\"list-row\">\n<ul>\n<li><strong>La funci\u00f3n de inicio f\u00e1cil le ayuda a ajustar sus h\u00e1bitos de cepillado<\/strong><br \/>\nHaciendo que la potencia aumente gradualmente durante los primeros 14 usos del cepillo de dientes, lo que le ayuda a hacer una transici\u00f3n suave.<\/li>\n<li><strong>La tecnolog\u00eda s\u00f3nica te ayuda a limpiar a lo largo de la l\u00ednea de las enc\u00edas<\/strong><br \/>\nProporciona hasta 31.000 golpes por minuto para promover la eliminaci\u00f3n de la placa.<\/li>\n<li><strong>Temporizador de 2 minutos Smartimer<\/strong><br \/>\nLa alerta f\u00e1cil de notar lo mantiene informado sobre el momento adecuado de cepillado, para ayudarlo a desarrollar h\u00e1bitos de cepillado saludables.<\/li>\n<li><strong>Disfrute de un uso duradero entre cargas<\/strong><br \/>\nLa bater\u00eda NiMH ofrece hasta 10 d\u00edas de duraci\u00f3n de la bater\u00eda y un indicador de carga de 2 colores le permite saber cu\u00e1ndo es el momento de recargar.<\/li>\n<li><strong>Sistema de cabezal de cepillo de clic<\/strong><br \/>\nEste cabezal de cepillo se enciende y se quita del mango del cepillo para un ajuste seguro y un f\u00e1cil mantenimiento y limpieza.<\/li>\n<\/ul>\n<h3 class=\"heading-5 v-fw-regular\">Qu\u00e9 est\u00e1 incluido<\/h3>\n<ul>\n<li>Mango de cepillo de dientes Philips Sonicare<\/li>\n<li>Cabezal de cepillo SimplyClean<\/li>\n<li>Cargador de viaje<\/li>\n<\/ul>\n<\/div>\n<\/div>\n<\/div>\n<\/div>\n","protected":false},"excerpt":{"rendered":"<p>Mejore su salud dental con este cepillo de dientes el\u00e9ctrico Philips Sonicare DailyClean 2100 con tecnolog\u00eda ecol\u00f3gica.\u00a0El nivel de potencia ajustable para adaptarse a sus preferencias facilita el cambio de<\/p>\n","protected":false},"featured_media":13600,"comment_status":"open","ping_status":"closed","template":"","meta":{"_acf_changed":false,"_joinchat":[]},"product_brand":[],"product_cat":[331,356,504],"product_tag":[],"class_list":{"0":"post-13597","1":"product","2":"type-product","3":"status-publish","4":"has-post-thumbnail","6":"product_cat-salud-y-belleza","7":"product_cat-familia","8":"product_cat-higiene-bucal","10":"first","11":"instock","12":"sale","13":"shipping-taxable","14":"purchasable","15":"product-type-simple"},"acf":[],"_links":{"self":[{"href":"https:\/\/defabrica.com.mx\/defabrica\/wp-json\/wp\/v2\/product\/13597","targetHints":{"allow":["GET"]}}],"collection":[{"href":"https:\/\/defabrica.com.mx\/defabrica\/wp-json\/wp\/v2\/product"}],"about":[{"href":"https:\/\/defabrica.com.mx\/defabrica\/wp-json\/wp\/v2\/types\/product"}],"replies":[{"embeddable":true,"href":"https:\/\/defabrica.com.mx\/defabrica\/wp-json\/wp\/v2\/comments?post=13597"}],"wp:featuredmedia":[{"embeddable":true,"href":"https:\/\/defabrica.com.mx\/defabrica\/wp-json\/wp\/v2\/media\/13600"}],"wp:attachment":[{"href":"https:\/\/defabrica.com.mx\/defabrica\/wp-json\/wp\/v2\/media?parent=13597"}],"wp:term":[{"taxonomy":"product_brand","embeddable":true,"href":"https:\/\/defabrica.com.mx\/defabrica\/wp-json\/wp\/v2\/product_brand?post=13597"},{"taxonomy":"product_cat","embeddable":true,"href":"https:\/\/defabrica.com.mx\/defabrica\/wp-json\/wp\/v2\/product_cat?post=13597"},{"taxonomy":"product_tag","embeddable":true,"href":"https:\/\/defabrica.com.mx\/defabrica\/wp-json\/wp\/v2\/product_tag?post=13597"}],"curies":[{"name":"wp","href":"https:\/\/api.w.org\/{rel}","templated":true}]}}