{"id":13574,"date":"2020-10-04T17:25:03","date_gmt":"2020-10-04T22:25:03","guid":{"rendered":"https:\/\/defabrica.com.mx\/defabrica\/?post_type=product&#038;p=13574"},"modified":"2023-01-24T14:08:10","modified_gmt":"2023-01-24T20:08:10","slug":"maquinillas-de-afeitar-desechables-gillette-sensor2-plus-caja-de-52-ct","status":"publish","type":"product","link":"https:\/\/defabrica.com.mx\/defabrica\/producto\/maquinillas-de-afeitar-desechables-gillette-sensor2-plus-caja-de-52-ct\/","title":{"rendered":"Maquinillas de afeitar desechables Gillette\u00ae Sensor2\u00ae Plus Caja de 52 ct"},"content":{"rendered":"<p>Un gran afeitado est\u00e1 a su alcance con las maquinillas de afeitar desechables para hombres Gillette Sensor2 Plus Pivoting Head + Lubrastrip.\u00a0Con dos hojas gemelas delgadas para proporcionar un afeitado c\u00f3modo para cualquier persona, y un cabezal giratorio que se ajusta al contorno de su rostro.\u00a0Lubrastrip activado por agua proporciona una lubricaci\u00f3n instant\u00e1nea.\u00a0Maquinilla de afeitar desechable para hombres con l\u00e1minas delgadas dobles Gillette Comfort Lubrastrip activadas por agua que proporciona lubricaci\u00f3n instant\u00e1nea;\u00a0El cabezal pivotante se ajusta al contorno de su rostro Brinda un afeitado c\u00f3modo para cualquier persona Navajas de afeitar desechables Gillette\u00ae Sensor2\u00ae Plus Caja de 52 ct.<\/p>\n<p>&nbsp;<\/p>\n<p>&nbsp;<\/p>\n","protected":false},"excerpt":{"rendered":"<p>Un gran afeitado est\u00e1 a su alcance con las maquinillas de afeitar desechables para hombres Gillette Sensor2 Plus Pivoting Head + Lubrastrip.\u00a0Con dos hojas gemelas delgadas para proporcionar un afeitado<\/p>\n","protected":false},"featured_media":13575,"comment_status":"open","ping_status":"closed","template":"","meta":{"_acf_changed":false,"_joinchat":[]},"product_brand":[],"product_cat":[331,351,462],"product_tag":[],"class_list":{"0":"post-13574","1":"product","2":"type-product","3":"status-publish","4":"has-post-thumbnail","6":"product_cat-salud-y-belleza","7":"product_cat-el","8":"product_cat-afeitado-y-aseo","10":"first","11":"instock","12":"sale","13":"shipping-taxable","14":"purchasable","15":"product-type-simple"},"acf":[],"_links":{"self":[{"href":"https:\/\/defabrica.com.mx\/defabrica\/wp-json\/wp\/v2\/product\/13574","targetHints":{"allow":["GET"]}}],"collection":[{"href":"https:\/\/defabrica.com.mx\/defabrica\/wp-json\/wp\/v2\/product"}],"about":[{"href":"https:\/\/defabrica.com.mx\/defabrica\/wp-json\/wp\/v2\/types\/product"}],"replies":[{"embeddable":true,"href":"https:\/\/defabrica.com.mx\/defabrica\/wp-json\/wp\/v2\/comments?post=13574"}],"wp:featuredmedia":[{"embeddable":true,"href":"https:\/\/defabrica.com.mx\/defabrica\/wp-json\/wp\/v2\/media\/13575"}],"wp:attachment":[{"href":"https:\/\/defabrica.com.mx\/defabrica\/wp-json\/wp\/v2\/media?parent=13574"}],"wp:term":[{"taxonomy":"product_brand","embeddable":true,"href":"https:\/\/defabrica.com.mx\/defabrica\/wp-json\/wp\/v2\/product_brand?post=13574"},{"taxonomy":"product_cat","embeddable":true,"href":"https:\/\/defabrica.com.mx\/defabrica\/wp-json\/wp\/v2\/product_cat?post=13574"},{"taxonomy":"product_tag","embeddable":true,"href":"https:\/\/defabrica.com.mx\/defabrica\/wp-json\/wp\/v2\/product_tag?post=13574"}],"curies":[{"name":"wp","href":"https:\/\/api.w.org\/{rel}","templated":true}]}}