{"id":13546,"date":"2020-10-04T16:32:07","date_gmt":"2020-10-04T21:32:07","guid":{"rendered":"https:\/\/defabrica.com.mx\/defabrica\/?post_type=product&#038;p=13546"},"modified":"2022-07-05T14:12:32","modified_gmt":"2022-07-05T19:12:32","slug":"crema-nutritiva-de-noche-para-pieles-maduras","status":"publish","type":"product","link":"https:\/\/defabrica.com.mx\/defabrica\/producto\/crema-nutritiva-de-noche-para-pieles-maduras\/","title":{"rendered":"Crema nutritiva de noche para pieles maduras"},"content":{"rendered":"<p class=\"principal__text\">Apl\u00edcala en la noche y al despertar tendr\u00e1s una sensaci\u00f3n de cutis hidratado, suave y terso.<\/p>\n<p class=\"principal__text\">Regeneraci\u00f3n nocturna intensiva para tu piel. Hidrataci\u00f3n prolongada.<\/p>\n<p class=\"principal__text\">Enriquecida con coenzima Q10, vitaminas E y C, manteca de Karit\u00e9, aceite de ma\u00edz y ceramidas.<\/p>\n<footer class=\"principal__footer\">\n<div>\n<div class=\"products-block complementary\">\n<div id=\"products-complementary\" class=\"products slider\">\n<div class=\"products__wrap slider__wrap\">\n<div class=\"product slider__item\"><\/div>\n<\/div>\n<\/div>\n<\/div>\n<\/div>\n<\/footer>\n","protected":false},"excerpt":{"rendered":"<p>Apl\u00edcala en la noche y al despertar tendr\u00e1s una sensaci\u00f3n de cutis hidratado, suave y terso. Regeneraci\u00f3n nocturna intensiva para tu piel. Hidrataci\u00f3n prolongada. Enriquecida con coenzima Q10, vitaminas E<\/p>\n","protected":false},"featured_media":13549,"comment_status":"open","ping_status":"closed","template":"","meta":{"_acf_changed":false,"_joinchat":[]},"product_brand":[],"product_cat":[331,352,496,476],"product_tag":[],"class_list":{"0":"post-13546","1":"product","2":"type-product","3":"status-publish","4":"has-post-thumbnail","6":"product_cat-salud-y-belleza","7":"product_cat-ella","8":"product_cat-cuidado-corporal","9":"product_cat-cremas-faciales","11":"first","12":"instock","13":"sale","14":"shipping-taxable","15":"purchasable","16":"product-type-simple"},"acf":[],"_links":{"self":[{"href":"https:\/\/defabrica.com.mx\/defabrica\/wp-json\/wp\/v2\/product\/13546","targetHints":{"allow":["GET"]}}],"collection":[{"href":"https:\/\/defabrica.com.mx\/defabrica\/wp-json\/wp\/v2\/product"}],"about":[{"href":"https:\/\/defabrica.com.mx\/defabrica\/wp-json\/wp\/v2\/types\/product"}],"replies":[{"embeddable":true,"href":"https:\/\/defabrica.com.mx\/defabrica\/wp-json\/wp\/v2\/comments?post=13546"}],"wp:featuredmedia":[{"embeddable":true,"href":"https:\/\/defabrica.com.mx\/defabrica\/wp-json\/wp\/v2\/media\/13549"}],"wp:attachment":[{"href":"https:\/\/defabrica.com.mx\/defabrica\/wp-json\/wp\/v2\/media?parent=13546"}],"wp:term":[{"taxonomy":"product_brand","embeddable":true,"href":"https:\/\/defabrica.com.mx\/defabrica\/wp-json\/wp\/v2\/product_brand?post=13546"},{"taxonomy":"product_cat","embeddable":true,"href":"https:\/\/defabrica.com.mx\/defabrica\/wp-json\/wp\/v2\/product_cat?post=13546"},{"taxonomy":"product_tag","embeddable":true,"href":"https:\/\/defabrica.com.mx\/defabrica\/wp-json\/wp\/v2\/product_tag?post=13546"}],"curies":[{"name":"wp","href":"https:\/\/api.w.org\/{rel}","templated":true}]}}