{"id":13541,"date":"2020-10-04T16:32:47","date_gmt":"2020-10-04T21:32:47","guid":{"rendered":"https:\/\/defabrica.com.mx\/defabrica\/?post_type=product&#038;p=13541"},"modified":"2023-01-24T14:07:38","modified_gmt":"2023-01-24T20:07:38","slug":"afeitadora-electrica-para-hombres-mujeres-4-en-1-recargable-impermeable-indolora-depiladora-depiladora-de-nariz-facial-cuerpo-bikini-cejas-barba-patillas-bigote-recortadora-recortadora","status":"publish","type":"product","link":"https:\/\/defabrica.com.mx\/defabrica\/producto\/afeitadora-electrica-para-hombres-mujeres-4-en-1-recargable-impermeable-indolora-depiladora-depiladora-de-nariz-facial-cuerpo-bikini-cejas-barba-patillas-bigote-recortadora-recortadora\/","title":{"rendered":"Afeitadora el\u00e9ctrica para hombres, mujeres, 4 en 1, recargable, impermeable, indolora, depiladora, depiladora de nariz, facial, cuerpo, bikini, cejas, barba, patillas, bigote, recortadora, recortadora"},"content":{"rendered":"<p>TODO EN UNO PARA UN USO VERS\u00c1TIL: afeitadora el\u00e9ctrica para hombres y mujeres, maquinilla de afeitar indolora recargable por USB, kit de cuidado 4 en 1 para la nariz, cejas, patillas, bigote, recortador, afeitado seguro, r\u00e1pido, eficaz y sin dolor en casa \/ viajes.<strong>Afeitadora de barba<\/strong><br \/>\nLa elegante y redonda afeitadora de barba te ayuda a deshacerte del exceso de vello rebelde de la barbilla, haci\u00e9ndote lucir limpia y ordenada.<\/p>\n<p><strong>Cortapelos de nariz \/ orejas<\/strong><br \/>\nEl motor fino produce una potencia robusta, haciendo que las cuchillas de doble filo giren a una velocidad extremadamente alta y dando cortes prolijos sin tirar de ning\u00fan vello de la nariz o las orejas.<\/p>\n<p><strong>Recortador de cejas<\/strong><br \/>\nEl pr\u00e1ctico recortador de cejas da forma expertamente a las cejas para lograr una longitud y un estilo perfectos, enmarcando sus ojos y resaltando su rostro.\u00a0No te arrancar\u00e1 las cejas, no te causar\u00e1 dolor.<\/p>\n<p><strong>Afeitadora para bigotes \/ patillas<\/strong><br \/>\nLa precisa hoja de acero de la recortadora de barba puede crear mejillas limpias y frescas de forma segura, una experiencia de afeitado perfecta y sin estimulaci\u00f3n.\u00a0No irritar\u00e1 tu piel.<\/p>\n<h3><strong>Caracter\u00edsticas.<\/strong><\/h3>\n<ul>\n<li>Afeitadora el\u00e9ctrica recargable, inal\u00e1mbrica e impermeable con motor fuerte para cortar el vello no deseado limpiamente, adecuada para una variedad de recortes de vello facial.<\/li>\n<li>Las hojas de acero inoxidable son duraderas y afiladas para proporcionar un corte f\u00e1cil, r\u00e1pido y c\u00f3modo. Sin rastrojo y se siente tan suave como una cera fresca sin enrojecimiento, irritaci\u00f3n y erupciones.<\/li>\n<li>Potente sistema de corte rotativo de precisi\u00f3n de 360 \u200b\u200b\u00b0, seguro, indoloro, f\u00e1cil de usar y c\u00f3modo afeitado.<\/li>\n<li>Reemplazo conveniente: solo necesita girar el cabezal de reemplazo en sentido antihorario y girarlo en sentido horario para reemplazarlo de manera r\u00e1pida y conveniente.<\/li>\n<li>Mini Dise\u00f1o peque\u00f1o y delicado, port\u00e1til y liviano, puedes ponerlo en tu bolso y llevarlo a todas partes. (Citas rom\u00e1nticas, fiesta en la playa, reuni\u00f3n de negocios, fiesta de baile, etc.)<\/li>\n<li>Adecuado para todos los adultos, incluidos hombres y mujeres, y diferentes tipos de piel.<\/li>\n<li>Regalo perfecto para el d\u00eda de San Valent\u00edn, el d\u00eda del padre, el d\u00eda de la madre y otros d\u00edas festivos especiales.<\/li>\n<\/ul>\n<h3><strong>Que esta incluido.<\/strong><\/h3>\n<ul>\n<li>Cabezal de corte de pelo de cejas<\/li>\n<li>Cabezal de corte de pelo de barba<\/li>\n<li>Cabezal de corte de pelo de patillas<\/li>\n<li>Cabezal de corte de nariz \/ orejas<\/li>\n<li>Cable de carga USB<\/li>\n<li>Cepillo de limpieza<\/li>\n<\/ul>\n<h3><strong>Especificaciones:<\/strong><\/h3>\n<ul>\n<li>Color: Negro<\/li>\n<li>Voltaje: 110V-240V<\/li>\n<li>Nombre del modelo: Kit de grommer recargable<\/li>\n<li>Material: ABS + acero inoxidable<\/li>\n<li>Impermeable: IPX7 Lavable<\/li>\n<li>Tiempo de carga: 90 minutos<\/li>\n<li>Tiempo de funcionamiento: 60 minutos<\/li>\n<li>Bater\u00eda: 1 * Li-lon 14500-500DC 3.7V<\/li>\n<li>Funci\u00f3n: Pelo de la nariz, Pelo de la oreja, Pelo de las patillas, Bigotes peque\u00f1os, Recorte de cejas<\/li>\n<\/ul>\n","protected":false},"excerpt":{"rendered":"<p>TODO EN UNO PARA UN USO VERS\u00c1TIL: afeitadora el\u00e9ctrica para hombres y mujeres, maquinilla de afeitar indolora recargable por USB, kit de cuidado 4 en 1 para la nariz, cejas,<\/p>\n","protected":false},"featured_media":13548,"comment_status":"open","ping_status":"closed","template":"","meta":{"_acf_changed":false,"_joinchat":[]},"product_brand":[],"product_cat":[331,351,462,352,496,497,499],"product_tag":[],"class_list":{"0":"post-13541","1":"product","2":"type-product","3":"status-publish","4":"has-post-thumbnail","6":"product_cat-salud-y-belleza","7":"product_cat-el","8":"product_cat-afeitado-y-aseo","9":"product_cat-ella","10":"product_cat-cuidado-corporal","11":"product_cat-rasurado-y-depilacion","12":"product_cat-depiladoras","14":"first","15":"instock","16":"sale","17":"shipping-taxable","18":"purchasable","19":"product-type-simple"},"acf":[],"_links":{"self":[{"href":"https:\/\/defabrica.com.mx\/defabrica\/wp-json\/wp\/v2\/product\/13541","targetHints":{"allow":["GET"]}}],"collection":[{"href":"https:\/\/defabrica.com.mx\/defabrica\/wp-json\/wp\/v2\/product"}],"about":[{"href":"https:\/\/defabrica.com.mx\/defabrica\/wp-json\/wp\/v2\/types\/product"}],"replies":[{"embeddable":true,"href":"https:\/\/defabrica.com.mx\/defabrica\/wp-json\/wp\/v2\/comments?post=13541"}],"wp:featuredmedia":[{"embeddable":true,"href":"https:\/\/defabrica.com.mx\/defabrica\/wp-json\/wp\/v2\/media\/13548"}],"wp:attachment":[{"href":"https:\/\/defabrica.com.mx\/defabrica\/wp-json\/wp\/v2\/media?parent=13541"}],"wp:term":[{"taxonomy":"product_brand","embeddable":true,"href":"https:\/\/defabrica.com.mx\/defabrica\/wp-json\/wp\/v2\/product_brand?post=13541"},{"taxonomy":"product_cat","embeddable":true,"href":"https:\/\/defabrica.com.mx\/defabrica\/wp-json\/wp\/v2\/product_cat?post=13541"},{"taxonomy":"product_tag","embeddable":true,"href":"https:\/\/defabrica.com.mx\/defabrica\/wp-json\/wp\/v2\/product_tag?post=13541"}],"curies":[{"name":"wp","href":"https:\/\/api.w.org\/{rel}","templated":true}]}}