{"id":13518,"date":"2020-10-04T16:07:28","date_gmt":"2020-10-04T21:07:28","guid":{"rendered":"https:\/\/defabrica.com.mx\/defabrica\/?post_type=product&#038;p=13518"},"modified":"2023-01-24T14:06:48","modified_gmt":"2023-01-24T20:06:48","slug":"recortadora-bodygroom-philips-norelco-serie-1100","status":"publish","type":"product","link":"https:\/\/defabrica.com.mx\/defabrica\/producto\/recortadora-bodygroom-philips-norelco-serie-1100\/","title":{"rendered":"Recortadora Bodygroom Philips Norelco Serie 1100"},"content":{"rendered":"<p>Facilite la depilaci\u00f3n con la recortadora de cuidado corporal Philips Norelco Serie 1100.\u00a0Esta herramienta de afeitado compacta te permite recortar el vello por debajo del cuello de forma c\u00f3moda y segura, con una estructura especial que elimina todos los pelos.\u00a0Philips Norelco Bodygroomer BG1026 cuenta con un dise\u00f1o bidireccional que corta el vello sin problemas en ambas direcciones, para eliminar f\u00e1cilmente el vello de las piernas, el torso, los brazos e incluso en los lugares de dif\u00edcil acceso.\u00a0Su protector de piel integrado protege tu piel mientras cortas.\u00a0Un peine de 3 mm incluido recorta c\u00f3modamente el cabello m\u00e1s largo para obtener resultados limpios.\u00a0La recortadora de cuerpo para hombres tiene un dise\u00f1o inal\u00e1mbrico a prueba de ducha para un funcionamiento sin esfuerzo;\u00a0Los cables de ducha con bucle superior permiten un f\u00e1cil almacenamiento.\u00a0El dispositivo se puede utilizar hasta dos meses con una bater\u00eda completamente cargada;\u00a0Se incluye una bater\u00eda AA recargable.<\/p>\n<p>&nbsp;<\/p>\n<h3><strong>Caracter\u00edsticas.<\/strong><\/h3>\n<ul>\n<li>Compacto e inal\u00e1mbrico para un uso f\u00e1cil<\/li>\n<li>El protector de piel integrado protege tu piel mientras cortas<\/li>\n<li>La recortadora bidireccional corta el cabello a la perfecci\u00f3n en ambas direcciones<\/li>\n<li>El peine de 3 mm recorta c\u00f3modamente el cabello m\u00e1s largo<\/li>\n<li>Resistente a la ducha para facilitar su uso y limpieza<\/li>\n<li>Cable de ducha para un f\u00e1cil almacenamiento<\/li>\n<li>Incluye: afeitadora, 1 peine recortador, cable de ducha y una pila AA recargable<\/li>\n<li>Viene con una prueba de 45 d\u00edas sin riesgos y una garant\u00eda completa de 2 a\u00f1os<\/li>\n<li>Ofrece hasta 2 meses de uso con la bater\u00eda completamente cargada<\/li>\n<li>Philips Norelco Bodygroomer BG1026 no requiere mantenimiento<\/li>\n<\/ul>\n<p>&nbsp;<\/p>\n","protected":false},"excerpt":{"rendered":"<p>Facilite la depilaci\u00f3n con la recortadora de cuidado corporal Philips Norelco Serie 1100.\u00a0Esta herramienta de afeitado compacta te permite recortar el vello por debajo del cuello de forma c\u00f3moda y<\/p>\n","protected":false},"featured_media":13525,"comment_status":"open","ping_status":"closed","template":"","meta":{"_acf_changed":false,"_joinchat":[]},"product_brand":[],"product_cat":[331,351,462],"product_tag":[],"class_list":{"0":"post-13518","1":"product","2":"type-product","3":"status-publish","4":"has-post-thumbnail","6":"product_cat-salud-y-belleza","7":"product_cat-el","8":"product_cat-afeitado-y-aseo","10":"first","11":"instock","12":"sale","13":"shipping-taxable","14":"purchasable","15":"product-type-simple"},"acf":[],"_links":{"self":[{"href":"https:\/\/defabrica.com.mx\/defabrica\/wp-json\/wp\/v2\/product\/13518","targetHints":{"allow":["GET"]}}],"collection":[{"href":"https:\/\/defabrica.com.mx\/defabrica\/wp-json\/wp\/v2\/product"}],"about":[{"href":"https:\/\/defabrica.com.mx\/defabrica\/wp-json\/wp\/v2\/types\/product"}],"replies":[{"embeddable":true,"href":"https:\/\/defabrica.com.mx\/defabrica\/wp-json\/wp\/v2\/comments?post=13518"}],"wp:featuredmedia":[{"embeddable":true,"href":"https:\/\/defabrica.com.mx\/defabrica\/wp-json\/wp\/v2\/media\/13525"}],"wp:attachment":[{"href":"https:\/\/defabrica.com.mx\/defabrica\/wp-json\/wp\/v2\/media?parent=13518"}],"wp:term":[{"taxonomy":"product_brand","embeddable":true,"href":"https:\/\/defabrica.com.mx\/defabrica\/wp-json\/wp\/v2\/product_brand?post=13518"},{"taxonomy":"product_cat","embeddable":true,"href":"https:\/\/defabrica.com.mx\/defabrica\/wp-json\/wp\/v2\/product_cat?post=13518"},{"taxonomy":"product_tag","embeddable":true,"href":"https:\/\/defabrica.com.mx\/defabrica\/wp-json\/wp\/v2\/product_tag?post=13518"}],"curies":[{"name":"wp","href":"https:\/\/api.w.org\/{rel}","templated":true}]}}