{"id":13467,"date":"2020-10-04T15:27:20","date_gmt":"2020-10-04T20:27:20","guid":{"rendered":"https:\/\/defabrica.com.mx\/defabrica\/?post_type=product&#038;p=13467"},"modified":"2022-07-05T14:12:35","modified_gmt":"2022-07-05T19:12:35","slug":"mascarilla-reparadora-capilar","status":"publish","type":"product","link":"https:\/\/defabrica.com.mx\/defabrica\/producto\/mascarilla-reparadora-capilar\/","title":{"rendered":"2&#215;1 Mascarilla reparadora capilar"},"content":{"rendered":"<p class=\"principal__text\">Si tu cabello est\u00e1 seco por qu\u00edmicos, cepillado, rayos del sol u otro elemento, hay una soluci\u00f3n: la Mascarilla Reparadora Capilar SEYT\u00da.<\/p>\n<div id=\"ben\" class=\"tabs__pane active\">\n<p>Acondiciona intensamente el cabello. Contribuye a restaurar las fibras capilares fr\u00e1giles, resecas y da\u00f1adas, disminuye el frizz, brinda un cabello sedoso, manejable y brillante.<\/p>\n<div id=\"ing\" class=\"tabs__pane active\">\n<div>Enriquecida con queratina hidrolizada, extracto de algas marinas e inula.<\/div>\n<\/div>\n<\/div>\n","protected":false},"excerpt":{"rendered":"<p>Si tu cabello est\u00e1 seco por qu\u00edmicos, cepillado, rayos del sol u otro elemento, hay una soluci\u00f3n: la Mascarilla Reparadora Capilar SEYT\u00da. Acondiciona intensamente el cabello. Contribuye a restaurar las<\/p>\n","protected":false},"featured_media":13468,"comment_status":"open","ping_status":"closed","template":"","meta":{"_acf_changed":false,"_joinchat":[]},"product_brand":[],"product_cat":[331,352,490,494],"product_tag":[],"class_list":{"0":"post-13467","1":"product","2":"type-product","3":"status-publish","4":"has-post-thumbnail","6":"product_cat-salud-y-belleza","7":"product_cat-ella","8":"product_cat-cuidado-del-cabello-ella","9":"product_cat-cuidado-capilar","11":"first","12":"instock","13":"sale","14":"shipping-taxable","15":"purchasable","16":"product-type-simple"},"acf":[],"_links":{"self":[{"href":"https:\/\/defabrica.com.mx\/defabrica\/wp-json\/wp\/v2\/product\/13467","targetHints":{"allow":["GET"]}}],"collection":[{"href":"https:\/\/defabrica.com.mx\/defabrica\/wp-json\/wp\/v2\/product"}],"about":[{"href":"https:\/\/defabrica.com.mx\/defabrica\/wp-json\/wp\/v2\/types\/product"}],"replies":[{"embeddable":true,"href":"https:\/\/defabrica.com.mx\/defabrica\/wp-json\/wp\/v2\/comments?post=13467"}],"wp:featuredmedia":[{"embeddable":true,"href":"https:\/\/defabrica.com.mx\/defabrica\/wp-json\/wp\/v2\/media\/13468"}],"wp:attachment":[{"href":"https:\/\/defabrica.com.mx\/defabrica\/wp-json\/wp\/v2\/media?parent=13467"}],"wp:term":[{"taxonomy":"product_brand","embeddable":true,"href":"https:\/\/defabrica.com.mx\/defabrica\/wp-json\/wp\/v2\/product_brand?post=13467"},{"taxonomy":"product_cat","embeddable":true,"href":"https:\/\/defabrica.com.mx\/defabrica\/wp-json\/wp\/v2\/product_cat?post=13467"},{"taxonomy":"product_tag","embeddable":true,"href":"https:\/\/defabrica.com.mx\/defabrica\/wp-json\/wp\/v2\/product_tag?post=13467"}],"curies":[{"name":"wp","href":"https:\/\/api.w.org\/{rel}","templated":true}]}}