{"id":13464,"date":"2020-10-04T15:20:34","date_gmt":"2020-10-04T20:20:34","guid":{"rendered":"https:\/\/defabrica.com.mx\/defabrica\/?post_type=product&#038;p=13464"},"modified":"2022-07-05T14:12:35","modified_gmt":"2022-07-05T19:12:35","slug":"complejo-multivitaminico-capilar","status":"publish","type":"product","link":"https:\/\/defabrica.com.mx\/defabrica\/producto\/complejo-multivitaminico-capilar\/","title":{"rendered":"Complejo multivitam\u00ednico capilar"},"content":{"rendered":"<p class=\"principal__text\">Complejo multivitam\u00ednico capilar<\/p>\n<div id=\"ben\" class=\"tabs__pane active\">\n<p>Tratamiento intensivo para el cabello reseco y maltratado, act\u00faa como reestructurador de las fibras capilares. Acondicionamiento perfecto y brillo intenso.<\/p>\n<div id=\"ing\" class=\"tabs__pane active\">\n<div>Enriquecido con vitaminas y 9 extractos naturales, como semilla de trigo, manzana, lim\u00f3n, melocot\u00f3n, ginseng, as\u00ed como queratina hidrolizada.<\/div>\n<\/div>\n<\/div>\n","protected":false},"excerpt":{"rendered":"<p>Complejo multivitam\u00ednico capilar Tratamiento intensivo para el cabello reseco y maltratado, act\u00faa como reestructurador de las fibras capilares. Acondicionamiento perfecto y brillo intenso. Enriquecido con vitaminas y 9 extractos naturales,<\/p>\n","protected":false},"featured_media":13465,"comment_status":"open","ping_status":"closed","template":"","meta":{"_acf_changed":false,"_joinchat":[]},"product_brand":[],"product_cat":[331,352,490,494],"product_tag":[],"class_list":{"0":"post-13464","1":"product","2":"type-product","3":"status-publish","4":"has-post-thumbnail","6":"product_cat-salud-y-belleza","7":"product_cat-ella","8":"product_cat-cuidado-del-cabello-ella","9":"product_cat-cuidado-capilar","11":"first","12":"instock","13":"sale","14":"shipping-taxable","15":"purchasable","16":"product-type-simple"},"acf":[],"_links":{"self":[{"href":"https:\/\/defabrica.com.mx\/defabrica\/wp-json\/wp\/v2\/product\/13464","targetHints":{"allow":["GET"]}}],"collection":[{"href":"https:\/\/defabrica.com.mx\/defabrica\/wp-json\/wp\/v2\/product"}],"about":[{"href":"https:\/\/defabrica.com.mx\/defabrica\/wp-json\/wp\/v2\/types\/product"}],"replies":[{"embeddable":true,"href":"https:\/\/defabrica.com.mx\/defabrica\/wp-json\/wp\/v2\/comments?post=13464"}],"wp:featuredmedia":[{"embeddable":true,"href":"https:\/\/defabrica.com.mx\/defabrica\/wp-json\/wp\/v2\/media\/13465"}],"wp:attachment":[{"href":"https:\/\/defabrica.com.mx\/defabrica\/wp-json\/wp\/v2\/media?parent=13464"}],"wp:term":[{"taxonomy":"product_brand","embeddable":true,"href":"https:\/\/defabrica.com.mx\/defabrica\/wp-json\/wp\/v2\/product_brand?post=13464"},{"taxonomy":"product_cat","embeddable":true,"href":"https:\/\/defabrica.com.mx\/defabrica\/wp-json\/wp\/v2\/product_cat?post=13464"},{"taxonomy":"product_tag","embeddable":true,"href":"https:\/\/defabrica.com.mx\/defabrica\/wp-json\/wp\/v2\/product_tag?post=13464"}],"curies":[{"name":"wp","href":"https:\/\/api.w.org\/{rel}","templated":true}]}}