{"id":13461,"date":"2020-10-04T15:09:45","date_gmt":"2020-10-04T20:09:45","guid":{"rendered":"https:\/\/defabrica.com.mx\/defabrica\/?post_type=product&#038;p=13461"},"modified":"2022-07-05T14:12:36","modified_gmt":"2022-07-05T19:12:36","slug":"shampoo-color-protect","status":"publish","type":"product","link":"https:\/\/defabrica.com.mx\/defabrica\/producto\/shampoo-color-protect\/","title":{"rendered":"Shampoo color protect"},"content":{"rendered":"<p class=\"principal__text\">El Shampoo Color Protect SEYT\u00da ayuda a mantener el tono del cabello te\u00f1ido y tratado qu\u00edmicamente, protegi\u00e9ndolo de la ra\u00edz a la punta.<\/p>\n<div id=\"ben\" class=\"tabs__pane active\">\n<p>Dise\u00f1ado para ayudar a mantener el color del cabello. Brinda protecci\u00f3n despu\u00e9s de un proceso de coloraci\u00f3n, brillo intenso y flexibilidad.<\/p>\n<div id=\"ing\" class=\"tabs__pane active\">\n<div>Enriquecido con melocot\u00f3n y semilla de girasol.<\/div>\n<\/div>\n<\/div>\n","protected":false},"excerpt":{"rendered":"<p>El Shampoo Color Protect SEYT\u00da ayuda a mantener el tono del cabello te\u00f1ido y tratado qu\u00edmicamente, protegi\u00e9ndolo de la ra\u00edz a la punta. Dise\u00f1ado para ayudar a mantener el color<\/p>\n","protected":false},"featured_media":13463,"comment_status":"open","ping_status":"closed","template":"","meta":{"_acf_changed":false,"_joinchat":[]},"product_brand":[],"product_cat":[331,352,490,494],"product_tag":[],"class_list":{"0":"post-13461","1":"product","2":"type-product","3":"status-publish","4":"has-post-thumbnail","6":"product_cat-salud-y-belleza","7":"product_cat-ella","8":"product_cat-cuidado-del-cabello-ella","9":"product_cat-cuidado-capilar","11":"first","12":"instock","13":"sale","14":"shipping-taxable","15":"purchasable","16":"product-type-simple"},"acf":[],"_links":{"self":[{"href":"https:\/\/defabrica.com.mx\/defabrica\/wp-json\/wp\/v2\/product\/13461","targetHints":{"allow":["GET"]}}],"collection":[{"href":"https:\/\/defabrica.com.mx\/defabrica\/wp-json\/wp\/v2\/product"}],"about":[{"href":"https:\/\/defabrica.com.mx\/defabrica\/wp-json\/wp\/v2\/types\/product"}],"replies":[{"embeddable":true,"href":"https:\/\/defabrica.com.mx\/defabrica\/wp-json\/wp\/v2\/comments?post=13461"}],"wp:featuredmedia":[{"embeddable":true,"href":"https:\/\/defabrica.com.mx\/defabrica\/wp-json\/wp\/v2\/media\/13463"}],"wp:attachment":[{"href":"https:\/\/defabrica.com.mx\/defabrica\/wp-json\/wp\/v2\/media?parent=13461"}],"wp:term":[{"taxonomy":"product_brand","embeddable":true,"href":"https:\/\/defabrica.com.mx\/defabrica\/wp-json\/wp\/v2\/product_brand?post=13461"},{"taxonomy":"product_cat","embeddable":true,"href":"https:\/\/defabrica.com.mx\/defabrica\/wp-json\/wp\/v2\/product_cat?post=13461"},{"taxonomy":"product_tag","embeddable":true,"href":"https:\/\/defabrica.com.mx\/defabrica\/wp-json\/wp\/v2\/product_tag?post=13461"}],"curies":[{"name":"wp","href":"https:\/\/api.w.org\/{rel}","templated":true}]}}