{"id":13460,"date":"2020-10-04T15:34:42","date_gmt":"2020-10-04T20:34:42","guid":{"rendered":"https:\/\/defabrica.com.mx\/defabrica\/?post_type=product&#038;p=13460"},"modified":"2022-07-05T14:12:35","modified_gmt":"2022-07-05T19:12:35","slug":"conair-plancha-alisadora-inalambrica-de-titanio-unbound-morado-lavanda-oro-rosa","status":"publish","type":"product","link":"https:\/\/defabrica.com.mx\/defabrica\/producto\/conair-plancha-alisadora-inalambrica-de-titanio-unbound-morado-lavanda-oro-rosa\/","title":{"rendered":"Conair &#8211; Plancha alisadora inal\u00e1mbrica de titanio Unbound &#8211; Morado \/ Lavanda \/ Oro rosa"},"content":{"rendered":"<p>Obt\u00e9n peinados elegantes y elegantes con esta plancha sin cable Unbound de Conair.\u00a0El dise\u00f1o inal\u00e1mbrico le brinda libertad de movimiento, mientras que las placas planas de titanio de primera calidad se deslizan suavemente por su cabello sin enredarse ni enredarse.\u00a0Esta plancha sin cable Unbound de Conair cuenta con una pantalla LED y un interruptor de bloqueo para una lectura confiable del estado de la bater\u00eda y un bloqueo f\u00e1cil.<\/p>\n<p>&nbsp;<\/p>\n<h3 class=\"heading-5 v-fw-regular feature-heading\">Caracteristicas<\/h3>\n<ul>\n<li><strong>Plancha inal\u00e1mbrica de titanio sin consolidar<\/strong><br \/>\nCree hermosos estilos elegantes y rectos en cualquier momento y en cualquier lugar con esta plancha de Conair.<\/li>\n<li><strong>Placas de titanio de hierro plano de 1 pulgada<\/strong><br \/>\nSe desliza por tu cabello para obtener resultados pulidos.<\/li>\n<li><strong>Niveles altos de calor<\/strong><br \/>\nHasta 400 \u00b0 F para un peinado r\u00e1pido y resultados de rizos profesionales.<\/li>\n<li><strong>4 configuraciones de calor con funci\u00f3n de apagado autom\u00e1tico<\/strong><br \/>\nPara todo tipo de cabello, lo que le permite crear estilos lisos y elegantes en cualquier momento y lugar. La unidad se apagar\u00e1 autom\u00e1ticamente despu\u00e9s de 15 minutos para preservar la vida \u00fatil de la bater\u00eda.<\/li>\n<li><strong>Hasta 25 minutos de autonom\u00eda sin cables<\/strong><br \/>\nEsta plancha tiene una bater\u00eda de iones de litio y un cable de carga USB extra\u00edble para cargar. Una vez cargada, la plancha se puede usar sin cables hasta por 25 minutos. El tiempo de ejecuci\u00f3n variar\u00e1 seg\u00fan la temperatura y el tipo de cabello.<\/li>\n<li><strong>Indicador de temperatura LED<\/strong><br \/>\nPermita un ajuste de calentamiento f\u00e1cil.<\/li>\n<li><strong>Dise\u00f1o compacto<\/strong><br \/>\nPerfecto para estilizar sobre la marcha y cabe f\u00e1cilmente en su bolso de mano o bolsa de deporte para la belleza en movimiento.<\/li>\n<\/ul>\n<h3 class=\"heading-5 v-fw-regular\">Qu\u00e9 est\u00e1 incluido<\/h3>\n<ul>\n<li>2x bater\u00eda de iones de litio<\/li>\n<li>Plancha alisadora inal\u00e1mbrica de titanio Unbound de Conair<\/li>\n<li>El manual del propietario<\/li>\n<li>Bolsa de almacenamiento<\/li>\n<li>Cargador usb<\/li>\n<\/ul>\n","protected":false},"excerpt":{"rendered":"<p>Obt\u00e9n peinados elegantes y elegantes con esta plancha sin cable Unbound de Conair.\u00a0El dise\u00f1o inal\u00e1mbrico le brinda libertad de movimiento, mientras que las placas planas de titanio de primera calidad<\/p>\n","protected":false},"featured_media":13471,"comment_status":"open","ping_status":"closed","template":"","meta":{"_acf_changed":false,"_joinchat":[]},"product_brand":[],"product_cat":[331,352,490,491],"product_tag":[],"class_list":{"0":"post-13460","1":"product","2":"type-product","3":"status-publish","4":"has-post-thumbnail","6":"product_cat-salud-y-belleza","7":"product_cat-ella","8":"product_cat-cuidado-del-cabello-ella","9":"product_cat-planchas-para-cabello","11":"first","12":"instock","13":"sale","14":"shipping-taxable","15":"purchasable","16":"product-type-simple"},"acf":[],"_links":{"self":[{"href":"https:\/\/defabrica.com.mx\/defabrica\/wp-json\/wp\/v2\/product\/13460","targetHints":{"allow":["GET"]}}],"collection":[{"href":"https:\/\/defabrica.com.mx\/defabrica\/wp-json\/wp\/v2\/product"}],"about":[{"href":"https:\/\/defabrica.com.mx\/defabrica\/wp-json\/wp\/v2\/types\/product"}],"replies":[{"embeddable":true,"href":"https:\/\/defabrica.com.mx\/defabrica\/wp-json\/wp\/v2\/comments?post=13460"}],"wp:featuredmedia":[{"embeddable":true,"href":"https:\/\/defabrica.com.mx\/defabrica\/wp-json\/wp\/v2\/media\/13471"}],"wp:attachment":[{"href":"https:\/\/defabrica.com.mx\/defabrica\/wp-json\/wp\/v2\/media?parent=13460"}],"wp:term":[{"taxonomy":"product_brand","embeddable":true,"href":"https:\/\/defabrica.com.mx\/defabrica\/wp-json\/wp\/v2\/product_brand?post=13460"},{"taxonomy":"product_cat","embeddable":true,"href":"https:\/\/defabrica.com.mx\/defabrica\/wp-json\/wp\/v2\/product_cat?post=13460"},{"taxonomy":"product_tag","embeddable":true,"href":"https:\/\/defabrica.com.mx\/defabrica\/wp-json\/wp\/v2\/product_tag?post=13460"}],"curies":[{"name":"wp","href":"https:\/\/api.w.org\/{rel}","templated":true}]}}