{"id":13447,"date":"2020-10-04T14:46:38","date_gmt":"2020-10-04T19:46:38","guid":{"rendered":"https:\/\/defabrica.com.mx\/defabrica\/?post_type=product&#038;p=13447"},"modified":"2022-07-05T14:12:36","modified_gmt":"2022-07-05T19:12:36","slug":"shampoo-de-cuidado-especial-para-cabello-debil","status":"publish","type":"product","link":"https:\/\/defabrica.com.mx\/defabrica\/producto\/shampoo-de-cuidado-especial-para-cabello-debil\/","title":{"rendered":"2&#215;1 Shampoo de cuidado especial para cabello d\u00e9bil"},"content":{"rendered":"<p class=\"principal__text\">Cuida tu cabello con este shampoo que brinda hidrataci\u00f3n y acondicionamiento.<\/p>\n<div id=\"ben\" class=\"tabs__pane active\">\n<p>Formulado con activos para fortalecer el cabello. Ayuda en la estimulaci\u00f3n de la recuperaci\u00f3n capilar. Otorga brillo, suavidad y flexibilidad.<\/p>\n<div id=\"ing\" class=\"tabs__pane active\">\n<div>Enriquecido con biotina, extracto de guaran\u00e1 y prote\u00edna hidrolizada.<\/div>\n<\/div>\n<\/div>\n","protected":false},"excerpt":{"rendered":"<p>Cuida tu cabello con este shampoo que brinda hidrataci\u00f3n y acondicionamiento. Formulado con activos para fortalecer el cabello. Ayuda en la estimulaci\u00f3n de la recuperaci\u00f3n capilar. Otorga brillo, suavidad y<\/p>\n","protected":false},"featured_media":13449,"comment_status":"open","ping_status":"closed","template":"","meta":{"_acf_changed":false,"_joinchat":[]},"product_brand":[],"product_cat":[331,352,490,494],"product_tag":[],"class_list":{"0":"post-13447","1":"product","2":"type-product","3":"status-publish","4":"has-post-thumbnail","6":"product_cat-salud-y-belleza","7":"product_cat-ella","8":"product_cat-cuidado-del-cabello-ella","9":"product_cat-cuidado-capilar","11":"first","12":"instock","13":"sale","14":"shipping-taxable","15":"purchasable","16":"product-type-simple"},"acf":[],"_links":{"self":[{"href":"https:\/\/defabrica.com.mx\/defabrica\/wp-json\/wp\/v2\/product\/13447","targetHints":{"allow":["GET"]}}],"collection":[{"href":"https:\/\/defabrica.com.mx\/defabrica\/wp-json\/wp\/v2\/product"}],"about":[{"href":"https:\/\/defabrica.com.mx\/defabrica\/wp-json\/wp\/v2\/types\/product"}],"replies":[{"embeddable":true,"href":"https:\/\/defabrica.com.mx\/defabrica\/wp-json\/wp\/v2\/comments?post=13447"}],"wp:featuredmedia":[{"embeddable":true,"href":"https:\/\/defabrica.com.mx\/defabrica\/wp-json\/wp\/v2\/media\/13449"}],"wp:attachment":[{"href":"https:\/\/defabrica.com.mx\/defabrica\/wp-json\/wp\/v2\/media?parent=13447"}],"wp:term":[{"taxonomy":"product_brand","embeddable":true,"href":"https:\/\/defabrica.com.mx\/defabrica\/wp-json\/wp\/v2\/product_brand?post=13447"},{"taxonomy":"product_cat","embeddable":true,"href":"https:\/\/defabrica.com.mx\/defabrica\/wp-json\/wp\/v2\/product_cat?post=13447"},{"taxonomy":"product_tag","embeddable":true,"href":"https:\/\/defabrica.com.mx\/defabrica\/wp-json\/wp\/v2\/product_tag?post=13447"}],"curies":[{"name":"wp","href":"https:\/\/api.w.org\/{rel}","templated":true}]}}