{"id":13440,"date":"2020-10-04T14:30:53","date_gmt":"2020-10-04T19:30:53","guid":{"rendered":"https:\/\/defabrica.com.mx\/defabrica\/?post_type=product&#038;p=13440"},"modified":"2022-07-05T14:12:37","modified_gmt":"2022-07-05T19:12:37","slug":"crema-de-cuidado-intensivo-para-contorno-de-ojos","status":"publish","type":"product","link":"https:\/\/defabrica.com.mx\/defabrica\/producto\/crema-de-cuidado-intensivo-para-contorno-de-ojos\/","title":{"rendered":"Crema de cuidado intensivo para contorno de ojos"},"content":{"rendered":"<p class=\"principal__text\">La delicada piel del contorno de tus ojos merece un cuidado especial y, para nutrirla, hidratarla y darle elasticidad, nada mejor que nuestra f\u00f3rmula.<\/p>\n<p>Ayuda a mejorar la apariencia de las finas l\u00edneas de expresi\u00f3n, mientras tonifica y nutre la delicada \u00e1rea del contorno de ojos. Mejora la elasticidad, flexibilidad e hidrata la piel de manera prolongada para una piel firme y saludable.<\/p>\n<footer class=\"principal__footer\">\n<div class=\"principal__social dropdown light hasicons\">\n<div class=\"tabs expanded products-tabs\">\n<div class=\"tabs__content\">\n<div id=\"ing\" class=\"tabs__pane active\">\n<div>Enriquecida con antioxidantes como la Vitamina E y la ubiquinona, emolientes como el aceite de jojoba y un excelente humectante como el hialuronato de sodio.<\/div>\n<\/div>\n<\/div>\n<\/div>\n<div class=\"products-block complementary\">\n<div id=\"products-complementary\" class=\"products slider\">\n<div class=\"products__wrap slider__wrap\">\n<div class=\"product slider__item\"><\/div>\n<\/div>\n<\/div>\n<\/div>\n<\/div>\n<\/footer>\n","protected":false},"excerpt":{"rendered":"<p>La delicada piel del contorno de tus ojos merece un cuidado especial y, para nutrirla, hidratarla y darle elasticidad, nada mejor que nuestra f\u00f3rmula. Ayuda a mejorar la apariencia de<\/p>\n","protected":false},"featured_media":13441,"comment_status":"open","ping_status":"closed","template":"","meta":{"_acf_changed":false,"_joinchat":[]},"product_brand":[],"product_cat":[331,352,476,468],"product_tag":[],"class_list":{"0":"post-13440","1":"product","2":"type-product","3":"status-publish","4":"has-post-thumbnail","6":"product_cat-salud-y-belleza","7":"product_cat-ella","8":"product_cat-cremas-faciales","9":"product_cat-ojos","11":"first","12":"instock","13":"sale","14":"shipping-taxable","15":"purchasable","16":"product-type-simple"},"acf":[],"_links":{"self":[{"href":"https:\/\/defabrica.com.mx\/defabrica\/wp-json\/wp\/v2\/product\/13440","targetHints":{"allow":["GET"]}}],"collection":[{"href":"https:\/\/defabrica.com.mx\/defabrica\/wp-json\/wp\/v2\/product"}],"about":[{"href":"https:\/\/defabrica.com.mx\/defabrica\/wp-json\/wp\/v2\/types\/product"}],"replies":[{"embeddable":true,"href":"https:\/\/defabrica.com.mx\/defabrica\/wp-json\/wp\/v2\/comments?post=13440"}],"wp:featuredmedia":[{"embeddable":true,"href":"https:\/\/defabrica.com.mx\/defabrica\/wp-json\/wp\/v2\/media\/13441"}],"wp:attachment":[{"href":"https:\/\/defabrica.com.mx\/defabrica\/wp-json\/wp\/v2\/media?parent=13440"}],"wp:term":[{"taxonomy":"product_brand","embeddable":true,"href":"https:\/\/defabrica.com.mx\/defabrica\/wp-json\/wp\/v2\/product_brand?post=13440"},{"taxonomy":"product_cat","embeddable":true,"href":"https:\/\/defabrica.com.mx\/defabrica\/wp-json\/wp\/v2\/product_cat?post=13440"},{"taxonomy":"product_tag","embeddable":true,"href":"https:\/\/defabrica.com.mx\/defabrica\/wp-json\/wp\/v2\/product_tag?post=13440"}],"curies":[{"name":"wp","href":"https:\/\/api.w.org\/{rel}","templated":true}]}}