{"id":13433,"date":"2020-10-04T14:12:43","date_gmt":"2020-10-04T19:12:43","guid":{"rendered":"https:\/\/defabrica.com.mx\/defabrica\/?post_type=product&#038;p=13433"},"modified":"2022-07-05T14:12:38","modified_gmt":"2022-07-05T19:12:38","slug":"gel-limpiador-cutis-mixto-graso","status":"publish","type":"product","link":"https:\/\/defabrica.com.mx\/defabrica\/producto\/gel-limpiador-cutis-mixto-graso\/","title":{"rendered":"Gel limpiador cutis mixto-graso"},"content":{"rendered":"<p class=\"principal__text\">Remueve las impurezas y c\u00e9lulas muertas de tu piel, dej\u00e1ndola suave y tersa.<\/p>\n<p>Ayuda a remover las impurezas mientras exfolia las c\u00e9lulas muertas. Ideal para la limpieza del rostro en piel mixta-grasa.<\/p>\n<footer class=\"principal__footer\">\n<div class=\"principal__social dropdown light hasicons\">\n<div class=\"tabs expanded products-tabs\">\n<div class=\"tabs__content\">\n<div id=\"ing\" class=\"tabs__pane active\">\n<div>Enriquecido con aloe vera, pepino, vitaminas E y C.<\/div>\n<\/div>\n<\/div>\n<\/div>\n<div class=\"products-block complementary\">\n<div id=\"products-complementary\" class=\"products slider\">\n<div class=\"products__wrap slider__wrap\">\n<div class=\"product slider__item\"><\/div>\n<\/div>\n<\/div>\n<\/div>\n<\/div>\n<\/footer>\n","protected":false},"excerpt":{"rendered":"<p>Remueve las impurezas y c\u00e9lulas muertas de tu piel, dej\u00e1ndola suave y tersa. Ayuda a remover las impurezas mientras exfolia las c\u00e9lulas muertas. Ideal para la limpieza del rostro en<\/p>\n","protected":false},"featured_media":13434,"comment_status":"open","ping_status":"closed","template":"","meta":{"_acf_changed":false,"_joinchat":[]},"product_brand":[],"product_cat":[331,351,464,352,476],"product_tag":[],"class_list":{"0":"post-13433","1":"product","2":"type-product","3":"status-publish","4":"has-post-thumbnail","6":"product_cat-salud-y-belleza","7":"product_cat-el","8":"product_cat-cuidado-de-la-piel","9":"product_cat-ella","10":"product_cat-cremas-faciales","12":"first","13":"instock","14":"sale","15":"shipping-taxable","16":"purchasable","17":"product-type-simple"},"acf":[],"_links":{"self":[{"href":"https:\/\/defabrica.com.mx\/defabrica\/wp-json\/wp\/v2\/product\/13433","targetHints":{"allow":["GET"]}}],"collection":[{"href":"https:\/\/defabrica.com.mx\/defabrica\/wp-json\/wp\/v2\/product"}],"about":[{"href":"https:\/\/defabrica.com.mx\/defabrica\/wp-json\/wp\/v2\/types\/product"}],"replies":[{"embeddable":true,"href":"https:\/\/defabrica.com.mx\/defabrica\/wp-json\/wp\/v2\/comments?post=13433"}],"wp:featuredmedia":[{"embeddable":true,"href":"https:\/\/defabrica.com.mx\/defabrica\/wp-json\/wp\/v2\/media\/13434"}],"wp:attachment":[{"href":"https:\/\/defabrica.com.mx\/defabrica\/wp-json\/wp\/v2\/media?parent=13433"}],"wp:term":[{"taxonomy":"product_brand","embeddable":true,"href":"https:\/\/defabrica.com.mx\/defabrica\/wp-json\/wp\/v2\/product_brand?post=13433"},{"taxonomy":"product_cat","embeddable":true,"href":"https:\/\/defabrica.com.mx\/defabrica\/wp-json\/wp\/v2\/product_cat?post=13433"},{"taxonomy":"product_tag","embeddable":true,"href":"https:\/\/defabrica.com.mx\/defabrica\/wp-json\/wp\/v2\/product_tag?post=13433"}],"curies":[{"name":"wp","href":"https:\/\/api.w.org\/{rel}","templated":true}]}}