{"id":13412,"date":"2020-10-04T13:42:10","date_gmt":"2020-10-04T18:42:10","guid":{"rendered":"https:\/\/defabrica.com.mx\/defabrica\/?post_type=product&#038;p=13412"},"modified":"2022-07-05T14:12:38","modified_gmt":"2022-07-05T19:12:38","slug":"crema-aclaradora-facial","status":"publish","type":"product","link":"https:\/\/defabrica.com.mx\/defabrica\/producto\/crema-aclaradora-facial\/","title":{"rendered":"Crema aclaradora facial 2&#215;1"},"content":{"rendered":"<p>Su poderosa f\u00f3rmula, adem\u00e1s de ayudar a aclarar, hidrata y acondiciona.<\/p>\n<p>Ayuda a remover las impurezas mientras exfolia las c\u00e9lulas muertas. Ideal para la limpieza del rostro en piel mixta-grasa.<\/p>\n<p>F\u00f3rmula\u00a0con antioxidantes como la vitamina E y el t\u00e9 verde; uva ursi, \u00e1cido glic\u00f3lico y vitamina C.<\/p>\n","protected":false},"excerpt":{"rendered":"<p>Su poderosa f\u00f3rmula, adem\u00e1s de ayudar a aclarar, hidrata y acondiciona. Ayuda a remover las impurezas mientras exfolia las c\u00e9lulas muertas. Ideal para la limpieza del rostro en piel mixta-grasa.<\/p>\n","protected":false},"featured_media":13414,"comment_status":"open","ping_status":"closed","template":"","meta":{"_acf_changed":false,"_joinchat":[]},"product_brand":[],"product_cat":[331,351,464,352,476],"product_tag":[],"class_list":{"0":"post-13412","1":"product","2":"type-product","3":"status-publish","4":"has-post-thumbnail","6":"product_cat-salud-y-belleza","7":"product_cat-el","8":"product_cat-cuidado-de-la-piel","9":"product_cat-ella","10":"product_cat-cremas-faciales","12":"first","13":"instock","14":"sale","15":"shipping-taxable","16":"purchasable","17":"product-type-simple"},"acf":[],"_links":{"self":[{"href":"https:\/\/defabrica.com.mx\/defabrica\/wp-json\/wp\/v2\/product\/13412","targetHints":{"allow":["GET"]}}],"collection":[{"href":"https:\/\/defabrica.com.mx\/defabrica\/wp-json\/wp\/v2\/product"}],"about":[{"href":"https:\/\/defabrica.com.mx\/defabrica\/wp-json\/wp\/v2\/types\/product"}],"replies":[{"embeddable":true,"href":"https:\/\/defabrica.com.mx\/defabrica\/wp-json\/wp\/v2\/comments?post=13412"}],"wp:featuredmedia":[{"embeddable":true,"href":"https:\/\/defabrica.com.mx\/defabrica\/wp-json\/wp\/v2\/media\/13414"}],"wp:attachment":[{"href":"https:\/\/defabrica.com.mx\/defabrica\/wp-json\/wp\/v2\/media?parent=13412"}],"wp:term":[{"taxonomy":"product_brand","embeddable":true,"href":"https:\/\/defabrica.com.mx\/defabrica\/wp-json\/wp\/v2\/product_brand?post=13412"},{"taxonomy":"product_cat","embeddable":true,"href":"https:\/\/defabrica.com.mx\/defabrica\/wp-json\/wp\/v2\/product_cat?post=13412"},{"taxonomy":"product_tag","embeddable":true,"href":"https:\/\/defabrica.com.mx\/defabrica\/wp-json\/wp\/v2\/product_tag?post=13412"}],"curies":[{"name":"wp","href":"https:\/\/api.w.org\/{rel}","templated":true}]}}