{"id":13398,"date":"2020-10-04T13:10:17","date_gmt":"2020-10-04T18:10:17","guid":{"rendered":"https:\/\/defabrica.com.mx\/defabrica\/?post_type=product&#038;p=13398"},"modified":"2022-07-05T14:12:40","modified_gmt":"2022-07-05T19:12:40","slug":"crema-limpiadora-facial","status":"publish","type":"product","link":"https:\/\/defabrica.com.mx\/defabrica\/producto\/crema-limpiadora-facial\/","title":{"rendered":"Crema limpiadora facial 2&#215;1"},"content":{"rendered":"<p>Su formulaci\u00f3n permite remover f\u00e1cil y suavemente el maquillaje, por lo que ser\u00e1 tu mejor aliada todos los d\u00edas.<\/p>\n<p>Limpia profundamente tu rostro, ayudando a liberarlo de impurezas, manteniendo el balance natural de la piel.<\/p>\n<p>Extracto de manzanilla, pantenol, vitamina E y aceite de aguacate.<\/p>\n<footer class=\"principal__footer\">\n<div class=\"principal__social dropdown light hasicons\">\n<div class=\"products-block complementary\">\n<div id=\"products-complementary\" class=\"products slider\">\n<div class=\"products__wrap slider__wrap\">\n<div class=\"product slider__item\"><\/div>\n<\/div>\n<\/div>\n<\/div>\n<\/div>\n<\/footer>\n","protected":false},"excerpt":{"rendered":"<p>Su formulaci\u00f3n permite remover f\u00e1cil y suavemente el maquillaje, por lo que ser\u00e1 tu mejor aliada todos los d\u00edas. Limpia profundamente tu rostro, ayudando a liberarlo de impurezas, manteniendo el<\/p>\n","protected":false},"featured_media":13403,"comment_status":"open","ping_status":"closed","template":"","meta":{"_acf_changed":false,"_joinchat":[]},"product_brand":[],"product_cat":[331,351,464,352,487],"product_tag":[],"class_list":{"0":"post-13398","1":"product","2":"type-product","3":"status-publish","4":"has-post-thumbnail","6":"product_cat-salud-y-belleza","7":"product_cat-el","8":"product_cat-cuidado-de-la-piel","9":"product_cat-ella","10":"product_cat-protector-solar","12":"first","13":"instock","14":"sale","15":"shipping-taxable","16":"purchasable","17":"product-type-simple"},"acf":[],"_links":{"self":[{"href":"https:\/\/defabrica.com.mx\/defabrica\/wp-json\/wp\/v2\/product\/13398","targetHints":{"allow":["GET"]}}],"collection":[{"href":"https:\/\/defabrica.com.mx\/defabrica\/wp-json\/wp\/v2\/product"}],"about":[{"href":"https:\/\/defabrica.com.mx\/defabrica\/wp-json\/wp\/v2\/types\/product"}],"replies":[{"embeddable":true,"href":"https:\/\/defabrica.com.mx\/defabrica\/wp-json\/wp\/v2\/comments?post=13398"}],"wp:featuredmedia":[{"embeddable":true,"href":"https:\/\/defabrica.com.mx\/defabrica\/wp-json\/wp\/v2\/media\/13403"}],"wp:attachment":[{"href":"https:\/\/defabrica.com.mx\/defabrica\/wp-json\/wp\/v2\/media?parent=13398"}],"wp:term":[{"taxonomy":"product_brand","embeddable":true,"href":"https:\/\/defabrica.com.mx\/defabrica\/wp-json\/wp\/v2\/product_brand?post=13398"},{"taxonomy":"product_cat","embeddable":true,"href":"https:\/\/defabrica.com.mx\/defabrica\/wp-json\/wp\/v2\/product_cat?post=13398"},{"taxonomy":"product_tag","embeddable":true,"href":"https:\/\/defabrica.com.mx\/defabrica\/wp-json\/wp\/v2\/product_tag?post=13398"}],"curies":[{"name":"wp","href":"https:\/\/api.w.org\/{rel}","templated":true}]}}