{"id":13300,"date":"2020-10-01T21:43:08","date_gmt":"2020-10-02T02:43:08","guid":{"rendered":"https:\/\/defabrica.com.mx\/defabrica\/?post_type=product&#038;p=13300"},"modified":"2023-01-24T13:12:30","modified_gmt":"2023-01-24T19:12:30","slug":"gigabyte-aorus-7-kb-7us1130sh-17-3-144hz-fhd-i7-10750h-rtx-2060-gddr6-6gb-8gbx2-ddr4-ram-m-2-pcie-512gb-ssd-win10-laptop","status":"publish","type":"product","link":"https:\/\/defabrica.com.mx\/defabrica\/producto\/gigabyte-aorus-7-kb-7us1130sh-17-3-144hz-fhd-i7-10750h-rtx-2060-gddr6-6gb-8gbx2-ddr4-ram-m-2-pcie-512gb-ssd-win10-laptop\/","title":{"rendered":"GIGABYTE AORUS 7 KB-7US1130SH 17.3 \u00ab144Hz FHD i7-10750H RTX 2060 GDDR6 6GB 8GBx2 DDR4 RAM M.2 PCIe 512GB SSD Win10 Laptop"},"content":{"rendered":"<p>AORUS: donde nacen las leyendas.\u00a0\u00a1AORUS 5, que es una nueva sangre llamativa de 144Hz de computadora port\u00e1til para juegos profesional en la casa!\u00a0El port\u00e1til para juegos AORUS 5 lidera la industria con el \u00faltimo procesador Intel 10th Gen Core i7-10750H de 6 n\u00facleos, adem\u00e1s del chip gr\u00e1fico NVIDIA RTX, pantalla ultrarr\u00e1pida de 144Hz, sistema de refrigeraci\u00f3n WINDFORCE, hasta 6 TB de espacio de almacenamiento y WiFi de pr\u00f3xima generaci\u00f3n 6 conectividad a Internet.\u00a0\u00a1Lleva a los jugadores a la batalla y hacia la victoria! Todo lo que necesitas es la pantalla IPS Grade 144Hz Display High Refresh Rate;\u00a0AORUS 5: El verdadero poder de 10;\u00a0El AORUS 5 est\u00e1 equipado con el \u00faltimo sistema de enfriamiento WINDFORCE, la eficiencia de enfriamiento en general es de hasta 150W, no solo ayuda al AORUS 5 a lograr un 100% de salida de CPU y GPU, sino que tambi\u00e9n permanece tranquilo y estable al mismo tiempo.<\/p>\n","protected":false},"excerpt":{"rendered":"<p>AORUS: donde nacen las leyendas.\u00a0\u00a1AORUS 5, que es una nueva sangre llamativa de 144Hz de computadora port\u00e1til para juegos profesional en la casa!\u00a0El port\u00e1til para juegos AORUS 5 lidera la<\/p>\n","protected":false},"featured_media":13304,"comment_status":"open","ping_status":"closed","template":"","meta":{"_acf_changed":false,"_joinchat":[]},"product_brand":[],"product_cat":[240,241,277,280,432],"product_tag":[],"class_list":{"0":"post-13300","1":"product","2":"type-product","3":"status-publish","4":"has-post-thumbnail","6":"product_cat-computadoras","7":"product_cat-laptops","8":"product_cat-zona-gamer","9":"product_cat-pc-gaming","10":"product_cat-laptops-gamer","12":"first","13":"instock","14":"sale","15":"shipping-taxable","16":"purchasable","17":"product-type-simple"},"acf":[],"_links":{"self":[{"href":"https:\/\/defabrica.com.mx\/defabrica\/wp-json\/wp\/v2\/product\/13300","targetHints":{"allow":["GET"]}}],"collection":[{"href":"https:\/\/defabrica.com.mx\/defabrica\/wp-json\/wp\/v2\/product"}],"about":[{"href":"https:\/\/defabrica.com.mx\/defabrica\/wp-json\/wp\/v2\/types\/product"}],"replies":[{"embeddable":true,"href":"https:\/\/defabrica.com.mx\/defabrica\/wp-json\/wp\/v2\/comments?post=13300"}],"wp:featuredmedia":[{"embeddable":true,"href":"https:\/\/defabrica.com.mx\/defabrica\/wp-json\/wp\/v2\/media\/13304"}],"wp:attachment":[{"href":"https:\/\/defabrica.com.mx\/defabrica\/wp-json\/wp\/v2\/media?parent=13300"}],"wp:term":[{"taxonomy":"product_brand","embeddable":true,"href":"https:\/\/defabrica.com.mx\/defabrica\/wp-json\/wp\/v2\/product_brand?post=13300"},{"taxonomy":"product_cat","embeddable":true,"href":"https:\/\/defabrica.com.mx\/defabrica\/wp-json\/wp\/v2\/product_cat?post=13300"},{"taxonomy":"product_tag","embeddable":true,"href":"https:\/\/defabrica.com.mx\/defabrica\/wp-json\/wp\/v2\/product_tag?post=13300"}],"curies":[{"name":"wp","href":"https:\/\/api.w.org\/{rel}","templated":true}]}}