{"id":13270,"date":"2020-10-01T20:16:57","date_gmt":"2020-10-02T01:16:57","guid":{"rendered":"https:\/\/defabrica.com.mx\/defabrica\/?post_type=product&#038;p=13270"},"modified":"2023-01-24T13:10:13","modified_gmt":"2023-01-24T19:10:13","slug":"portatil-hp-elitebook-745-g6-de-14-amd-ryzen-7-3700u-8-gb-de-ram-ssd-de-256-gb-amd-radeon-vega-windows-10-pro-plata","status":"publish","type":"product","link":"https:\/\/defabrica.com.mx\/defabrica\/producto\/portatil-hp-elitebook-745-g6-de-14-amd-ryzen-7-3700u-8-gb-de-ram-ssd-de-256-gb-amd-radeon-vega-windows-10-pro-plata\/","title":{"rendered":"Port\u00e1til HP EliteBook 745 G6 de 14 \u00ab- AMD Ryzen 7 3700U &#8211; 8 GB de RAM &#8211; SSD de 256 GB &#8211; AMD Radeon Vega &#8211; Windows 10 Pro &#8211; Plata"},"content":{"rendered":"<p>Dise\u00f1ado para el profesional m\u00f3vil moderno, el HP EliteBook 745 ofrece seguridad y capacidad de gesti\u00f3n de nivel empresarial junto con potentes funciones de colaboraci\u00f3n para mantenerlo conectado.<\/p>\n<h3><strong>Caracter\u00edsticas<\/strong><\/h3>\n<ul>\n<li>Dise\u00f1o de precisi\u00f3n El dise\u00f1o ultradelgado y una potente experiencia de visualizaci\u00f3n en la pantalla ultrabrillante de borde estrecho hacen que trabajar sea c\u00f3modo en casi cualquier condici\u00f3n de luz.<\/li>\n<li>Construido sobre una base segura Proteja su PC contra las amenazas de malware en evoluci\u00f3n, con soluciones de seguridad administrables, ejecutadas por hardware y de recuperaci\u00f3n autom\u00e1tica de HP.\u00a0Desde el BIOS hasta el navegador, HP Sure Start para AMD y HP Sure Click ayudan a proteger su PC.<\/li>\n<li>Colaboraci\u00f3n n\u00edtida Las llamadas suenan n\u00edtidas y claras con funciones de colaboraci\u00f3n avanzadas como HP Noise Cancellation y un micr\u00f3fono integrado con orientaci\u00f3n al mundo.\u00a0Los altavoces de alta potencia producen un sonido rico y las teclas de colaboraci\u00f3n ayudan a que las llamadas de PC sean productivas.<\/li>\n<\/ul>\n","protected":false},"excerpt":{"rendered":"<p>Dise\u00f1ado para el profesional m\u00f3vil moderno, el HP EliteBook 745 ofrece seguridad y capacidad de gesti\u00f3n de nivel empresarial junto con potentes funciones de colaboraci\u00f3n para mantenerlo conectado. Caracter\u00edsticas Dise\u00f1o<\/p>\n","protected":false},"featured_media":73403,"comment_status":"open","ping_status":"closed","template":"","meta":{"_acf_changed":false,"_joinchat":[]},"product_brand":[],"product_cat":[240,241,277,280,432],"product_tag":[],"class_list":{"0":"post-13270","1":"product","2":"type-product","3":"status-publish","4":"has-post-thumbnail","6":"product_cat-computadoras","7":"product_cat-laptops","8":"product_cat-zona-gamer","9":"product_cat-pc-gaming","10":"product_cat-laptops-gamer","12":"first","13":"instock","14":"sale","15":"shipping-taxable","16":"purchasable","17":"product-type-simple"},"acf":[],"_links":{"self":[{"href":"https:\/\/defabrica.com.mx\/defabrica\/wp-json\/wp\/v2\/product\/13270","targetHints":{"allow":["GET"]}}],"collection":[{"href":"https:\/\/defabrica.com.mx\/defabrica\/wp-json\/wp\/v2\/product"}],"about":[{"href":"https:\/\/defabrica.com.mx\/defabrica\/wp-json\/wp\/v2\/types\/product"}],"replies":[{"embeddable":true,"href":"https:\/\/defabrica.com.mx\/defabrica\/wp-json\/wp\/v2\/comments?post=13270"}],"wp:featuredmedia":[{"embeddable":true,"href":"https:\/\/defabrica.com.mx\/defabrica\/wp-json\/wp\/v2\/media\/73403"}],"wp:attachment":[{"href":"https:\/\/defabrica.com.mx\/defabrica\/wp-json\/wp\/v2\/media?parent=13270"}],"wp:term":[{"taxonomy":"product_brand","embeddable":true,"href":"https:\/\/defabrica.com.mx\/defabrica\/wp-json\/wp\/v2\/product_brand?post=13270"},{"taxonomy":"product_cat","embeddable":true,"href":"https:\/\/defabrica.com.mx\/defabrica\/wp-json\/wp\/v2\/product_cat?post=13270"},{"taxonomy":"product_tag","embeddable":true,"href":"https:\/\/defabrica.com.mx\/defabrica\/wp-json\/wp\/v2\/product_tag?post=13270"}],"curies":[{"name":"wp","href":"https:\/\/api.w.org\/{rel}","templated":true}]}}