{"id":13264,"date":"2020-10-01T20:11:19","date_gmt":"2020-10-02T01:11:19","guid":{"rendered":"https:\/\/defabrica.com.mx\/defabrica\/?post_type=product&#038;p=13264"},"modified":"2023-01-24T13:09:14","modified_gmt":"2023-01-24T19:09:14","slug":"lenovo-thinkpad-t495s-20qj0009us-portatil-de-14-ryzen-7-3700u-8gb-ram-256gb-ssd-1920-x-1080-graficos-amd-radeon-rx-vega-10-windows-10-pro-negro","status":"publish","type":"product","link":"https:\/\/defabrica.com.mx\/defabrica\/producto\/lenovo-thinkpad-t495s-20qj0009us-portatil-de-14-ryzen-7-3700u-8gb-ram-256gb-ssd-1920-x-1080-graficos-amd-radeon-rx-vega-10-windows-10-pro-negro\/","title":{"rendered":"Lenovo ThinkPad T495s 20QJ0009US Port\u00e1til de 14 \u00ab- Ryzen 7 3700U &#8211; 8GB RAM &#8211; 256GB SSD &#8211; 1920 x 1080 &#8211; Gr\u00e1ficos AMD Radeon RX Vega 10 &#8211; Windows 10 Pro &#8211; Negro"},"content":{"rendered":"<p>ThinkPad T495s Socio comercial port\u00e1til A partir de 1,27 kg \/ 2,81 lb y 16,1 mm \/ 0,6 \u00ab, el port\u00e1til ThinkPad T495s hace que sea f\u00e1cil llevar su trabajo con usted, mientras que su CPU AMD Ryzen Pro de segunda generaci\u00f3n y su GPU Radeon \u2122 Vega significan que puede trabajar m\u00e1s tiempo, m\u00e1s r\u00e1pido y m\u00e1s eficientemente cuando usted lo hace. Tambi\u00e9n tiene bater\u00eda para todo el d\u00eda, conectividad WWAN opcional y un teclado retroiluminado de carga inferior.<\/p>\n<h3><strong>Caracter\u00edsticas<\/strong><\/h3>\n<ul>\n<li>Tipo de producto Notebook<\/li>\n<li>Procesador y conjunto de chips Fabricante del procesador Tipo de procesador AMD Modelo de procesador Ryzen 7 3700U Velocidad del procesador N\u00facleo del procesador de 2,3 GHz Cuatro n\u00facleos (4 n\u00facleos)<\/li>\n<li>Memoria Memoria est\u00e1ndar 8GB Memoria m\u00e1xima 16GB Tecnolog\u00eda de memoria DDR4 SDRAM<\/li>\n<li>Almacenamiento Capacidad total de la unidad de estado s\u00f3lido 256 GB<\/li>\n<li>Pantalla y gr\u00e1ficos Tama\u00f1o de pantalla Pantalla de 14 \u00abTipo de pantalla Pantalla LCD Tecnolog\u00eda de pantalla Tecnolog\u00eda de conmutaci\u00f3n en el plano (IPS) Modo de pantalla Resoluci\u00f3n de pantalla Full HD 1920 x 1080 Pantalla t\u00e1ctil No<\/li>\n<li>Pantalla y gr\u00e1ficos Fabricante del controlador de gr\u00e1ficos Modelo de controlador de gr\u00e1ficos AMD Radeon RX Vega 10 Gr\u00e1ficos Tecnolog\u00eda de memoria de gr\u00e1ficos DDR4 SDRAM Memoria de gr\u00e1ficos Accesibilidad Compartida<\/li>\n<li>Red y comunicaci\u00f3n Tecnolog\u00eda Ethernet Ethernet LAN inal\u00e1mbrica S\u00ed LAN inal\u00e1mbrica Est\u00e1ndar IEEE 802.11a \/ b \/ g \/ n \/ ac Bluetooth S\u00ed<\/li>\n<li>Dispositivos integrados C\u00e1mara frontal \/ Webcam S\u00ed<\/li>\n<li>Interfaces \/ Puertos HDMI S\u00ed N\u00famero total de puertos USB 2 N\u00famero de puertos USB 3.1 2 Red (RJ-45) S\u00ed<\/li>\n<li>Software Sistema operativo Plataforma Sistema operativo Windows Windows 10 Pro (ingl\u00e9s) Arquitectura del sistema operativo 64 bits<\/li>\n<li>Dispositivos de entrada Retroiluminaci\u00f3n del teclado S\u00ed Localizaci\u00f3n del teclado Ingl\u00e9s (EE. UU.)<\/li>\n<li>Informaci\u00f3n de la bater\u00eda Cantidad de bater\u00edas 1 Cantidad de celdas 3 celdas<\/li>\n<li>Alimentaci\u00f3n Descripci\u00f3n Voltaje de entrada 120 V CA 230 V CA<\/li>\n<li>De color negro<\/li>\n<li>Altura 17,55 mm Ancho 226,15 mm Profundidad 329 mm<\/li>\n<li>Peso (aproximado) 1,35 kg<\/li>\n<li>Contenido del paquete ThinkPad T495s 20QJ0009US Adaptador de CA de bater\u00eda de pol\u00edmero de litio para computadora port\u00e1til<\/li>\n<\/ul>\n","protected":false},"excerpt":{"rendered":"<p>ThinkPad T495s Socio comercial port\u00e1til A partir de 1,27 kg \/ 2,81 lb y 16,1 mm \/ 0,6 \u00ab, el port\u00e1til ThinkPad T495s hace que sea f\u00e1cil llevar su trabajo<\/p>\n","protected":false},"featured_media":13265,"comment_status":"open","ping_status":"closed","template":"","meta":{"_acf_changed":false,"_joinchat":[]},"product_brand":[],"product_cat":[240,241,277,280,432],"product_tag":[],"class_list":{"0":"post-13264","1":"product","2":"type-product","3":"status-publish","4":"has-post-thumbnail","6":"product_cat-computadoras","7":"product_cat-laptops","8":"product_cat-zona-gamer","9":"product_cat-pc-gaming","10":"product_cat-laptops-gamer","12":"first","13":"instock","14":"sale","15":"shipping-taxable","16":"purchasable","17":"product-type-simple"},"acf":[],"_links":{"self":[{"href":"https:\/\/defabrica.com.mx\/defabrica\/wp-json\/wp\/v2\/product\/13264","targetHints":{"allow":["GET"]}}],"collection":[{"href":"https:\/\/defabrica.com.mx\/defabrica\/wp-json\/wp\/v2\/product"}],"about":[{"href":"https:\/\/defabrica.com.mx\/defabrica\/wp-json\/wp\/v2\/types\/product"}],"replies":[{"embeddable":true,"href":"https:\/\/defabrica.com.mx\/defabrica\/wp-json\/wp\/v2\/comments?post=13264"}],"wp:featuredmedia":[{"embeddable":true,"href":"https:\/\/defabrica.com.mx\/defabrica\/wp-json\/wp\/v2\/media\/13265"}],"wp:attachment":[{"href":"https:\/\/defabrica.com.mx\/defabrica\/wp-json\/wp\/v2\/media?parent=13264"}],"wp:term":[{"taxonomy":"product_brand","embeddable":true,"href":"https:\/\/defabrica.com.mx\/defabrica\/wp-json\/wp\/v2\/product_brand?post=13264"},{"taxonomy":"product_cat","embeddable":true,"href":"https:\/\/defabrica.com.mx\/defabrica\/wp-json\/wp\/v2\/product_cat?post=13264"},{"taxonomy":"product_tag","embeddable":true,"href":"https:\/\/defabrica.com.mx\/defabrica\/wp-json\/wp\/v2\/product_tag?post=13264"}],"curies":[{"name":"wp","href":"https:\/\/api.w.org\/{rel}","templated":true}]}}