{"id":13250,"date":"2020-10-01T19:59:47","date_gmt":"2020-10-02T00:59:47","guid":{"rendered":"https:\/\/defabrica.com.mx\/defabrica\/?post_type=product&#038;p=13250"},"modified":"2023-01-24T13:08:19","modified_gmt":"2023-01-24T19:08:19","slug":"pantalla-acer-nitro-5-17-3-full-hd-144hz-intel-core-i7-nvidia-rtx-2060-16gb-ddr4-512gb-pcie-nvme-ssd-an517-51-784h","status":"publish","type":"product","link":"https:\/\/defabrica.com.mx\/defabrica\/producto\/pantalla-acer-nitro-5-17-3-full-hd-144hz-intel-core-i7-nvidia-rtx-2060-16gb-ddr4-512gb-pcie-nvme-ssd-an517-51-784h\/","title":{"rendered":"Pantalla Acer Nitro 5 17.3 \u00abFull HD 144Hz, Intel Core i7, NVIDIA RTX 2060, 16GB DDR4, 512GB PCIe NVMe SSD, AN517-51-784H"},"content":{"rendered":"<p>Disfruta de la acci\u00f3n de los juegos a lo grande, en cualquier momento y en cualquier lugar, con este incre\u00edble Nitro 5<\/p>\n<h3><strong>Caracter\u00edsticas<\/strong><\/h3>\n<ul>\n<li>144 Hz<\/li>\n<li>IPS<\/li>\n<li>juego de azar<\/li>\n<li>RTX<\/li>\n<li>2060<\/li>\n<li>RTX2060<\/li>\n<li>SSD<\/li>\n<li>n\u00facleo i7<\/li>\n<li>Juegos de PC<\/li>\n<\/ul>\n","protected":false},"excerpt":{"rendered":"<p>Disfruta de la acci\u00f3n de los juegos a lo grande, en cualquier momento y en cualquier lugar, con este incre\u00edble Nitro 5 Caracter\u00edsticas 144 Hz IPS juego de azar RTX<\/p>\n","protected":false},"featured_media":13251,"comment_status":"open","ping_status":"closed","template":"","meta":{"_acf_changed":false,"_joinchat":[]},"product_brand":[],"product_cat":[240,241,277,280,432],"product_tag":[],"class_list":{"0":"post-13250","1":"product","2":"type-product","3":"status-publish","4":"has-post-thumbnail","6":"product_cat-computadoras","7":"product_cat-laptops","8":"product_cat-zona-gamer","9":"product_cat-pc-gaming","10":"product_cat-laptops-gamer","12":"first","13":"instock","14":"sale","15":"shipping-taxable","16":"purchasable","17":"product-type-simple"},"acf":[],"_links":{"self":[{"href":"https:\/\/defabrica.com.mx\/defabrica\/wp-json\/wp\/v2\/product\/13250","targetHints":{"allow":["GET"]}}],"collection":[{"href":"https:\/\/defabrica.com.mx\/defabrica\/wp-json\/wp\/v2\/product"}],"about":[{"href":"https:\/\/defabrica.com.mx\/defabrica\/wp-json\/wp\/v2\/types\/product"}],"replies":[{"embeddable":true,"href":"https:\/\/defabrica.com.mx\/defabrica\/wp-json\/wp\/v2\/comments?post=13250"}],"wp:featuredmedia":[{"embeddable":true,"href":"https:\/\/defabrica.com.mx\/defabrica\/wp-json\/wp\/v2\/media\/13251"}],"wp:attachment":[{"href":"https:\/\/defabrica.com.mx\/defabrica\/wp-json\/wp\/v2\/media?parent=13250"}],"wp:term":[{"taxonomy":"product_brand","embeddable":true,"href":"https:\/\/defabrica.com.mx\/defabrica\/wp-json\/wp\/v2\/product_brand?post=13250"},{"taxonomy":"product_cat","embeddable":true,"href":"https:\/\/defabrica.com.mx\/defabrica\/wp-json\/wp\/v2\/product_cat?post=13250"},{"taxonomy":"product_tag","embeddable":true,"href":"https:\/\/defabrica.com.mx\/defabrica\/wp-json\/wp\/v2\/product_tag?post=13250"}],"curies":[{"name":"wp","href":"https:\/\/api.w.org\/{rel}","templated":true}]}}