{"id":13243,"date":"2020-10-01T19:50:59","date_gmt":"2020-10-02T00:50:59","guid":{"rendered":"https:\/\/defabrica.com.mx\/defabrica\/?post_type=product&#038;p=13243"},"modified":"2023-01-24T13:07:25","modified_gmt":"2023-01-24T19:07:25","slug":"portatil-hp-probook-450-g7-de-156-intel-core-i7-8-gb-de-ram-ssd-de-256-gb-graficos-intel-uhd-620-windows-10-pro-pike-silver","status":"publish","type":"product","link":"https:\/\/defabrica.com.mx\/defabrica\/producto\/portatil-hp-probook-450-g7-de-156-intel-core-i7-8-gb-de-ram-ssd-de-256-gb-graficos-intel-uhd-620-windows-10-pro-pike-silver\/","title":{"rendered":"Port\u00e1til HP ProBook 450 G7 de 15,6 \u00ab- Intel Core i7 &#8211; 8 GB de RAM &#8211; SSD de 256 GB &#8211; Gr\u00e1ficos Intel UHD 620 &#8211; Windows 10 Pro &#8211; Pike Silver"},"content":{"rendered":"<p>Con todas las funciones, delgado y liviano, el confiable HP ProBook 450 ofrece caracter\u00edsticas comerciales esenciales a un precio asequible para todas las empresas.\u00a0Las soluciones de seguridad autom\u00e1tica, el potente rendimiento y la bater\u00eda de larga duraci\u00f3n ayudan a mantener la productividad de su empresa.\u00a0Ideal para profesionales en entornos corporativos o peque\u00f1as y medianas empresas que desean una combinaci\u00f3n asequible de innovaci\u00f3n, seguridad esencial y capacidades multimedia Windows 10 u otros sistemas operativos disponibles Listo para satisfacer las demandas de su d\u00eda Equipado con el \u00faltimo procesador Intel\u00ae de d\u00e9cima generaci\u00f3n, largo duraci\u00f3n de la bater\u00eda y conectividad r\u00e1pida, la computadora port\u00e1til HP ProBook 450 multitarea est\u00e1 lista para ayudarlo a superar su d\u00eda de trabajo con fechas l\u00edmite.\u00a0Protecci\u00f3n de seguridad de varias capas Su negocio en crecimiento requiere la protecci\u00f3n de una PC con funciones de seguridad de nivel comercial.\u00a0El HP ProBook 450 est\u00e1 mejorado con caracter\u00edsticas de seguridad y privacidad desde el BIOS hacia arriba.<\/p>\n<h3><strong>Caracter\u00edsticas<\/strong><\/h3>\n<p><strong>El procesador Intel Core i7 de 1.80 GHz proporciona una velocidad ultrarr\u00e1pida y un rendimiento m\u00e1ximo para las tareas y los juegos m\u00e1s dif\u00edciles<\/strong><\/p>\n<p><strong>La memoria DDR4 SDRAM de 8 GB est\u00e1 lista para ejecutar programas potentes con multitarea eficiente<\/strong><\/p>\n<p><strong>La pantalla de 15,6 \u00abcon resoluci\u00f3n de 1920 x 1080 muestra pel\u00edculas, juegos y fotos con una claridad impresionante<\/strong><\/p>\n<p><strong>El tiempo de funcionamiento de la bater\u00eda de 13.50 horas lo ayuda a permanecer desconectado y a trabajar m\u00e1s tiempo sin parar<\/strong><\/p>\n<p><strong>Generaci\u00f3n de procesador<\/strong>: 10.a generaci\u00f3n<\/p>\n<p><strong>Modelo del procesador<\/strong>: i7-10510U<\/p>\n<p><strong>Velocidad del procesador<\/strong>: 1,80 GHz<\/p>\n<p><strong>Memoria est\u00e1ndar<\/strong>: 8 GB<\/p>\n<p><strong>Listo para memoria Intel Optane<\/strong>: S\u00ed<\/p>\n<p><strong>Capacidad total de la unidad de estado s\u00f3lido<\/strong>: 256 GB<\/p>\n<p><strong>Accesibilidad a la memoria gr\u00e1fica<\/strong>: compartida<\/p>\n<p><strong>C\u00e1mara frontal \/ Webcam<\/strong>: S\u00ed<\/p>\n<p><strong>Localizaci\u00f3n del teclado<\/strong>: ingl\u00e9s<\/p>\n<p><strong>N\u00famero de bater\u00edas<\/strong>: 1<\/p>\n<p><strong>N\u00famero de celdas<\/strong>: 3 celdas<\/p>\n<p>&nbsp;<\/p>\n","protected":false},"excerpt":{"rendered":"<p>Con todas las funciones, delgado y liviano, el confiable HP ProBook 450 ofrece caracter\u00edsticas comerciales esenciales a un precio asequible para todas las empresas.\u00a0Las soluciones de seguridad autom\u00e1tica, el potente<\/p>\n","protected":false},"featured_media":13244,"comment_status":"open","ping_status":"closed","template":"","meta":{"_acf_changed":false,"_joinchat":[]},"product_brand":[],"product_cat":[240,241,277,280,432],"product_tag":[],"class_list":{"0":"post-13243","1":"product","2":"type-product","3":"status-publish","4":"has-post-thumbnail","6":"product_cat-computadoras","7":"product_cat-laptops","8":"product_cat-zona-gamer","9":"product_cat-pc-gaming","10":"product_cat-laptops-gamer","12":"first","13":"instock","14":"sale","15":"shipping-taxable","16":"purchasable","17":"product-type-simple"},"acf":[],"_links":{"self":[{"href":"https:\/\/defabrica.com.mx\/defabrica\/wp-json\/wp\/v2\/product\/13243","targetHints":{"allow":["GET"]}}],"collection":[{"href":"https:\/\/defabrica.com.mx\/defabrica\/wp-json\/wp\/v2\/product"}],"about":[{"href":"https:\/\/defabrica.com.mx\/defabrica\/wp-json\/wp\/v2\/types\/product"}],"replies":[{"embeddable":true,"href":"https:\/\/defabrica.com.mx\/defabrica\/wp-json\/wp\/v2\/comments?post=13243"}],"wp:featuredmedia":[{"embeddable":true,"href":"https:\/\/defabrica.com.mx\/defabrica\/wp-json\/wp\/v2\/media\/13244"}],"wp:attachment":[{"href":"https:\/\/defabrica.com.mx\/defabrica\/wp-json\/wp\/v2\/media?parent=13243"}],"wp:term":[{"taxonomy":"product_brand","embeddable":true,"href":"https:\/\/defabrica.com.mx\/defabrica\/wp-json\/wp\/v2\/product_brand?post=13243"},{"taxonomy":"product_cat","embeddable":true,"href":"https:\/\/defabrica.com.mx\/defabrica\/wp-json\/wp\/v2\/product_cat?post=13243"},{"taxonomy":"product_tag","embeddable":true,"href":"https:\/\/defabrica.com.mx\/defabrica\/wp-json\/wp\/v2\/product_tag?post=13243"}],"curies":[{"name":"wp","href":"https:\/\/api.w.org\/{rel}","templated":true}]}}