{"id":13235,"date":"2020-10-01T19:42:57","date_gmt":"2020-10-02T00:42:57","guid":{"rendered":"https:\/\/defabrica.com.mx\/defabrica\/?post_type=product&#038;p=13235"},"modified":"2023-01-24T13:06:19","modified_gmt":"2023-01-24T19:06:19","slug":"evoo-laptop-para-juegos-15-fhd-144hz-display-thx-spatial-audio-tuned-by-thx-display-9th-gen-intel-i7-9750h-nvidia-gtx-1660ti-512gb-ssd-16gb-memory-windows-10-home-negro","status":"publish","type":"product","link":"https:\/\/defabrica.com.mx\/defabrica\/producto\/evoo-laptop-para-juegos-15-fhd-144hz-display-thx-spatial-audio-tuned-by-thx-display-9th-gen-intel-i7-9750h-nvidia-gtx-1660ti-512gb-ssd-16gb-memory-windows-10-home-negro\/","title":{"rendered":"EVOO Laptop para juegos 15 \u00abFHD 144Hz Display, THX Spatial Audio, Tuned by THX Display, 9th Gen Intel i7-9750H, Nvidia GTX 1660Ti, 512GB SSD, 16GB Memory, Windows 10 Home, Negro"},"content":{"rendered":"<p>Lleve el rendimiento a otro nivel con la computadora port\u00e1til para juegos EVOO.\u00a0Cuenta con la misma pantalla de 144 Hz que la computadora port\u00e1til para juegos EVOO, pero acelera las cosas con una CPU Intel i7 de novena generaci\u00f3n para un procesamiento a\u00fan m\u00e1s r\u00e1pido.\u00a0Adem\u00e1s, 16 GB de RAM hacen que la computadora port\u00e1til para juegos EVOO sea una verdadera fuente de memoria.\u00a0Tambi\u00e9n sube la apuesta en gr\u00e1ficos con la GPU NVIDIA GeForce GTX 1660Ti.\u00a0Un SSD de 512 GB lleva el almacenamiento a un nivel superior para acelerar los tiempos de carga.\u00a0Este art\u00edculo fue fabricado en 2019<\/p>\n<h3><strong>Caracter\u00edsticas<\/strong><\/h3>\n<ul>\n<li><strong>Laptop para juegos<\/strong><\/li>\n<li><strong>15,6 \u00abFHD 144Hz<\/strong><\/li>\n<li><strong>Audio espacial THX<\/strong><\/li>\n<li><strong>Sintonizado por THX Display<\/strong><\/li>\n<li><strong>Intel i7-9750H de 9.a generaci\u00f3n<\/strong><\/li>\n<li><strong>Nvidia GTX 1660Ti<\/strong><\/li>\n<li><strong>SSD de 512 GB<\/strong><\/li>\n<li><strong>16GB de memoria<\/strong><\/li>\n<li><strong>Inicio de Windows 10<\/strong><\/li>\n<li><strong>Negro<\/strong><\/li>\n<\/ul>\n","protected":false},"excerpt":{"rendered":"<p>Lleve el rendimiento a otro nivel con la computadora port\u00e1til para juegos EVOO.\u00a0Cuenta con la misma pantalla de 144 Hz que la computadora port\u00e1til para juegos EVOO, pero acelera las<\/p>\n","protected":false},"featured_media":13236,"comment_status":"open","ping_status":"closed","template":"","meta":{"_acf_changed":false,"_joinchat":[]},"product_brand":[],"product_cat":[240,241,277,280,432],"product_tag":[],"class_list":{"0":"post-13235","1":"product","2":"type-product","3":"status-publish","4":"has-post-thumbnail","6":"product_cat-computadoras","7":"product_cat-laptops","8":"product_cat-zona-gamer","9":"product_cat-pc-gaming","10":"product_cat-laptops-gamer","12":"first","13":"instock","14":"sale","15":"shipping-taxable","16":"purchasable","17":"product-type-simple"},"acf":[],"_links":{"self":[{"href":"https:\/\/defabrica.com.mx\/defabrica\/wp-json\/wp\/v2\/product\/13235","targetHints":{"allow":["GET"]}}],"collection":[{"href":"https:\/\/defabrica.com.mx\/defabrica\/wp-json\/wp\/v2\/product"}],"about":[{"href":"https:\/\/defabrica.com.mx\/defabrica\/wp-json\/wp\/v2\/types\/product"}],"replies":[{"embeddable":true,"href":"https:\/\/defabrica.com.mx\/defabrica\/wp-json\/wp\/v2\/comments?post=13235"}],"wp:featuredmedia":[{"embeddable":true,"href":"https:\/\/defabrica.com.mx\/defabrica\/wp-json\/wp\/v2\/media\/13236"}],"wp:attachment":[{"href":"https:\/\/defabrica.com.mx\/defabrica\/wp-json\/wp\/v2\/media?parent=13235"}],"wp:term":[{"taxonomy":"product_brand","embeddable":true,"href":"https:\/\/defabrica.com.mx\/defabrica\/wp-json\/wp\/v2\/product_brand?post=13235"},{"taxonomy":"product_cat","embeddable":true,"href":"https:\/\/defabrica.com.mx\/defabrica\/wp-json\/wp\/v2\/product_cat?post=13235"},{"taxonomy":"product_tag","embeddable":true,"href":"https:\/\/defabrica.com.mx\/defabrica\/wp-json\/wp\/v2\/product_tag?post=13235"}],"curies":[{"name":"wp","href":"https:\/\/api.w.org\/{rel}","templated":true}]}}