{"id":13221,"date":"2020-10-01T19:29:46","date_gmt":"2020-10-02T00:29:46","guid":{"rendered":"https:\/\/defabrica.com.mx\/defabrica\/?post_type=product&#038;p=13221"},"modified":"2023-01-24T13:05:23","modified_gmt":"2023-01-24T19:05:23","slug":"acer-nitro-5-pantalla-ips-full-hd-de-156-a-144-hz-intel-core-i5-nvidia-rtx-2060-ddr4-de-16-gb-ssd-de-256-gb-hdd-de-1-tb-an515-54-56ml","status":"publish","type":"product","link":"https:\/\/defabrica.com.mx\/defabrica\/producto\/acer-nitro-5-pantalla-ips-full-hd-de-156-a-144-hz-intel-core-i5-nvidia-rtx-2060-ddr4-de-16-gb-ssd-de-256-gb-hdd-de-1-tb-an515-54-56ml\/","title":{"rendered":"Acer Nitro 5 Pantalla IPS Full HD de 15,6 \u00aba 144 Hz, Intel Core i5, NVIDIA RTX 2060, DDR4 de 16 GB, SSD de 256 GB + HDD de 1 TB, AN515-54-56ML"},"content":{"rendered":"<p>Vuela a nuevas alturas de juego, en cualquier momento y en cualquier lugar, con el Nitro 5. Esta m\u00e1quina ultramoderna seguramente llamar\u00e1 tu atenci\u00f3n con su elegante dise\u00f1o m\u00f3vil.<\/p>\n<h3><strong>Caracter\u00edsticas<\/strong><\/h3>\n<ul>\n<li><strong>Juego de azar<\/strong><\/li>\n<li><strong>Nitro<\/strong><\/li>\n<li><strong>RTX<\/strong><\/li>\n<li><strong>2060<\/strong><\/li>\n<li><strong>RTX2060<\/strong><\/li>\n<li><strong>144 Hz<\/strong><\/li>\n<\/ul>\n<p>&nbsp;<\/p>\n","protected":false},"excerpt":{"rendered":"<p>Vuela a nuevas alturas de juego, en cualquier momento y en cualquier lugar, con el Nitro 5. Esta m\u00e1quina ultramoderna seguramente llamar\u00e1 tu atenci\u00f3n con su elegante dise\u00f1o m\u00f3vil. Caracter\u00edsticas<\/p>\n","protected":false},"featured_media":13223,"comment_status":"open","ping_status":"closed","template":"","meta":{"_acf_changed":false,"_joinchat":[]},"product_brand":[],"product_cat":[240,241,277,280,432],"product_tag":[],"class_list":{"0":"post-13221","1":"product","2":"type-product","3":"status-publish","4":"has-post-thumbnail","6":"product_cat-computadoras","7":"product_cat-laptops","8":"product_cat-zona-gamer","9":"product_cat-pc-gaming","10":"product_cat-laptops-gamer","12":"first","13":"instock","14":"sale","15":"shipping-taxable","16":"purchasable","17":"product-type-simple"},"acf":[],"_links":{"self":[{"href":"https:\/\/defabrica.com.mx\/defabrica\/wp-json\/wp\/v2\/product\/13221","targetHints":{"allow":["GET"]}}],"collection":[{"href":"https:\/\/defabrica.com.mx\/defabrica\/wp-json\/wp\/v2\/product"}],"about":[{"href":"https:\/\/defabrica.com.mx\/defabrica\/wp-json\/wp\/v2\/types\/product"}],"replies":[{"embeddable":true,"href":"https:\/\/defabrica.com.mx\/defabrica\/wp-json\/wp\/v2\/comments?post=13221"}],"wp:featuredmedia":[{"embeddable":true,"href":"https:\/\/defabrica.com.mx\/defabrica\/wp-json\/wp\/v2\/media\/13223"}],"wp:attachment":[{"href":"https:\/\/defabrica.com.mx\/defabrica\/wp-json\/wp\/v2\/media?parent=13221"}],"wp:term":[{"taxonomy":"product_brand","embeddable":true,"href":"https:\/\/defabrica.com.mx\/defabrica\/wp-json\/wp\/v2\/product_brand?post=13221"},{"taxonomy":"product_cat","embeddable":true,"href":"https:\/\/defabrica.com.mx\/defabrica\/wp-json\/wp\/v2\/product_cat?post=13221"},{"taxonomy":"product_tag","embeddable":true,"href":"https:\/\/defabrica.com.mx\/defabrica\/wp-json\/wp\/v2\/product_tag?post=13221"}],"curies":[{"name":"wp","href":"https:\/\/api.w.org\/{rel}","templated":true}]}}