{"id":13121,"date":"2020-10-01T18:07:03","date_gmt":"2020-10-01T23:07:03","guid":{"rendered":"https:\/\/defabrica.com.mx\/defabrica\/?post_type=product&#038;p=13121"},"modified":"2023-01-24T13:03:17","modified_gmt":"2023-01-24T19:03:17","slug":"hp-envy-15-6-fhd-x360-intel-core-i5-10210u-8gb-sdram-256gb-ssd-plata-natural-windows-10-15-dr1070wm-compatible-con-google-classroom","status":"publish","type":"product","link":"https:\/\/defabrica.com.mx\/defabrica\/producto\/hp-envy-15-6-fhd-x360-intel-core-i5-10210u-8gb-sdram-256gb-ssd-plata-natural-windows-10-15-dr1070wm-compatible-con-google-classroom\/","title":{"rendered":"HP Envy 15.6 \u00abFHD X360, Intel Core i5-10210U, 8GB SDRAM, 256GB SSD, plata natural, Windows 10, 15-dr1070wm (compatible con Google Classroom)"},"content":{"rendered":"<p>Obtener la apariencia.\u00a0Haga m\u00e1s con un procesador Intel Core.\u00a0M\u00e1s potencia, m\u00e1s seguridad y m\u00e1s formas de hacerlo todo.\u00a0Con la potencia, la versatilidad y el conjunto de funciones de seguridad de vanguardia que desea, mant\u00e9ngase productivo y protegido como nunca antes.\u00a0Descripci\u00f3n del producto.\u00a0Este art\u00edculo fue fabricado en 2020.<\/p>\n<h3><strong>Caracter\u00edsticas<\/strong><\/h3>\n<div class=\"about-desc about-product-description xs-margin-top\">\n<p><strong>Sistema operativo<\/strong>: Windows 10 Home<\/p>\n<p><strong>Procesador<\/strong>: Intel\u00ae Core i5-10210U de d\u00e9cima generaci\u00f3n<\/p>\n<p><strong>Pantalla<\/strong>: cristal de borde a borde FHD IPS de microborde con retroiluminaci\u00f3n WLED de 15,6 pulgadas en diagonal y habilitado para multit\u00e1ctiles<\/p>\n<p><strong>Memoria<\/strong>: SDRAM DDR4-2666 de 8 GB (1 x 8 GB)<\/p>\n<p><strong>Almacenamiento<\/strong> <strong>interno<\/strong>: SSD\u00a0 M.2 de 256 GB<\/p>\n<p><strong>Gr\u00e1ficos<\/strong>: Gr\u00e1ficos Intel\u00ae UHD<\/p>\n<p><strong>Sonido<\/strong>: Audio de Bang &amp; Olufsen con dos altavoces<\/p>\n<p><strong>Duraci\u00f3n de la bater\u00eda:<\/strong><\/p>\n<p>Hasta 9 horas y 15 minutos (uso mixto)<\/p>\n<p>Hasta 12 horas y 30 minutos (reproducci\u00f3n de video)<\/p>\n<p>Hasta 10 horas y 30 minutos (transmisi\u00f3n inal\u00e1mbrica)<\/p>\n<p><strong>Inal\u00e1mbrico<\/strong>: combinaci\u00f3n de Intel\u00ae Wi-Fi 6 AX 201 (2&#215;2) y Bluetooth\u00ae 5 (compatible con velocidades de transferencia de archivos Gigabit)<\/p>\n<p><strong>C\u00e1mara<\/strong>: C\u00e1mara HD HP Wide Vision con micr\u00f3fono digital de matriz dual integrado<\/p>\n<p><strong>Peso del producto<\/strong>: 4,53 libras<\/p>\n<p><strong>Teclado<\/strong>: teclado de tama\u00f1o completo, estilo isla, retroiluminado, plateado natural con teclado num\u00e9rico<\/p>\n<p><strong>Este art\u00edculo fue fabricado en 2020<\/strong><\/p>\n<ul>\n<li><b>Compatible con Google Classroom<\/b><\/li>\n<\/ul>\n<\/div>\n<div class=\"product-specifications\"><\/div>\n<p>&nbsp;<\/p>\n","protected":false},"excerpt":{"rendered":"<p>Obtener la apariencia.\u00a0Haga m\u00e1s con un procesador Intel Core.\u00a0M\u00e1s potencia, m\u00e1s seguridad y m\u00e1s formas de hacerlo todo.\u00a0Con la potencia, la versatilidad y el conjunto de funciones de seguridad de<\/p>\n","protected":false},"featured_media":65795,"comment_status":"open","ping_status":"closed","template":"","meta":{"_acf_changed":false,"_joinchat":[]},"product_brand":[],"product_cat":[240,241,242],"product_tag":[],"class_list":{"0":"post-13121","1":"product","2":"type-product","3":"status-publish","4":"has-post-thumbnail","6":"product_cat-computadoras","7":"product_cat-laptops","8":"product_cat-2-en-1","10":"first","11":"instock","12":"sale","13":"shipping-taxable","14":"purchasable","15":"product-type-simple"},"acf":[],"_links":{"self":[{"href":"https:\/\/defabrica.com.mx\/defabrica\/wp-json\/wp\/v2\/product\/13121","targetHints":{"allow":["GET"]}}],"collection":[{"href":"https:\/\/defabrica.com.mx\/defabrica\/wp-json\/wp\/v2\/product"}],"about":[{"href":"https:\/\/defabrica.com.mx\/defabrica\/wp-json\/wp\/v2\/types\/product"}],"replies":[{"embeddable":true,"href":"https:\/\/defabrica.com.mx\/defabrica\/wp-json\/wp\/v2\/comments?post=13121"}],"wp:featuredmedia":[{"embeddable":true,"href":"https:\/\/defabrica.com.mx\/defabrica\/wp-json\/wp\/v2\/media\/65795"}],"wp:attachment":[{"href":"https:\/\/defabrica.com.mx\/defabrica\/wp-json\/wp\/v2\/media?parent=13121"}],"wp:term":[{"taxonomy":"product_brand","embeddable":true,"href":"https:\/\/defabrica.com.mx\/defabrica\/wp-json\/wp\/v2\/product_brand?post=13121"},{"taxonomy":"product_cat","embeddable":true,"href":"https:\/\/defabrica.com.mx\/defabrica\/wp-json\/wp\/v2\/product_cat?post=13121"},{"taxonomy":"product_tag","embeddable":true,"href":"https:\/\/defabrica.com.mx\/defabrica\/wp-json\/wp\/v2\/product_tag?post=13121"}],"curies":[{"name":"wp","href":"https:\/\/api.w.org\/{rel}","templated":true}]}}