{"id":12989,"date":"2020-10-01T10:07:58","date_gmt":"2020-10-01T15:07:58","guid":{"rendered":"https:\/\/defabrica.com.mx\/defabrica\/?post_type=product&#038;p=12989"},"modified":"2023-01-24T13:00:58","modified_gmt":"2023-01-24T19:00:58","slug":"lenovo-ideapad-3-portatil-de-156-procesador-intel-core-i3-1005g1-de-doble-nucleo-4-gb-de-memoria-unidad-de-estado-solido-de-128-gb-windows-10s-almond-81we0016us-2","status":"publish","type":"product","link":"https:\/\/defabrica.com.mx\/defabrica\/producto\/lenovo-ideapad-3-portatil-de-156-procesador-intel-core-i3-1005g1-de-doble-nucleo-4-gb-de-memoria-unidad-de-estado-solido-de-128-gb-windows-10s-almond-81we0016us-2\/","title":{"rendered":"Lenovo IdeaPad 3 port\u00e1til de 15,6 \u00ab, procesador Intel Core i3-1005G1 de doble n\u00facleo, 4 GB de memoria, unidad de estado s\u00f3lido de 128 GB, Windows 10S &#8211; Almond &#8211; 81WE0016US"},"content":{"rendered":"<p>Dise\u00f1ado para un rendimiento duradero, Lenovo IdeaPad 3 ofrece un rendimiento potente en una computadora port\u00e1til que es perfecta para sus tareas diarias, con funciones en las que puede confiar.\u00a0Modelo 2020<\/p>\n<h3><strong>Caracter\u00edsticas<\/strong><\/h3>\n<p><strong>Sistema operativo<\/strong>: Windows 10 en modo S<\/p>\n<p><strong>Procesador<\/strong>: procesador Intel Core i3-1005G1 de doble n\u00facleo de d\u00e9cima generaci\u00f3n<\/p>\n<p><strong>Pantalla<\/strong>: Pantalla antirreflejo con retroiluminaci\u00f3n LED HD de 15,6 \u00bb<\/p>\n<p><strong>Memoria<\/strong>: 4 GB DDR4 2666 MHz RAM integrada<\/p>\n<p><strong>Almacenamiento<\/strong> <strong>interno<\/strong>: 128 GB 2242 NVMe TLC SSD Storage<\/p>\n<p><strong>Gr\u00e1ficos<\/strong>: Gr\u00e1ficos Intel UHD integrados<\/p>\n<p><strong>Unidad<\/strong> <strong>\u00f3ptica<\/strong>: ninguna<\/p>\n<p><strong>Duraci\u00f3n<\/strong> <strong>de la bater\u00eda<\/strong>: hasta 7,5 horas<\/p>\n<p><strong>Audio<\/strong>: 2 altavoces de 1,5 W con Dolby Audio<\/p>\n<p><strong>Inal\u00e1mbrico<\/strong>: 2 x 2 802.11AC Wi-Fi y Bluetooth Combo<\/p>\n<p><strong>Webcam<\/strong>: c\u00e1mara de 0.3MP con obturador de privacidad y micr\u00f3fonos de doble matriz<\/p>\n<p><strong>Peso<\/strong> <strong>del<\/strong> <strong>producto<\/strong>: 4.07 libras<\/p>\n<p><strong>Color<\/strong>: Almendra<\/p>\n<ul>\n<li><b>Compatible con Google Classroom<\/b><\/li>\n<\/ul>\n<p>&nbsp;<\/p>\n","protected":false},"excerpt":{"rendered":"<p>Dise\u00f1ado para un rendimiento duradero, Lenovo IdeaPad 3 ofrece un rendimiento potente en una computadora port\u00e1til que es perfecta para sus tareas diarias, con funciones en las que puede confiar.\u00a0Modelo<\/p>\n","protected":false},"featured_media":65658,"comment_status":"open","ping_status":"closed","template":"","meta":{"_acf_changed":false,"_joinchat":[]},"product_brand":[],"product_cat":[240,241],"product_tag":[],"class_list":{"0":"post-12989","1":"product","2":"type-product","3":"status-publish","4":"has-post-thumbnail","6":"product_cat-computadoras","7":"product_cat-laptops","9":"first","10":"instock","11":"sale","12":"shipping-taxable","13":"purchasable","14":"product-type-simple"},"acf":[],"_links":{"self":[{"href":"https:\/\/defabrica.com.mx\/defabrica\/wp-json\/wp\/v2\/product\/12989","targetHints":{"allow":["GET"]}}],"collection":[{"href":"https:\/\/defabrica.com.mx\/defabrica\/wp-json\/wp\/v2\/product"}],"about":[{"href":"https:\/\/defabrica.com.mx\/defabrica\/wp-json\/wp\/v2\/types\/product"}],"replies":[{"embeddable":true,"href":"https:\/\/defabrica.com.mx\/defabrica\/wp-json\/wp\/v2\/comments?post=12989"}],"wp:featuredmedia":[{"embeddable":true,"href":"https:\/\/defabrica.com.mx\/defabrica\/wp-json\/wp\/v2\/media\/65658"}],"wp:attachment":[{"href":"https:\/\/defabrica.com.mx\/defabrica\/wp-json\/wp\/v2\/media?parent=12989"}],"wp:term":[{"taxonomy":"product_brand","embeddable":true,"href":"https:\/\/defabrica.com.mx\/defabrica\/wp-json\/wp\/v2\/product_brand?post=12989"},{"taxonomy":"product_cat","embeddable":true,"href":"https:\/\/defabrica.com.mx\/defabrica\/wp-json\/wp\/v2\/product_cat?post=12989"},{"taxonomy":"product_tag","embeddable":true,"href":"https:\/\/defabrica.com.mx\/defabrica\/wp-json\/wp\/v2\/product_tag?post=12989"}],"curies":[{"name":"wp","href":"https:\/\/api.w.org\/{rel}","templated":true}]}}